{"id":119,"date":"2019-06-28T12:53:20","date_gmt":"2019-06-28T10:53:20","guid":{"rendered":"https:\/\/wordpress.nibis.de\/gsvisbek\/?page_id=119"},"modified":"2024-11-20T09:29:18","modified_gmt":"2024-11-20T08:29:18","slug":"foerderverein","status":"publish","type":"page","link":"https:\/\/wordpress.nibis.de\/gsvisbek\/foerderverein\/","title":{"rendered":"F\u00f6rderverein"},"content":{"rendered":"\n<figure>\n<p>Der F\u00f6rderverein unserer Schule unterst\u00fctzt und f\u00f6rdert seit Jahren verantwortungsvoll und tatkr\u00e4ftig tolle Aktionen f\u00fcr unsere Schulkinder, die den &#8222;normalen&#8220; Schulalltag aufwerten!\u00a0<\/p>\n<p>Informationen zur Arbeit und Unterst\u00fctzung finden Sie auf der <a href=\"http:\/\/www.foerderverein-gerbertschule.de\">Homepage<\/a>.<\/p>\n<p>Hier der aktuelle Vorstand<\/p>\n<\/figure>\n\n\n\n<figure class=\"wp-block-image size-full\"><img loading=\"lazy\" decoding=\"async\" width=\"923\" height=\"520\" src=\"https:\/\/wordpress.nibis.de\/gsvisbek\/files\/2024\/11\/2024-10-25-Vorstand-neu1.jpg\" alt=\"\" class=\"wp-image-3012\" srcset=\"https:\/\/wordpress.nibis.de\/gsvisbek\/files\/2024\/11\/2024-10-25-Vorstand-neu1.jpg 923w, https:\/\/wordpress.nibis.de\/gsvisbek\/files\/2024\/11\/2024-10-25-Vorstand-neu1-850x478.jpg 850w, https:\/\/wordpress.nibis.de\/gsvisbek\/files\/2024\/11\/2024-10-25-Vorstand-neu1-250x141.jpg 250w, https:\/\/wordpress.nibis.de\/gsvisbek\/files\/2024\/11\/2024-10-25-Vorstand-neu1-768x433.jpg 768w, https:\/\/wordpress.nibis.de\/gsvisbek\/files\/2024\/11\/2024-10-25-Vorstand-neu1-479x270.jpg 479w\" sizes=\"auto, (max-width: 923px) 100vw, 923px\" \/><\/figure>\n","protected":false},"excerpt":{"rendered":"<p>Der F\u00f6rderverein unserer Schule unterst\u00fctzt und f\u00f6rdert seit Jahren verantwortungsvoll und tatkr\u00e4ftig tolle Aktionen f\u00fcr unsere Schulkinder, die den &#8222;normalen&#8220; Schulalltag aufwerten!\u00a0 Informationen zur Arbeit und Unterst\u00fctzung finden Sie auf der Homepage. Hier der aktuelle Vorstand<\/p>\n","protected":false},"author":9193181,"featured_media":0,"parent":0,"menu_order":0,"comment_status":"closed","ping_status":"closed","template":"","meta":{"footnotes":""},"class_list":["post-119","page","type-page","status-publish","hentry"],"_links":{"self":[{"href":"https:\/\/wordpress.nibis.de\/gsvisbek\/wp-json\/wp\/v2\/pages\/119","targetHints":{"allow":["GET"]}}],"collection":[{"href":"https:\/\/wordpress.nibis.de\/gsvisbek\/wp-json\/wp\/v2\/pages"}],"about":[{"href":"https:\/\/wordpress.nibis.de\/gsvisbek\/wp-json\/wp\/v2\/types\/page"}],"author":[{"embeddable":true,"href":"https:\/\/wordpress.nibis.de\/gsvisbek\/wp-json\/wp\/v2\/users\/9193181"}],"replies":[{"embeddable":true,"href":"https:\/\/wordpress.nibis.de\/gsvisbek\/wp-json\/wp\/v2\/comments?post=119"}],"version-history":[{"count":6,"href":"https:\/\/wordpress.nibis.de\/gsvisbek\/wp-json\/wp\/v2\/pages\/119\/revisions"}],"predecessor-version":[{"id":3013,"href":"https:\/\/wordpress.nibis.de\/gsvisbek\/wp-json\/wp\/v2\/pages\/119\/revisions\/3013"}],"wp:attachment":[{"href":"https:\/\/wordpress.nibis.de\/gsvisbek\/wp-json\/wp\/v2\/media?parent=119"}],"curies":[{"name":"wp","href":"https:\/\/api.w.org\/{rel}","templated":true}]}}