{"id":1720,"date":"2021-09-13T18:23:36","date_gmt":"2021-09-13T16:23:36","guid":{"rendered":"https:\/\/wordpress.nibis.de\/gsvisbek\/?page_id=1720"},"modified":"2021-09-24T08:24:15","modified_gmt":"2021-09-24T06:24:15","slug":"einfuehrung-iserv","status":"publish","type":"page","link":"https:\/\/wordpress.nibis.de\/gsvisbek\/einfuehrung-iserv\/","title":{"rendered":"Einf\u00fchrung iServ"},"content":{"rendered":"\n<p>An dieser Stelle folgt die auf den Elternabenden gezeigte Powerpoint-Pr\u00e4sentation f\u00fcr die iServ Ersteinf\u00fchrung, aufgeteilt in die einzelnen Themen. Nutzername und Passwort erhalten Sie f\u00fcr ihre Kinder \u00fcber ihre Klassenlehrkraft.\u00a0<\/p>\n<p>iServ ist ein Schulserver, der die Gerbertschule digitalisiert und es Ihnen erm\u00f6glicht, auf sicherem Wege Mails zwischen Sch\u00fclerInnen und Lehrkr\u00e4ften auszutauschen. Au\u00dferdem kann auf iServ der schulinterne Kalender eingesehen werden.<\/p>\n<p><a href=\"https:\/\/wordpress.nibis.de\/gsvisbek\/files\/2021\/09\/iServ-Ersteinfuehrung-Login.pdf\">iServ Ersteinf\u00fchrung Login<\/a><\/p>\n<p><a href=\"https:\/\/wordpress.nibis.de\/gsvisbek\/files\/2021\/09\/iServ-Ersteinfuehrung-Login-App.pdf\">iServ Ersteinf\u00fchrung Login App<\/a><\/p>\n<p><a href=\"https:\/\/wordpress.nibis.de\/gsvisbek\/files\/2021\/09\/iServ-Ersteinfuehrung-Kalender-nutzen.pdf\">iServ Ersteinf\u00fchrung Kalender nutzen<\/a><\/p>\n<p><a href=\"https:\/\/wordpress.nibis.de\/gsvisbek\/files\/2021\/09\/iServ-Ersteinfuehrung-Mail-schreiben.pdf\">iServ Ersteinf\u00fchrung Mail schreiben<\/a><\/p>\n<p><a href=\"https:\/\/wordpress.nibis.de\/gsvisbek\/files\/2021\/09\/iServ-Passwort-vergessen.pdf\">iServ Passwort vergessen?<\/a><\/p>\n\n\n\n<p><\/p>\n","protected":false},"excerpt":{"rendered":"<p>An dieser Stelle folgt die auf den Elternabenden gezeigte Powerpoint-Pr\u00e4sentation f\u00fcr die iServ Ersteinf\u00fchrung, aufgeteilt in die einzelnen Themen. Nutzername und Passwort erhalten Sie f\u00fcr ihre Kinder \u00fcber ihre Klassenlehrkraft.\u00a0 iServ ist ein Schulserver, der die Gerbertschule digitalisiert und es Ihnen erm\u00f6glicht, auf sicherem Wege Mails zwischen Sch\u00fclerInnen und Lehrkr\u00e4ften auszutauschen. Au\u00dferdem kann auf iServ der schulinterne Kalender eingesehen werden. iServ Ersteinf\u00fchrung Login iServ Ersteinf\u00fchrung Login App iServ Ersteinf\u00fchrung Kalender nutzen iServ Ersteinf\u00fchrung Mail schreiben iServ Passwort vergessen?<\/p>\n","protected":false},"author":9193181,"featured_media":0,"parent":0,"menu_order":0,"comment_status":"closed","ping_status":"closed","template":"","meta":{"footnotes":""},"class_list":["post-1720","page","type-page","status-publish","hentry"],"_links":{"self":[{"href":"https:\/\/wordpress.nibis.de\/gsvisbek\/wp-json\/wp\/v2\/pages\/1720","targetHints":{"allow":["GET"]}}],"collection":[{"href":"https:\/\/wordpress.nibis.de\/gsvisbek\/wp-json\/wp\/v2\/pages"}],"about":[{"href":"https:\/\/wordpress.nibis.de\/gsvisbek\/wp-json\/wp\/v2\/types\/page"}],"author":[{"embeddable":true,"href":"https:\/\/wordpress.nibis.de\/gsvisbek\/wp-json\/wp\/v2\/users\/9193181"}],"replies":[{"embeddable":true,"href":"https:\/\/wordpress.nibis.de\/gsvisbek\/wp-json\/wp\/v2\/comments?post=1720"}],"version-history":[{"count":3,"href":"https:\/\/wordpress.nibis.de\/gsvisbek\/wp-json\/wp\/v2\/pages\/1720\/revisions"}],"predecessor-version":[{"id":1759,"href":"https:\/\/wordpress.nibis.de\/gsvisbek\/wp-json\/wp\/v2\/pages\/1720\/revisions\/1759"}],"wp:attachment":[{"href":"https:\/\/wordpress.nibis.de\/gsvisbek\/wp-json\/wp\/v2\/media?parent=1720"}],"curies":[{"name":"wp","href":"https:\/\/api.w.org\/{rel}","templated":true}]}}