{"id":18,"date":"2019-06-27T14:46:28","date_gmt":"2019-06-27T12:46:28","guid":{"rendered":"https:\/\/wordpress.nibis.de\/gsvisbek\/?page_id=18"},"modified":"2019-06-27T14:46:28","modified_gmt":"2019-06-27T12:46:28","slug":"leitbild","status":"publish","type":"page","link":"https:\/\/wordpress.nibis.de\/gsvisbek\/leitbild\/","title":{"rendered":"Leitbild"},"content":{"rendered":"\n<p><b>Unser Leitbild<\/b><img loading=\"lazy\" decoding=\"async\" class=\"wp-image-7 alignnone alignright\" src=\"https:\/\/wordpress.nibis.de\/gsvisbek\/files\/2019\/06\/logo-290x300.jpg\" alt=\"\" width=\"158\" height=\"164\" \/><\/p>\n<p style=\"text-align: left\">In unserer Schule legen wir gro\u00dfen Wert auf ein freundliches und respektvolles Miteinander von Klein und Gro\u00df.<\/p>\n<p style=\"text-align: left\">Freude an der gemeinsamen Arbeit, Toleranz und Wertsch\u00e4tzung \u2013 gepr\u00e4gt vom christlichen Glauben \u2013 schaffen ein positives Wir\u2013Gef\u00fchl.<\/p>\n<p style=\"text-align: left\">Gemeinsam sind wir \u2013 Eltern und Kollegium als Partner \u2013 verantwortlich f\u00fcr die Bildung und Erziehung unserer Kinder.<\/p>\n<p style=\"text-align: left\">Wir geben allen den notwendigen Freiraum und die angemessene Struktur, um sich individuell und gemeinschaftlich entwickeln zu k\u00f6nnen.<\/p>\n<p style=\"text-align: left\">Wir arbeiten t\u00e4glich daf\u00fcr, dass unsere Kinder<\/p>\n<ul>\n<li style=\"text-align: left\">Kenntnisse und F\u00e4higkeiten, aber auch soziale und emotionale Kompetenzen erlangen, damit sie fit und stark durchs Leben gehen.<br \/>\u00a0<\/li>\n<li style=\"text-align: left\">sich in einer vertrauten und anregenden Atmosph\u00e4re zu selbstbewussten, eigenst\u00e4ndigen und konfliktf\u00e4higen Pers\u00f6nlichkeiten entfalten.<br \/>\u00a0<\/li>\n<li style=\"text-align: left\">ihren M\u00f6glichkeiten entsprechend optimal gef\u00f6rdert werden.<\/li>\n<\/ul>\n","protected":false},"excerpt":{"rendered":"<p>Unser Leitbild In unserer Schule legen wir gro\u00dfen Wert auf ein freundliches und respektvolles Miteinander von Klein und Gro\u00df. Freude an der gemeinsamen Arbeit, Toleranz und Wertsch\u00e4tzung \u2013 gepr\u00e4gt vom christlichen Glauben \u2013 schaffen ein positives Wir\u2013Gef\u00fchl. Gemeinsam sind wir \u2013 Eltern und Kollegium als Partner \u2013 verantwortlich f\u00fcr die Bildung und Erziehung unserer Kinder. Wir geben allen den notwendigen Freiraum und die angemessene Struktur, um sich individuell und gemeinschaftlich entwickeln zu k\u00f6nnen. Wir arbeiten t\u00e4glich daf\u00fcr, dass unsere Kinder&#8230;<\/p>\n<p class=\"read-more\"><a class=\"btn btn-default\" href=\"https:\/\/wordpress.nibis.de\/gsvisbek\/leitbild\/\">Weiterlesen<span class=\"screen-reader-text\"> Weiterlesen<\/span><\/a><\/p>\n","protected":false},"author":9193181,"featured_media":0,"parent":0,"menu_order":0,"comment_status":"closed","ping_status":"closed","template":"","meta":{"footnotes":""},"class_list":["post-18","page","type-page","status-publish","hentry"],"_links":{"self":[{"href":"https:\/\/wordpress.nibis.de\/gsvisbek\/wp-json\/wp\/v2\/pages\/18","targetHints":{"allow":["GET"]}}],"collection":[{"href":"https:\/\/wordpress.nibis.de\/gsvisbek\/wp-json\/wp\/v2\/pages"}],"about":[{"href":"https:\/\/wordpress.nibis.de\/gsvisbek\/wp-json\/wp\/v2\/types\/page"}],"author":[{"embeddable":true,"href":"https:\/\/wordpress.nibis.de\/gsvisbek\/wp-json\/wp\/v2\/users\/9193181"}],"replies":[{"embeddable":true,"href":"https:\/\/wordpress.nibis.de\/gsvisbek\/wp-json\/wp\/v2\/comments?post=18"}],"version-history":[{"count":6,"href":"https:\/\/wordpress.nibis.de\/gsvisbek\/wp-json\/wp\/v2\/pages\/18\/revisions"}],"predecessor-version":[{"id":27,"href":"https:\/\/wordpress.nibis.de\/gsvisbek\/wp-json\/wp\/v2\/pages\/18\/revisions\/27"}],"wp:attachment":[{"href":"https:\/\/wordpress.nibis.de\/gsvisbek\/wp-json\/wp\/v2\/media?parent=18"}],"curies":[{"name":"wp","href":"https:\/\/api.w.org\/{rel}","templated":true}]}}