{"id":250,"date":"2019-07-02T20:43:34","date_gmt":"2019-07-02T18:43:34","guid":{"rendered":"https:\/\/wordpress.nibis.de\/gsvisbek\/?page_id=250"},"modified":"2025-12-23T14:19:21","modified_gmt":"2025-12-23T13:19:21","slug":"schuelervertretung","status":"publish","type":"page","link":"https:\/\/wordpress.nibis.de\/gsvisbek\/schuelervertretung\/","title":{"rendered":"Sch\u00fclervertretung"},"content":{"rendered":"\n<p>Unser Lehrerkollegium stellte sich vor einiger Zeit die Frage:<\/p>\n<p><b>&nbsp;\u201eL\u00e4sst sich Schule, die von Sch\u00fcler*innen lebt, weiterentwickeln, ohne Sch\u00fcler*innen zu h\u00f6ren?\u201c<\/b><\/p>\n<p>In gewissem Ma\u00dfe schon&#8230; Doch gehen in unserer Schule t\u00e4glich ungef\u00e4hr 300 kleine, kluge K\u00f6pfe ein und aus. In diesen K\u00f6pfen stecken sicherlich viele tolle Vorschl\u00e4ge, die das Lernen und Leben in unserer Schule verbessern k\u00f6nnten.<\/p>\n<p>Aus dieser Idee heraus haben wir einen Sch\u00fclerrat ins Leben gerufen.<\/p>\n<p>Am 13.12.2016 trafen sich die Klassensprecher der 3. und 4. Klassen zu ihrer ersten Sch\u00fclerratssitzung, in der es darum ging sich gegenseitig vorzustellen und Steckbriefe f\u00fcr die neue Sch\u00fclerratswand in der Pausenhalle zu gestalten.<\/p>\n<p>In der n\u00e4chsten Sitzung wurden unter der Leitung der Lehrerinnen Anna-Lena Lohmann und Anke Tepe von den Mitgliedern des Sch\u00fclerrates Greta Ostmann als Sch\u00fclersprecherin und Finn Kellermann als Sch\u00fclersprecher gew\u00e4hlt. Anschlie\u00dfend sind die Aufgaben des Sch\u00fclerrates besprochen worden.<\/p>\n<p>Danach trifft sich die Sch\u00fclervertretung regelm\u00e4\u00dfig im Abstand von 4 bis 6 Wochen, um Themen, die die Sch\u00fclerschaft bewegen zu besprechen und gute Ideen genau zu durchdenken und nach M\u00f6glichkeit umzusetzen.<\/p>\n<p>Hierf\u00fcr ist es wichtig, viele W\u00fcnsche und Anregungen, aber auch Kritik an unserer Schule aus der Sch\u00fclerschaft zu erhalten. Dazu k\u00f6nnen die Klassensprecher direkt angesprochen oder aber der Sch\u00fclerrats-Briefkasten in der Pausenhalle genutzt werden!<\/p>\n<p>Die Sch\u00fclervertretung (SV) der Gerbertschule vertritt die Interessen der Sch\u00fcler und Sch\u00fclerinnen. Unsere Lehrerinnen Anna Lena J\u00e4ger und Sarah Hammersen (momentan vertreten durch Carina M\u00e4hlmeyer und Martina Meyer) k\u00fcmmern sich mittlerweile um die Organisation und betreuen Aktivit\u00e4ten rund um die SV.<\/p>\n<p>Die aktuellen Schulsprecher*innen sind Esther Kenkel und Carl Heitkamp.<\/p>\n\n\n\n\n\n<figure class=\"wp-block-image size-large\"><img loading=\"lazy\" decoding=\"async\" width=\"1060\" height=\"675\" src=\"https:\/\/wordpress.nibis.de\/gsvisbek\/files\/2025\/09\/Schuelervertretung-2025-26-use-1060x675.jpg\" alt=\"\" class=\"wp-image-3225\" \/><figcaption class=\"wp-element-caption\">Sch\u00fclervertretung 2025\/26<\/figcaption><\/figure>\n","protected":false},"excerpt":{"rendered":"<p>Unser Lehrerkollegium stellte sich vor einiger Zeit die Frage: &nbsp;\u201eL\u00e4sst sich Schule, die von Sch\u00fcler*innen lebt, weiterentwickeln, ohne Sch\u00fcler*innen zu h\u00f6ren?\u201c In gewissem Ma\u00dfe schon&#8230; Doch gehen in unserer Schule t\u00e4glich ungef\u00e4hr 300 kleine, kluge K\u00f6pfe ein und aus. In diesen K\u00f6pfen stecken sicherlich viele tolle Vorschl\u00e4ge, die das Lernen und Leben in unserer Schule verbessern k\u00f6nnten. Aus dieser Idee heraus haben wir einen Sch\u00fclerrat ins Leben gerufen. Am 13.12.2016 trafen sich die Klassensprecher der 3. und 4. Klassen zu&#8230;<\/p>\n<p class=\"read-more\"><a class=\"btn btn-default\" href=\"https:\/\/wordpress.nibis.de\/gsvisbek\/schuelervertretung\/\">Weiterlesen<span class=\"screen-reader-text\"> Weiterlesen<\/span><\/a><\/p>\n","protected":false},"author":9193181,"featured_media":0,"parent":0,"menu_order":0,"comment_status":"closed","ping_status":"closed","template":"","meta":{"footnotes":""},"class_list":["post-250","page","type-page","status-publish","hentry"],"_links":{"self":[{"href":"https:\/\/wordpress.nibis.de\/gsvisbek\/wp-json\/wp\/v2\/pages\/250","targetHints":{"allow":["GET"]}}],"collection":[{"href":"https:\/\/wordpress.nibis.de\/gsvisbek\/wp-json\/wp\/v2\/pages"}],"about":[{"href":"https:\/\/wordpress.nibis.de\/gsvisbek\/wp-json\/wp\/v2\/types\/page"}],"author":[{"embeddable":true,"href":"https:\/\/wordpress.nibis.de\/gsvisbek\/wp-json\/wp\/v2\/users\/9193181"}],"replies":[{"embeddable":true,"href":"https:\/\/wordpress.nibis.de\/gsvisbek\/wp-json\/wp\/v2\/comments?post=250"}],"version-history":[{"count":14,"href":"https:\/\/wordpress.nibis.de\/gsvisbek\/wp-json\/wp\/v2\/pages\/250\/revisions"}],"predecessor-version":[{"id":3571,"href":"https:\/\/wordpress.nibis.de\/gsvisbek\/wp-json\/wp\/v2\/pages\/250\/revisions\/3571"}],"wp:attachment":[{"href":"https:\/\/wordpress.nibis.de\/gsvisbek\/wp-json\/wp\/v2\/media?parent=250"}],"curies":[{"name":"wp","href":"https:\/\/api.w.org\/{rel}","templated":true}]}}