{"id":41,"date":"2019-06-27T15:22:18","date_gmt":"2019-06-27T13:22:18","guid":{"rendered":"https:\/\/wordpress.nibis.de\/gsvisbek\/?page_id=41"},"modified":"2022-10-16T19:04:16","modified_gmt":"2022-10-16T17:04:16","slug":"schulgremien","status":"publish","type":"page","link":"https:\/\/wordpress.nibis.de\/gsvisbek\/schulgremien\/","title":{"rendered":"Schulgremien"},"content":{"rendered":"\n<blockquote>\n<p>&#8222;Gemeinsam sind wir \u2013 Eltern und Kollegium als Partner \u2013 verantwortlich f\u00fcr die Bildung und Erziehung unserer Kinder.&#8220;<\/p>\n<\/blockquote>\n<p>Fruchtvolle Erziehung und Bildung kann nur gelingen, wenn alle, Eltern, Kollegen und Ihre Kinder, gemeinsam an einem Strang ziehen. Die Gerbertschule freut sich daher \u00fcber alle Eltern und andere der Schule nahestehenden Personen \u00fcber tatkr\u00e4ftige Unterst\u00fctzung.\u00a0<\/p>\n<p>\u00a0<\/p>\n<p>\u00a0<\/p>\n<p>\u00a0<\/p>\n\n\n","protected":false},"excerpt":{"rendered":"<p>&#8222;Gemeinsam sind wir \u2013 Eltern und Kollegium als Partner \u2013 verantwortlich f\u00fcr die Bildung und Erziehung unserer Kinder.&#8220; Fruchtvolle Erziehung und Bildung kann nur gelingen, wenn alle, Eltern, Kollegen und Ihre Kinder, gemeinsam an einem Strang ziehen. Die Gerbertschule freut sich daher \u00fcber alle Eltern und andere der Schule nahestehenden Personen \u00fcber tatkr\u00e4ftige Unterst\u00fctzung.\u00a0 \u00a0 \u00a0 \u00a0<\/p>\n","protected":false},"author":9193181,"featured_media":0,"parent":0,"menu_order":0,"comment_status":"closed","ping_status":"closed","template":"","meta":{"footnotes":""},"class_list":["post-41","page","type-page","status-publish","hentry"],"_links":{"self":[{"href":"https:\/\/wordpress.nibis.de\/gsvisbek\/wp-json\/wp\/v2\/pages\/41","targetHints":{"allow":["GET"]}}],"collection":[{"href":"https:\/\/wordpress.nibis.de\/gsvisbek\/wp-json\/wp\/v2\/pages"}],"about":[{"href":"https:\/\/wordpress.nibis.de\/gsvisbek\/wp-json\/wp\/v2\/types\/page"}],"author":[{"embeddable":true,"href":"https:\/\/wordpress.nibis.de\/gsvisbek\/wp-json\/wp\/v2\/users\/9193181"}],"replies":[{"embeddable":true,"href":"https:\/\/wordpress.nibis.de\/gsvisbek\/wp-json\/wp\/v2\/comments?post=41"}],"version-history":[{"count":6,"href":"https:\/\/wordpress.nibis.de\/gsvisbek\/wp-json\/wp\/v2\/pages\/41\/revisions"}],"predecessor-version":[{"id":2285,"href":"https:\/\/wordpress.nibis.de\/gsvisbek\/wp-json\/wp\/v2\/pages\/41\/revisions\/2285"}],"wp:attachment":[{"href":"https:\/\/wordpress.nibis.de\/gsvisbek\/wp-json\/wp\/v2\/media?parent=41"}],"curies":[{"name":"wp","href":"https:\/\/api.w.org\/{rel}","templated":true}]}}