{"id":67,"date":"2019-06-28T07:38:05","date_gmt":"2019-06-28T05:38:05","guid":{"rendered":"https:\/\/wordpress.nibis.de\/gsvisbek\/?page_id=67"},"modified":"2025-04-16T09:05:19","modified_gmt":"2025-04-16T07:05:19","slug":"schulordnung","status":"publish","type":"page","link":"https:\/\/wordpress.nibis.de\/gsvisbek\/schulordnung\/","title":{"rendered":"Schulordnung"},"content":{"rendered":"\n<p><b>Schulordnung<\/b><\/p>\n<p>\u00a0<\/p>\n<p><b>Ich geh\u00f6re zur Gemeinschaft der Gerbertschule und bem\u00fche mich, folgende Regeln und Absprachen einzuhalten:<\/b><\/p>\n<p>\u00a0<\/p>\n<p><b>1. Regeln vor und nach dem Unterricht<\/b><\/p>\n<p>Der Unterricht beginnt um 8.00 Uhr. Ab 7.40 Uhr ist eine Aufsicht auf dem Schulgel\u00e4nde. Ich komme p\u00fcnktlich zur Schule. Auf dem Weg zum Klassenraum verhalte ich mich r\u00fccksichtsvoll und befolge die Anweisungen der Lehrkr\u00e4fte und des Hausmeisters. Nach Unterrichtsschluss gehe ich auf direktem Weg nach Hause.<\/p>\n<p>\u00a0<\/p>\n<p><b>2. Regeln in der Pause<\/b><\/p>\n<p>In der Pause begebe ich mich sofort auf den Schulhof. Der Aufenthalt im Klassenraum oder auf dem Flur ist nicht erlaubt. Beim Spielen in der Pause achte ich auf andere Kinder. Niemand darf beim Spielen gef\u00e4hrdet, bel\u00e4stigt oder verletzt werden. Ich darf den Schulhof nicht verlassen. Die Toiletten sind kein Spielplatz. Ich halte mich dort nie l\u00e4nger als n\u00f6tig auf. Ich hinterlasse die Toilettenr\u00e4ume so, dass sie nach mir noch weiter benutzt werden k\u00f6nnen. Im Winter ist das Schneeballwerfen wegen der Verletzungsgefahr untersagt. Wenn es Probleme in der Pause gibt, wende ich mich an die Pausenaufsicht.<\/p>\n<p>\u00a0<\/p>\n<p><b>3. Sauberkeit auf dem Schulhof<\/b><\/p>\n<p>Abf\u00e4lle geh\u00f6ren grunds\u00e4tzlich in den M\u00fclleimer. Im w\u00f6chentlichen Wechsel reinigt eine Klasse den Schulhof.<\/p>\n<p>\u00a0<\/p>\n<p><b>4. Besondere Regelungen<\/b><\/p>\n<p>Ich betrete oder verlasse das Schulgeb\u00e4ude grunds\u00e4tzlich nur durch die T\u00fcren auf dem Pausenhof. Der Fahrradstand ist kein Spielplatz. Ich halte mich weder vor Unterrichtsbeginn noch in den Pausen dort auf. Das Rennen, Laufen, Toben und Schreien im Schulgeb\u00e4ude ist grunds\u00e4tzlich nicht erlaubt. Ich gehe nicht an das Eigentum anderer Mitsch\u00fcler. Zerst\u00f6re oder besch\u00e4dige ich mutwillig Eigentum der Schule oder von Mitsch\u00fclern, so muss dieses ersetzt werden. Fundsachen sind beim Hausmeister abzugeben.<\/p>\n","protected":false},"excerpt":{"rendered":"<p>Schulordnung \u00a0 Ich geh\u00f6re zur Gemeinschaft der Gerbertschule und bem\u00fche mich, folgende Regeln und Absprachen einzuhalten: \u00a0 1. Regeln vor und nach dem Unterricht Der Unterricht beginnt um 8.00 Uhr. Ab 7.40 Uhr ist eine Aufsicht auf dem Schulgel\u00e4nde. Ich komme p\u00fcnktlich zur Schule. Auf dem Weg zum Klassenraum verhalte ich mich r\u00fccksichtsvoll und befolge die Anweisungen der Lehrkr\u00e4fte und des Hausmeisters. Nach Unterrichtsschluss gehe ich auf direktem Weg nach Hause. \u00a0 2. Regeln in der Pause In der Pause&#8230;<\/p>\n<p class=\"read-more\"><a class=\"btn btn-default\" href=\"https:\/\/wordpress.nibis.de\/gsvisbek\/schulordnung\/\">Weiterlesen<span class=\"screen-reader-text\"> Weiterlesen<\/span><\/a><\/p>\n","protected":false},"author":9193181,"featured_media":0,"parent":0,"menu_order":0,"comment_status":"closed","ping_status":"closed","template":"","meta":{"footnotes":""},"class_list":["post-67","page","type-page","status-publish","hentry"],"_links":{"self":[{"href":"https:\/\/wordpress.nibis.de\/gsvisbek\/wp-json\/wp\/v2\/pages\/67","targetHints":{"allow":["GET"]}}],"collection":[{"href":"https:\/\/wordpress.nibis.de\/gsvisbek\/wp-json\/wp\/v2\/pages"}],"about":[{"href":"https:\/\/wordpress.nibis.de\/gsvisbek\/wp-json\/wp\/v2\/types\/page"}],"author":[{"embeddable":true,"href":"https:\/\/wordpress.nibis.de\/gsvisbek\/wp-json\/wp\/v2\/users\/9193181"}],"replies":[{"embeddable":true,"href":"https:\/\/wordpress.nibis.de\/gsvisbek\/wp-json\/wp\/v2\/comments?post=67"}],"version-history":[{"count":3,"href":"https:\/\/wordpress.nibis.de\/gsvisbek\/wp-json\/wp\/v2\/pages\/67\/revisions"}],"predecessor-version":[{"id":3107,"href":"https:\/\/wordpress.nibis.de\/gsvisbek\/wp-json\/wp\/v2\/pages\/67\/revisions\/3107"}],"wp:attachment":[{"href":"https:\/\/wordpress.nibis.de\/gsvisbek\/wp-json\/wp\/v2\/media?parent=67"}],"curies":[{"name":"wp","href":"https:\/\/api.w.org\/{rel}","templated":true}]}}