{"id":759,"date":"2020-05-04T09:32:00","date_gmt":"2020-05-04T07:32:00","guid":{"rendered":"https:\/\/wordpress.nibis.de\/gsvisbek\/?page_id=759"},"modified":"2024-01-12T13:02:26","modified_gmt":"2024-01-12T12:02:26","slug":"die-arbeit-des-foerdervereins","status":"publish","type":"page","link":"https:\/\/wordpress.nibis.de\/gsvisbek\/die-arbeit-des-foerdervereins\/","title":{"rendered":"Die Arbeit des F\u00f6rdervereins"},"content":{"rendered":"\n<p>Der F\u00f6rderverein unserer Schule unterst\u00fctzt und f\u00f6rdert seit Jahren verantwortungsvoll und tatkr\u00e4ftig tolle Aktionen f\u00fcr unsere Schulkinder, die den &#8222;normalen&#8220; Schulalltag aufwerten!<\/p>\n<p>Aktuell organisiert der F\u00f6rderverein gemeinsam mit der Schule das gro\u00dfe Zirkusprojekt. Es gab einen gro\u00dfen Malwettbewerb. Die Gewinnerbilder sind nun auf den Eintrittskarten und Werbeplakaten zu bewundern. Alle Gewinner erhielten einen Eisgutschein!<\/p>\n<p><img loading=\"lazy\" decoding=\"async\" class=\"alignnone size-medium wp-image-2437\" src=\"https:\/\/wordpress.nibis.de\/gsvisbek\/files\/2023\/06\/2023-06-05-Siegerfoto-1-850x478.jpg\" alt=\"\" width=\"850\" height=\"478\" srcset=\"https:\/\/wordpress.nibis.de\/gsvisbek\/files\/2023\/06\/2023-06-05-Siegerfoto-1-850x478.jpg 850w, https:\/\/wordpress.nibis.de\/gsvisbek\/files\/2023\/06\/2023-06-05-Siegerfoto-1-1200x675.jpg 1200w, https:\/\/wordpress.nibis.de\/gsvisbek\/files\/2023\/06\/2023-06-05-Siegerfoto-1-250x141.jpg 250w\" sizes=\"auto, (max-width: 850px) 100vw, 850px\" \/><\/p>\n<p>\u00a0<\/p>\n\n\n\n<p><\/p>\n","protected":false},"excerpt":{"rendered":"<p>Der F\u00f6rderverein unserer Schule unterst\u00fctzt und f\u00f6rdert seit Jahren verantwortungsvoll und tatkr\u00e4ftig tolle Aktionen f\u00fcr unsere Schulkinder, die den &#8222;normalen&#8220; Schulalltag aufwerten! Aktuell organisiert der F\u00f6rderverein gemeinsam mit der Schule das gro\u00dfe Zirkusprojekt. Es gab einen gro\u00dfen Malwettbewerb. Die Gewinnerbilder sind nun auf den Eintrittskarten und Werbeplakaten zu bewundern. Alle Gewinner erhielten einen Eisgutschein! \u00a0<\/p>\n","protected":false},"author":9193181,"featured_media":0,"parent":0,"menu_order":0,"comment_status":"closed","ping_status":"closed","template":"","meta":{"footnotes":""},"class_list":["post-759","page","type-page","status-publish","hentry"],"_links":{"self":[{"href":"https:\/\/wordpress.nibis.de\/gsvisbek\/wp-json\/wp\/v2\/pages\/759","targetHints":{"allow":["GET"]}}],"collection":[{"href":"https:\/\/wordpress.nibis.de\/gsvisbek\/wp-json\/wp\/v2\/pages"}],"about":[{"href":"https:\/\/wordpress.nibis.de\/gsvisbek\/wp-json\/wp\/v2\/types\/page"}],"author":[{"embeddable":true,"href":"https:\/\/wordpress.nibis.de\/gsvisbek\/wp-json\/wp\/v2\/users\/9193181"}],"replies":[{"embeddable":true,"href":"https:\/\/wordpress.nibis.de\/gsvisbek\/wp-json\/wp\/v2\/comments?post=759"}],"version-history":[{"count":8,"href":"https:\/\/wordpress.nibis.de\/gsvisbek\/wp-json\/wp\/v2\/pages\/759\/revisions"}],"predecessor-version":[{"id":2597,"href":"https:\/\/wordpress.nibis.de\/gsvisbek\/wp-json\/wp\/v2\/pages\/759\/revisions\/2597"}],"wp:attachment":[{"href":"https:\/\/wordpress.nibis.de\/gsvisbek\/wp-json\/wp\/v2\/media?parent=759"}],"curies":[{"name":"wp","href":"https:\/\/api.w.org\/{rel}","templated":true}]}}