{"id":78,"date":"2019-06-28T07:47:25","date_gmt":"2019-06-28T05:47:25","guid":{"rendered":"https:\/\/wordpress.nibis.de\/gsvisbek\/?page_id=78"},"modified":"2024-07-25T21:58:58","modified_gmt":"2024-07-25T19:58:58","slug":"unterrichtszeiten-2","status":"publish","type":"page","link":"https:\/\/wordpress.nibis.de\/gsvisbek\/unterrichtszeiten-2\/","title":{"rendered":"Verl\u00e4ssliche Grundschule"},"content":{"rendered":"\n<p>Unsere Schule ist eine \u201eVerl\u00e4ssliche Grundschule\u201c. Sie k\u00f6nnen sich darauf verlassen, dass Ihr Kind im ersten und zweiten Schuljahr immer von 8:00 Uhr bis 11:40 Uhr (an einem Tag bis 12:50 Uhr) unterrichtet wird. Au\u00dferdem haben Sie die M\u00f6glichkeit, Ihr Kind f\u00fcr die Betreuung bis 12:50 Uhr anzumelden. Die Betreuung \u00fcbernehmen unsere P\u00e4dagogischen Mitarbeiter*innen. In dieser Zeit werden keine Hausaufgaben erledigt.<br \/>Im dritten und vierten Schuljahr beginnt der Schulvormittag um 8:00 Uhr und endet in der Regel um 12:50 Uhr.<br \/>Unser Schulgeb\u00e4ude \u00f6ffnet um 7:40 Uhr.<\/p>\n<p><b><br \/>Unser <\/b><b>Tagesrhythmus <\/b><\/p>\n<table id=\"Tabelle3\" style=\"width: 100%;height: 905px\" border=\"1\" width=\"100%\" cellspacing=\"1\" cellpadding=\"1\">\n<tbody>\n<tr style=\"height: 64px\">\n<td style=\"width: 20.2465%;height: 64px\" align=\"left\" valign=\"top\" width=\"120\">\n<p><b>Zeit <\/b><\/p>\n<\/td>\n<td style=\"width: 78.8732%;height: 64px\" align=\"left\" valign=\"top\" width=\"471\">\n<p><b>P<\/b><b>hase <\/b><\/p>\n<\/td>\n<\/tr>\n<tr style=\"height: 64px\">\n<td style=\"width: 20.2465%;height: 64px\" align=\"left\" valign=\"top\"><br \/>8:00 Uhr<\/td>\n<td style=\"width: 78.8732%;height: 128px\" rowspan=\"2\" align=\"left\" valign=\"top\">\n<p>\u00a0<\/p>\n<p><b>1.\/2. Stun<\/b><b>de <\/b><\/p>\n<\/td>\n<\/tr>\n<tr style=\"height: 64px\">\n<td style=\"width: 20.2465%;height: 64px\" align=\"left\" valign=\"top\">\n<p>9:39 Uhr<\/p>\n<\/td>\n<\/tr>\n<tr style=\"height: 64px\">\n<td style=\"width: 20.2465%;height: 64px\" align=\"left\" valign=\"top\">\n<p>9:39 Uhr<\/p>\n<\/td>\n<td style=\"width: 78.8732%;height: 128px\" rowspan=\"2\" align=\"left\" valign=\"top\">\n<p>\u00a0<\/p>\n<p>Fr\u00fchst\u00fcckspause<\/p>\n<\/td>\n<\/tr>\n<tr style=\"height: 64px\">\n<td style=\"width: 20.2465%;height: 64px\" align=\"left\" valign=\"top\">\n<p>9:45 Uhr<\/p>\n<\/td>\n<\/tr>\n<tr style=\"height: 64px\">\n<td style=\"width: 20.2465%;height: 64px\" align=\"left\" valign=\"top\">\n<p>9:45 Uhr<\/p>\n<\/td>\n<td style=\"width: 78.8732%;height: 128px\" rowspan=\"2\" align=\"left\" valign=\"top\">\n<p>\u00a0<\/p>\n<p>Spielpause<\/p>\n<\/td>\n<\/tr>\n<tr style=\"height: 64px\">\n<td style=\"width: 20.2465%;height: 64px\" align=\"left\" valign=\"top\">\n<p>10:10 Uhr<\/p>\n<\/td>\n<\/tr>\n<tr style=\"height: 64px\">\n<td style=\"width: 20.2465%;height: 64px\" align=\"left\" valign=\"top\">\n<p>10:10 Uhr<\/p>\n<\/td>\n<td style=\"width: 78.8732%;height: 128px\" rowspan=\"2\" align=\"left\" valign=\"top\">\n<p>\u00a0<\/p>\n<p><b>3.\/4. Stun<\/b><b>de <\/b><\/p>\n<\/td>\n<\/tr>\n<tr style=\"height: 64px\">\n<td style=\"width: 20.2465%;height: 64px\" align=\"left\" valign=\"top\">\n<p>11:40 Uhr<\/p>\n<\/td>\n<\/tr>\n<tr style=\"height: 64px\">\n<td style=\"width: 20.2465%;height: 64px\" align=\"left\" valign=\"top\">\n<p>11:40 Uhr<\/p>\n<\/td>\n<td style=\"width: 78.8732%;height: 128px\" rowspan=\"2\" align=\"left\" valign=\"top\">\n<p>\u00a0<\/p>\n<p>Spielpause<\/p>\n<\/td>\n<\/tr>\n<tr style=\"height: 64px\">\n<td style=\"width: 20.2465%;height: 64px\" align=\"left\" valign=\"top\">\n<p>12:05 Uhr<\/p>\n<\/td>\n<\/tr>\n<tr style=\"height: 63px\">\n<td style=\"width: 20.2465%;height: 63px\" align=\"left\" valign=\"top\">\n<p>12:05 Uhr<\/p>\n<\/td>\n<td style=\"width: 78.8732%;height: 127px\" rowspan=\"2\" align=\"left\" valign=\"top\">\n<p>\u00a0<\/p>\n<p><b>5. Stunde <\/b><\/p>\n<\/td>\n<\/tr>\n<tr style=\"height: 64px\">\n<td style=\"width: 20.2465%;height: 64px\" align=\"left\" valign=\"top\">\n<p>12:50 Uhr<\/p>\n<\/td>\n<\/tr>\n<\/tbody>\n<\/table>\n<p>Das Sekretariat ist von Montag bis Freitag von 7:45 \u2013 12:00 Uhr besetzt.<\/p>\n\n\n\n<p><\/p>\n","protected":false},"excerpt":{"rendered":"<p>Unsere Schule ist eine \u201eVerl\u00e4ssliche Grundschule\u201c. Sie k\u00f6nnen sich darauf verlassen, dass Ihr Kind im ersten und zweiten Schuljahr immer von 8:00 Uhr bis 11:40 Uhr (an einem Tag bis 12:50 Uhr) unterrichtet wird. Au\u00dferdem haben Sie die M\u00f6glichkeit, Ihr Kind f\u00fcr die Betreuung bis 12:50 Uhr anzumelden. Die Betreuung \u00fcbernehmen unsere P\u00e4dagogischen Mitarbeiter*innen. In dieser Zeit werden keine Hausaufgaben erledigt.Im dritten und vierten Schuljahr beginnt der Schulvormittag um 8:00 Uhr und endet in der Regel um 12:50 Uhr.Unser Schulgeb\u00e4ude&#8230;<\/p>\n<p class=\"read-more\"><a class=\"btn btn-default\" href=\"https:\/\/wordpress.nibis.de\/gsvisbek\/unterrichtszeiten-2\/\">Weiterlesen<span class=\"screen-reader-text\"> Weiterlesen<\/span><\/a><\/p>\n","protected":false},"author":9193181,"featured_media":0,"parent":0,"menu_order":0,"comment_status":"closed","ping_status":"closed","template":"","meta":{"footnotes":""},"class_list":["post-78","page","type-page","status-publish","hentry"],"_links":{"self":[{"href":"https:\/\/wordpress.nibis.de\/gsvisbek\/wp-json\/wp\/v2\/pages\/78","targetHints":{"allow":["GET"]}}],"collection":[{"href":"https:\/\/wordpress.nibis.de\/gsvisbek\/wp-json\/wp\/v2\/pages"}],"about":[{"href":"https:\/\/wordpress.nibis.de\/gsvisbek\/wp-json\/wp\/v2\/types\/page"}],"author":[{"embeddable":true,"href":"https:\/\/wordpress.nibis.de\/gsvisbek\/wp-json\/wp\/v2\/users\/9193181"}],"replies":[{"embeddable":true,"href":"https:\/\/wordpress.nibis.de\/gsvisbek\/wp-json\/wp\/v2\/comments?post=78"}],"version-history":[{"count":11,"href":"https:\/\/wordpress.nibis.de\/gsvisbek\/wp-json\/wp\/v2\/pages\/78\/revisions"}],"predecessor-version":[{"id":2828,"href":"https:\/\/wordpress.nibis.de\/gsvisbek\/wp-json\/wp\/v2\/pages\/78\/revisions\/2828"}],"wp:attachment":[{"href":"https:\/\/wordpress.nibis.de\/gsvisbek\/wp-json\/wp\/v2\/media?parent=78"}],"curies":[{"name":"wp","href":"https:\/\/api.w.org\/{rel}","templated":true}]}}