{"id":82,"date":"2019-06-28T07:47:25","date_gmt":"2019-06-28T05:47:25","guid":{"rendered":"https:\/\/wordpress.nibis.de\/gsvisbek\/?page_id=82"},"modified":"2024-10-07T22:00:01","modified_gmt":"2024-10-07T20:00:01","slug":"schulelternrat","status":"publish","type":"page","link":"https:\/\/wordpress.nibis.de\/gsvisbek\/schulelternrat\/","title":{"rendered":"Schulelternrat"},"content":{"rendered":"\n<p>Die Vorsitzenden einer jeden Klasse bilden zusammen den Schulelternrat.<\/p>\n<p>Ist kein ausl\u00e4ndischer Erziehungsberechtigter im Schulelternrat vertreten, so kann aus ihrer Mitte ein zus\u00e4tzliches und stellvertretendes Mitglied gew\u00e4hlt werden.<\/p>\n<p>Der Schulelternrat w\u00e4hlt die\/den Elternratsvorsitzende\/n und dessen Stellvertreter\/In aus seiner Mitte, sowie die Vertreter\/Innen in der Gesamtkonferenz und den Fachkonferenzen.\u00a0Die\/der Vorsitzende l\u00e4dt die Elternvertreter mindestens zweimal im Jahr zu einer Sitzung ein.<\/p>\n<p>Die Arbeit im Schulelternrat ist eine tolle Gelegenheit, sich mit den schulischen Abl\u00e4ufen auseinanderzusetzen und eine Chance, gemeinsam unsere Schule weiterzuentwickeln. Die Gerbertschule freut sich \u00fcber Jeden und Jede, der\/die sich in unserer Schule engagieren und bedankt sich herzlich beim aktuellen Schulelternrat f\u00fcr dessen Arbeit.\u00a0<\/p>\n<p>Eine \u00dcbersicht \u00fcber Beschl\u00fcsse des Schulelternrates in der Vergangenheit und Gegenwart finden Sie <a href=\"https:\/\/wordpress.nibis.de\/gsvisbek\/files\/2020\/03\/Anhang-E_Liste-der-gefassten-Beschl\u00fcsse.pdf\">hier<\/a>.<\/p>\n\n\n\n<p><\/p>\n","protected":false},"excerpt":{"rendered":"<p>Die Vorsitzenden einer jeden Klasse bilden zusammen den Schulelternrat. Ist kein ausl\u00e4ndischer Erziehungsberechtigter im Schulelternrat vertreten, so kann aus ihrer Mitte ein zus\u00e4tzliches und stellvertretendes Mitglied gew\u00e4hlt werden. Der Schulelternrat w\u00e4hlt die\/den Elternratsvorsitzende\/n und dessen Stellvertreter\/In aus seiner Mitte, sowie die Vertreter\/Innen in der Gesamtkonferenz und den Fachkonferenzen.\u00a0Die\/der Vorsitzende l\u00e4dt die Elternvertreter mindestens zweimal im Jahr zu einer Sitzung ein. Die Arbeit im Schulelternrat ist eine tolle Gelegenheit, sich mit den schulischen Abl\u00e4ufen auseinanderzusetzen und eine Chance, gemeinsam unsere Schule&#8230;<\/p>\n<p class=\"read-more\"><a class=\"btn btn-default\" href=\"https:\/\/wordpress.nibis.de\/gsvisbek\/schulelternrat\/\">Weiterlesen<span class=\"screen-reader-text\"> Weiterlesen<\/span><\/a><\/p>\n","protected":false},"author":9193181,"featured_media":0,"parent":0,"menu_order":0,"comment_status":"closed","ping_status":"closed","template":"","meta":{"footnotes":""},"class_list":["post-82","page","type-page","status-publish","hentry"],"_links":{"self":[{"href":"https:\/\/wordpress.nibis.de\/gsvisbek\/wp-json\/wp\/v2\/pages\/82","targetHints":{"allow":["GET"]}}],"collection":[{"href":"https:\/\/wordpress.nibis.de\/gsvisbek\/wp-json\/wp\/v2\/pages"}],"about":[{"href":"https:\/\/wordpress.nibis.de\/gsvisbek\/wp-json\/wp\/v2\/types\/page"}],"author":[{"embeddable":true,"href":"https:\/\/wordpress.nibis.de\/gsvisbek\/wp-json\/wp\/v2\/users\/9193181"}],"replies":[{"embeddable":true,"href":"https:\/\/wordpress.nibis.de\/gsvisbek\/wp-json\/wp\/v2\/comments?post=82"}],"version-history":[{"count":11,"href":"https:\/\/wordpress.nibis.de\/gsvisbek\/wp-json\/wp\/v2\/pages\/82\/revisions"}],"predecessor-version":[{"id":2937,"href":"https:\/\/wordpress.nibis.de\/gsvisbek\/wp-json\/wp\/v2\/pages\/82\/revisions\/2937"}],"wp:attachment":[{"href":"https:\/\/wordpress.nibis.de\/gsvisbek\/wp-json\/wp\/v2\/media?parent=82"}],"curies":[{"name":"wp","href":"https:\/\/api.w.org\/{rel}","templated":true}]}}