{"id":83,"date":"2019-06-28T07:47:25","date_gmt":"2019-06-28T05:47:25","guid":{"rendered":"https:\/\/wordpress.nibis.de\/gsvisbek\/?page_id=83"},"modified":"2024-10-07T22:01:06","modified_gmt":"2024-10-07T20:01:06","slug":"klassenelternschaft","status":"publish","type":"page","link":"https:\/\/wordpress.nibis.de\/gsvisbek\/klassenelternschaft\/","title":{"rendered":"Klassenelternschaft"},"content":{"rendered":"\n<p>Die Erziehungsberechtigten der Sch\u00fcler\/Innen einer Klasse w\u00e4hlen aus ihrer Mitte die\/den Vorsitzende\/n und dessen Stellvertreter\/In.<\/p>\n<p>Die Klassenelternschaft w\u00e4hlt au\u00dferdem den\/die Vertreter\/In f\u00fcr die Klassenkonferenz und die Zeugniskonferenz.\u00a0Diese \u00c4mter werden von den gew\u00e4hlten Personen f\u00fcr 2 Schuljahre besetzt.<\/p>\n<p>Die\/der Vorsitzende l\u00e4dt die Eltern mindestens zweimal im Jahr zu einer Elternversammlung ein und leitet deren Verhandlungen. Infos k\u00f6nnen nat\u00fcrlich auch auf z. B. gem\u00fctlichen Elternabenden oder Adventsfeiern weitergegeben werden.\u00a0Elternversammlungen k\u00f6nnen auch auf Wunsch der anderen Erziehungsberechtigten oder der Klassenlehrer\/In einberufen werden.<\/p>\n<p>\u00a0<\/p>\n","protected":false},"excerpt":{"rendered":"<p>Die Erziehungsberechtigten der Sch\u00fcler\/Innen einer Klasse w\u00e4hlen aus ihrer Mitte die\/den Vorsitzende\/n und dessen Stellvertreter\/In. Die Klassenelternschaft w\u00e4hlt au\u00dferdem den\/die Vertreter\/In f\u00fcr die Klassenkonferenz und die Zeugniskonferenz.\u00a0Diese \u00c4mter werden von den gew\u00e4hlten Personen f\u00fcr 2 Schuljahre besetzt. Die\/der Vorsitzende l\u00e4dt die Eltern mindestens zweimal im Jahr zu einer Elternversammlung ein und leitet deren Verhandlungen. Infos k\u00f6nnen nat\u00fcrlich auch auf z. B. gem\u00fctlichen Elternabenden oder Adventsfeiern weitergegeben werden.\u00a0Elternversammlungen k\u00f6nnen auch auf Wunsch der anderen Erziehungsberechtigten oder der Klassenlehrer\/In einberufen werden. \u00a0<\/p>\n","protected":false},"author":9193181,"featured_media":0,"parent":0,"menu_order":0,"comment_status":"closed","ping_status":"closed","template":"","meta":{"footnotes":""},"class_list":["post-83","page","type-page","status-publish","hentry"],"_links":{"self":[{"href":"https:\/\/wordpress.nibis.de\/gsvisbek\/wp-json\/wp\/v2\/pages\/83","targetHints":{"allow":["GET"]}}],"collection":[{"href":"https:\/\/wordpress.nibis.de\/gsvisbek\/wp-json\/wp\/v2\/pages"}],"about":[{"href":"https:\/\/wordpress.nibis.de\/gsvisbek\/wp-json\/wp\/v2\/types\/page"}],"author":[{"embeddable":true,"href":"https:\/\/wordpress.nibis.de\/gsvisbek\/wp-json\/wp\/v2\/users\/9193181"}],"replies":[{"embeddable":true,"href":"https:\/\/wordpress.nibis.de\/gsvisbek\/wp-json\/wp\/v2\/comments?post=83"}],"version-history":[{"count":12,"href":"https:\/\/wordpress.nibis.de\/gsvisbek\/wp-json\/wp\/v2\/pages\/83\/revisions"}],"predecessor-version":[{"id":2938,"href":"https:\/\/wordpress.nibis.de\/gsvisbek\/wp-json\/wp\/v2\/pages\/83\/revisions\/2938"}],"wp:attachment":[{"href":"https:\/\/wordpress.nibis.de\/gsvisbek\/wp-json\/wp\/v2\/media?parent=83"}],"curies":[{"name":"wp","href":"https:\/\/api.w.org\/{rel}","templated":true}]}}