{"id":1171,"date":"2023-10-18T12:10:31","date_gmt":"2023-10-18T10:10:31","guid":{"rendered":"https:\/\/wordpress.nibis.de\/gsvolkmarode\/?page_id=1171"},"modified":"2025-09-16T10:51:19","modified_gmt":"2025-09-16T08:51:19","slug":"schuljahr-2023-24","status":"publish","type":"page","link":"https:\/\/wordpress.nibis.de\/gsvolkmarode\/archiv\/schuljahr-2023-24\/","title":{"rendered":"Schuljahr 2023\/24"},"content":{"rendered":"<p><strong>Sch\u00fclerzeitung<\/strong><\/p>\n<p>Auch im letzten Schuljahr konnten die Sch\u00fclerInnen intressengesteuert zwischen verschiedenen Arbeitsgemeinschaften w\u00e4hlen. Die AG &#8222;Sch\u00fclerzeitung&#8220; hat \u00fcber ein Schuljahr an ihrer Zeitung gearbeitet, die neben spannenden Informationen \u00fcber das allgemeine Schulleben auch u.a. Rezepte und vieles mehr thematisiert.<\/p>\n<p><a href=\"https:\/\/wordpress.nibis.de\/gsvolkmarode\/files\/2024\/03\/Schuelerzeitung-Juni-2023.pdf\">Sch\u00fclerzeitung Juni 2023<\/a><\/p>\n<p><img loading=\"lazy\" decoding=\"async\" class=\"alignnone size-full wp-image-1289\" src=\"https:\/\/wordpress.nibis.de\/gsvolkmarode\/files\/2024\/03\/Bildschirm\u00adfoto-2024-03-30-um-23.37.24.png\" alt=\"\" width=\"1054\" height=\"1502\" \/><\/p>\n<p><strong>Volkslauf Schapen<\/strong><\/p>\n<table style=\"border-collapse: collapse;width: 100%\">\n<tbody>\n<tr>\n<td style=\"width: 100%\">\n<p style=\"text-align: left\">Am Sonntag, 03.September 2023 hat die Grundschule Volkmarode wieder mit einer Gruppe laufbegeisterter Sch\u00fcler, Sch\u00fclerinnen, Eltern, Geschwister, Lehrerinnen und Freunden am Volkslauf in Schapen mit Erfolg teilgenommen.<\/p>\n<p style=\"text-align: left\">Der Pokal f\u00fcr die gr\u00f6\u00dfte teilnehmende Laufgruppe mit rund 149Teilnehmer\/innen ging zum 16. Mal in Folge an die Grundschule Volkmarode.<\/p>\n<p style=\"text-align: left\">Wir freuen uns schon auf das n\u00e4chste Jahr!<\/p>\n<p><img loading=\"lazy\" decoding=\"async\" class=\"wp-image-1195 aligncenter\" src=\"https:\/\/wordpress.nibis.de\/gsvolkmarode\/files\/2023\/10\/20230903_104423-scaled-e1698146180421.jpg\" alt=\"\" width=\"502\" height=\"315\" srcset=\"https:\/\/wordpress.nibis.de\/gsvolkmarode\/files\/2023\/10\/20230903_104423-scaled-e1698146180421.jpg 1702w, https:\/\/wordpress.nibis.de\/gsvolkmarode\/files\/2023\/10\/20230903_104423-scaled-e1698146180421-768x482.jpg 768w, https:\/\/wordpress.nibis.de\/gsvolkmarode\/files\/2023\/10\/20230903_104423-scaled-e1698146180421-1536x964.jpg 1536w\" sizes=\"auto, (max-width: 502px) 100vw, 502px\" \/><\/td>\n<\/tr>\n<\/tbody>\n<\/table>\n<table style=\"border-collapse: collapse;width: 100%;height: 956px\">\n<tbody>\n<tr style=\"height: 933px\">\n<td style=\"width: 100%;height: 933px\">\n<h4 style=\"text-align: left\"><strong>Unsere Waldwoche<\/strong><\/h4>\n<p style=\"text-align: left\">Vom 04.09.-08.09.23 fand unsere j\u00e4hrliche Waldwoche f\u00fcr Jahrgang 3 statt.<\/p>\n<p style=\"text-align: left\">Jeden Morgen wanderte der gesamte Jahrgang zum Schapener Forst. Dort trafen wir unsere Waldp\u00e4dagoginnen und gingen dann klassenweise in den Wald hinein. Im Laufe der Projektwoche entdeckten und erforschten wir die Geheimnisse und Besonderheiten des Waldes.<\/p>\n<p style=\"text-align: left\"><strong>Am Montag<\/strong> lernten wir viel \u00fcber die gro\u00dfen und kleinen Tiere des Waldes und welche Spuren sie hinterlassen. Wir lernten das Eichh\u00f6rnchen genauer kennen und mussten N\u00fcsse verstecken. Wichtig war auch, welche Regeln man im Wald befolgen muss. Lustig war da das Pantomime Spiel, bei dem wir in kleinen Gruppen den anderen eine Regel vorspielen mussten und die anderen mussten erraten, welche Regel es ist.<\/p>\n<p style=\"text-align: left\"><strong>Am Dienstag<\/strong> erfuhren wir viel \u00fcber die B\u00e4ume und Pflanzen des Waldes. \u00a0Wichtig war hier, wie die B\u00e4ume Sauerstoff produzieren. Wir spielten ein Spiel, bei dem wir in Gruppen Wasser transportieren mussten (wie die Wurzeln das Wasser \u00fcber den Baumstamm zu den Bl\u00e4ttern bringen). Zur Belohnung gab es f\u00fcr jeden ein St\u00fcck Traubenzucker, denn der Baum wandelt ja das Wasser und das Kohlendioxid aus der Luft in Sauerstoff und Zucker um.<\/p>\n<p style=\"text-align: left\"><strong>Am Mittwoch<\/strong> erkl\u00e4rte uns unsere Waldp\u00e4dagogin ganz viel \u00fcber die Verbreitung der B\u00e4ume. Au\u00dferdem erfuhren wir alles \u00fcber den Kreislauf des Blattes und betrachteten verschiedene kleine Tiere mit der Becherlupe.<\/p>\n<p style=\"text-align: left\">Ganz spannend waren die vielen kleinen Fr\u00f6sche, die wir \u00fcberall entdeckten.<\/p>\n<p style=\"text-align: left\"><strong>Am Donnerstag <\/strong>lernten wir noch die Entstehung des Schmetterlings vom Ei \u00fcber die Raupe zur Puppe bis zum fertigen Schmetterling kennen, spielten die Verwandlung nach und legten in Gruppen ein tolles Schmetterlings-Bodenbild.<\/p>\n<p style=\"text-align: left\">Zum Abschluss musste jeder von uns noch Fragen zu allen Themen der Woche beantworten. Gl\u00fccklich erhielten am Ende alle ihren Waldf\u00fchrerschein.<\/p>\n<p style=\"text-align: left\">Das war eine tolle Woche mit unserer Waldp\u00e4dagogin.<\/p>\n<p style=\"text-align: left\"><strong>Am Freitag<\/strong> beendeten wir unsere Waldwoche mit einer gemeinsamen Wanderung des ganzen Jahrgangs zum Kral im Essehofer Forst.<\/p>\n<p style=\"text-align: left\">Dort verbrachten wir eine tolle Zeit. Wir spielten gemeinsam, entdeckten einen Fuchsbau, bauten \u00a0Tipis und a\u00dfen etwas von dem leckeren B\u00fcffet.<\/p>\n<\/td>\n<\/tr>\n<tr style=\"height: 23px\">\n<td style=\"width: 100%;height: 23px\"><img loading=\"lazy\" decoding=\"async\" class=\"alignnone  wp-image-1210\" src=\"https:\/\/wordpress.nibis.de\/gsvolkmarode\/files\/2023\/10\/20230904_090440-scaled.jpg\" alt=\"\" width=\"250\" height=\"333\" srcset=\"https:\/\/wordpress.nibis.de\/gsvolkmarode\/files\/2023\/10\/20230904_090440-scaled.jpg 1920w, https:\/\/wordpress.nibis.de\/gsvolkmarode\/files\/2023\/10\/20230904_090440-768x1024.jpg 768w, https:\/\/wordpress.nibis.de\/gsvolkmarode\/files\/2023\/10\/20230904_090440-1152x1536.jpg 1152w, https:\/\/wordpress.nibis.de\/gsvolkmarode\/files\/2023\/10\/20230904_090440-1536x2048.jpg 1536w\" sizes=\"auto, (max-width: 250px) 100vw, 250px\" \/> <img loading=\"lazy\" decoding=\"async\" class=\"alignnone  wp-image-1211\" src=\"https:\/\/wordpress.nibis.de\/gsvolkmarode\/files\/2023\/10\/20230904_093427-scaled.jpg\" alt=\"\" width=\"247\" height=\"329\" srcset=\"https:\/\/wordpress.nibis.de\/gsvolkmarode\/files\/2023\/10\/20230904_093427-scaled.jpg 1920w, https:\/\/wordpress.nibis.de\/gsvolkmarode\/files\/2023\/10\/20230904_093427-768x1024.jpg 768w, https:\/\/wordpress.nibis.de\/gsvolkmarode\/files\/2023\/10\/20230904_093427-1152x1536.jpg 1152w, https:\/\/wordpress.nibis.de\/gsvolkmarode\/files\/2023\/10\/20230904_093427-1536x2048.jpg 1536w\" sizes=\"auto, (max-width: 247px) 100vw, 247px\" \/> <img loading=\"lazy\" decoding=\"async\" class=\"alignnone  wp-image-1213\" src=\"https:\/\/wordpress.nibis.de\/gsvolkmarode\/files\/2023\/10\/20230904_110403-scaled.jpg\" alt=\"\" width=\"246\" height=\"328\" srcset=\"https:\/\/wordpress.nibis.de\/gsvolkmarode\/files\/2023\/10\/20230904_110403-scaled.jpg 1920w, https:\/\/wordpress.nibis.de\/gsvolkmarode\/files\/2023\/10\/20230904_110403-768x1024.jpg 768w, https:\/\/wordpress.nibis.de\/gsvolkmarode\/files\/2023\/10\/20230904_110403-1152x1536.jpg 1152w, https:\/\/wordpress.nibis.de\/gsvolkmarode\/files\/2023\/10\/20230904_110403-1536x2048.jpg 1536w\" sizes=\"auto, (max-width: 246px) 100vw, 246px\" \/> <img loading=\"lazy\" decoding=\"async\" class=\"alignnone  wp-image-1219\" src=\"https:\/\/wordpress.nibis.de\/gsvolkmarode\/files\/2023\/10\/20230906_111219-scaled.jpg\" alt=\"\" width=\"275\" height=\"206\" srcset=\"https:\/\/wordpress.nibis.de\/gsvolkmarode\/files\/2023\/10\/20230906_111219-scaled.jpg 2560w, https:\/\/wordpress.nibis.de\/gsvolkmarode\/files\/2023\/10\/20230906_111219-768x576.jpg 768w, https:\/\/wordpress.nibis.de\/gsvolkmarode\/files\/2023\/10\/20230906_111219-1536x1152.jpg 1536w, https:\/\/wordpress.nibis.de\/gsvolkmarode\/files\/2023\/10\/20230906_111219-2048x1536.jpg 2048w\" sizes=\"auto, (max-width: 275px) 100vw, 275px\" \/> <img loading=\"lazy\" decoding=\"async\" class=\"alignnone  wp-image-1215\" src=\"https:\/\/wordpress.nibis.de\/gsvolkmarode\/files\/2023\/10\/20230905_100142-scaled.jpg\" alt=\"\" width=\"253\" height=\"337\" srcset=\"https:\/\/wordpress.nibis.de\/gsvolkmarode\/files\/2023\/10\/20230905_100142-scaled.jpg 1920w, https:\/\/wordpress.nibis.de\/gsvolkmarode\/files\/2023\/10\/20230905_100142-768x1024.jpg 768w, https:\/\/wordpress.nibis.de\/gsvolkmarode\/files\/2023\/10\/20230905_100142-1152x1536.jpg 1152w, https:\/\/wordpress.nibis.de\/gsvolkmarode\/files\/2023\/10\/20230905_100142-1536x2048.jpg 1536w\" sizes=\"auto, (max-width: 253px) 100vw, 253px\" \/> <img loading=\"lazy\" decoding=\"async\" class=\"alignnone  wp-image-1216\" src=\"https:\/\/wordpress.nibis.de\/gsvolkmarode\/files\/2023\/10\/20230906_095344-scaled.jpg\" alt=\"\" width=\"254\" height=\"339\" srcset=\"https:\/\/wordpress.nibis.de\/gsvolkmarode\/files\/2023\/10\/20230906_095344-scaled.jpg 1920w, https:\/\/wordpress.nibis.de\/gsvolkmarode\/files\/2023\/10\/20230906_095344-768x1024.jpg 768w, https:\/\/wordpress.nibis.de\/gsvolkmarode\/files\/2023\/10\/20230906_095344-1152x1536.jpg 1152w, https:\/\/wordpress.nibis.de\/gsvolkmarode\/files\/2023\/10\/20230906_095344-1536x2048.jpg 1536w\" sizes=\"auto, (max-width: 254px) 100vw, 254px\" \/> <img loading=\"lazy\" decoding=\"async\" class=\"alignnone  wp-image-1217\" src=\"https:\/\/wordpress.nibis.de\/gsvolkmarode\/files\/2023\/10\/20230906_100308-scaled.jpg\" alt=\"\" width=\"399\" height=\"299\" srcset=\"https:\/\/wordpress.nibis.de\/gsvolkmarode\/files\/2023\/10\/20230906_100308-scaled.jpg 2560w, https:\/\/wordpress.nibis.de\/gsvolkmarode\/files\/2023\/10\/20230906_100308-768x576.jpg 768w, https:\/\/wordpress.nibis.de\/gsvolkmarode\/files\/2023\/10\/20230906_100308-1536x1152.jpg 1536w, https:\/\/wordpress.nibis.de\/gsvolkmarode\/files\/2023\/10\/20230906_100308-2048x1536.jpg 2048w\" sizes=\"auto, (max-width: 399px) 100vw, 399px\" \/> <img loading=\"lazy\" decoding=\"async\" class=\"alignnone  wp-image-1218\" src=\"https:\/\/wordpress.nibis.de\/gsvolkmarode\/files\/2023\/10\/20230906_101910-scaled.jpg\" alt=\"\" width=\"394\" height=\"295\" srcset=\"https:\/\/wordpress.nibis.de\/gsvolkmarode\/files\/2023\/10\/20230906_101910-scaled.jpg 2560w, https:\/\/wordpress.nibis.de\/gsvolkmarode\/files\/2023\/10\/20230906_101910-768x576.jpg 768w, https:\/\/wordpress.nibis.de\/gsvolkmarode\/files\/2023\/10\/20230906_101910-1536x1152.jpg 1536w, https:\/\/wordpress.nibis.de\/gsvolkmarode\/files\/2023\/10\/20230906_101910-2048x1536.jpg 2048w\" sizes=\"auto, (max-width: 394px) 100vw, 394px\" \/><\/td>\n<\/tr>\n<\/tbody>\n<\/table>\n<table style=\"border-collapse: collapse;width: 100%\">\n<tbody>\n<tr>\n<td style=\"width: 100%\"><img loading=\"lazy\" decoding=\"async\" class=\"alignnone size-full wp-image-1212\" src=\"https:\/\/wordpress.nibis.de\/gsvolkmarode\/files\/2023\/10\/20230904_094351-scaled.jpg\" alt=\"\" width=\"2560\" height=\"1920\" srcset=\"https:\/\/wordpress.nibis.de\/gsvolkmarode\/files\/2023\/10\/20230904_094351-scaled.jpg 2560w, https:\/\/wordpress.nibis.de\/gsvolkmarode\/files\/2023\/10\/20230904_094351-768x576.jpg 768w, https:\/\/wordpress.nibis.de\/gsvolkmarode\/files\/2023\/10\/20230904_094351-1536x1152.jpg 1536w, https:\/\/wordpress.nibis.de\/gsvolkmarode\/files\/2023\/10\/20230904_094351-2048x1536.jpg 2048w\" sizes=\"auto, (max-width: 2560px) 100vw, 2560px\" \/><\/td>\n<\/tr>\n<\/tbody>\n<\/table>\n<table style=\"border-collapse: collapse;width: 100%\">\n<tbody>\n<tr>\n<td style=\"width: 100%\"><img loading=\"lazy\" decoding=\"async\" class=\"wp-image-1214 aligncenter\" src=\"https:\/\/wordpress.nibis.de\/gsvolkmarode\/files\/2023\/10\/20230905_095841-scaled.jpg\" alt=\"\" width=\"664\" height=\"498\" srcset=\"https:\/\/wordpress.nibis.de\/gsvolkmarode\/files\/2023\/10\/20230905_095841-scaled.jpg 2560w, https:\/\/wordpress.nibis.de\/gsvolkmarode\/files\/2023\/10\/20230905_095841-768x576.jpg 768w, https:\/\/wordpress.nibis.de\/gsvolkmarode\/files\/2023\/10\/20230905_095841-1536x1152.jpg 1536w, https:\/\/wordpress.nibis.de\/gsvolkmarode\/files\/2023\/10\/20230905_095841-2048x1536.jpg 2048w\" sizes=\"auto, (max-width: 664px) 100vw, 664px\" \/><\/td>\n<\/tr>\n<tr>\n<td style=\"width: 100%\"><img loading=\"lazy\" decoding=\"async\" class=\"alignnone  wp-image-1223\" src=\"https:\/\/wordpress.nibis.de\/gsvolkmarode\/files\/2023\/10\/20230908_105353-scaled.jpg\" alt=\"\" width=\"388\" height=\"518\" srcset=\"https:\/\/wordpress.nibis.de\/gsvolkmarode\/files\/2023\/10\/20230908_105353-scaled.jpg 1920w, https:\/\/wordpress.nibis.de\/gsvolkmarode\/files\/2023\/10\/20230908_105353-768x1024.jpg 768w, https:\/\/wordpress.nibis.de\/gsvolkmarode\/files\/2023\/10\/20230908_105353-1152x1536.jpg 1152w, https:\/\/wordpress.nibis.de\/gsvolkmarode\/files\/2023\/10\/20230908_105353-1536x2048.jpg 1536w\" sizes=\"auto, (max-width: 388px) 100vw, 388px\" \/> <img loading=\"lazy\" decoding=\"async\" class=\"alignnone  wp-image-1221\" src=\"https:\/\/wordpress.nibis.de\/gsvolkmarode\/files\/2023\/10\/20230908_103257-scaled.jpg\" alt=\"\" width=\"391\" height=\"521\" srcset=\"https:\/\/wordpress.nibis.de\/gsvolkmarode\/files\/2023\/10\/20230908_103257-scaled.jpg 1920w, https:\/\/wordpress.nibis.de\/gsvolkmarode\/files\/2023\/10\/20230908_103257-768x1024.jpg 768w, https:\/\/wordpress.nibis.de\/gsvolkmarode\/files\/2023\/10\/20230908_103257-1152x1536.jpg 1152w, https:\/\/wordpress.nibis.de\/gsvolkmarode\/files\/2023\/10\/20230908_103257-1536x2048.jpg 1536w\" sizes=\"auto, (max-width: 391px) 100vw, 391px\" \/> <img loading=\"lazy\" decoding=\"async\" class=\"wp-image-1220 aligncenter\" src=\"https:\/\/wordpress.nibis.de\/gsvolkmarode\/files\/2023\/10\/20230908_100223-scaled.jpg\" alt=\"\" width=\"764\" height=\"573\" srcset=\"https:\/\/wordpress.nibis.de\/gsvolkmarode\/files\/2023\/10\/20230908_100223-scaled.jpg 2560w, https:\/\/wordpress.nibis.de\/gsvolkmarode\/files\/2023\/10\/20230908_100223-768x576.jpg 768w, https:\/\/wordpress.nibis.de\/gsvolkmarode\/files\/2023\/10\/20230908_100223-1536x1152.jpg 1536w, https:\/\/wordpress.nibis.de\/gsvolkmarode\/files\/2023\/10\/20230908_100223-2048x1536.jpg 2048w\" sizes=\"auto, (max-width: 764px) 100vw, 764px\" \/><\/td>\n<\/tr>\n<\/tbody>\n<\/table>\n<table style=\"border-collapse: collapse;width: 100%\">\n<tbody>\n<tr>\n<td style=\"width: 100%\"><img loading=\"lazy\" decoding=\"async\" class=\"wp-image-1222 aligncenter\" src=\"https:\/\/wordpress.nibis.de\/gsvolkmarode\/files\/2023\/10\/20230908_103512-scaled.jpg\" alt=\"\" width=\"739\" height=\"554\" srcset=\"https:\/\/wordpress.nibis.de\/gsvolkmarode\/files\/2023\/10\/20230908_103512-scaled.jpg 2560w, https:\/\/wordpress.nibis.de\/gsvolkmarode\/files\/2023\/10\/20230908_103512-768x576.jpg 768w, https:\/\/wordpress.nibis.de\/gsvolkmarode\/files\/2023\/10\/20230908_103512-1536x1152.jpg 1536w, https:\/\/wordpress.nibis.de\/gsvolkmarode\/files\/2023\/10\/20230908_103512-2048x1536.jpg 2048w\" sizes=\"auto, (max-width: 739px) 100vw, 739px\" \/><\/td>\n<\/tr>\n<tr>\n<td style=\"width: 100%\"><\/td>\n<\/tr>\n<\/tbody>\n<\/table>\n<h4>Unser Besuch in der Museumsm\u00fchle Abbenrode<\/h4>\n<p>Am Donnerstag, 21.09. und Freitag, 22.09.23 hat der Jahrgang 3 mit jeweils 2 Klassen einen informativen und ereignisreichen Vormittag in der Museumsm\u00fchle Abbenrode verbracht.<\/p>\n<p>Das Museumsteam hat den Tag sehr gut vorbereitet, so dass wir in 3 Gruppen abwechselnd etwas \u00fcber Bau, Funktionsweise und Arbeitsabl\u00e4ufe der alten Bockwindm\u00fchle und der Motorm\u00fchle sowie des eigenen Herstellens von Mehl mithilfe eines M\u00f6rsers erfahren haben.<\/p>\n<p>Wir bedanken und alle ganz herzlich f\u00fcr die gelungene F\u00fchrung!<\/p>\n<table style=\"border-collapse: collapse;width: 100.238%\">\n<tbody>\n<tr>\n<td style=\"width: 100%\"><img loading=\"lazy\" decoding=\"async\" class=\"alignnone  wp-image-1199\" src=\"https:\/\/wordpress.nibis.de\/gsvolkmarode\/files\/2023\/10\/20230921_090921-scaled.jpg\" alt=\"\" width=\"355\" height=\"266\" srcset=\"https:\/\/wordpress.nibis.de\/gsvolkmarode\/files\/2023\/10\/20230921_090921-scaled.jpg 2560w, https:\/\/wordpress.nibis.de\/gsvolkmarode\/files\/2023\/10\/20230921_090921-768x576.jpg 768w, https:\/\/wordpress.nibis.de\/gsvolkmarode\/files\/2023\/10\/20230921_090921-1536x1152.jpg 1536w, https:\/\/wordpress.nibis.de\/gsvolkmarode\/files\/2023\/10\/20230921_090921-2048x1536.jpg 2048w\" sizes=\"auto, (max-width: 355px) 100vw, 355px\" \/> <img loading=\"lazy\" decoding=\"async\" class=\"alignnone  wp-image-1200\" src=\"https:\/\/wordpress.nibis.de\/gsvolkmarode\/files\/2023\/10\/20230921_091048-scaled.jpg\" alt=\"\" width=\"205\" height=\"273\" srcset=\"https:\/\/wordpress.nibis.de\/gsvolkmarode\/files\/2023\/10\/20230921_091048-scaled.jpg 1920w, https:\/\/wordpress.nibis.de\/gsvolkmarode\/files\/2023\/10\/20230921_091048-768x1024.jpg 768w, https:\/\/wordpress.nibis.de\/gsvolkmarode\/files\/2023\/10\/20230921_091048-1152x1536.jpg 1152w, https:\/\/wordpress.nibis.de\/gsvolkmarode\/files\/2023\/10\/20230921_091048-1536x2048.jpg 1536w\" sizes=\"auto, (max-width: 205px) 100vw, 205px\" \/> <img loading=\"lazy\" decoding=\"async\" class=\"alignnone  wp-image-1201\" src=\"https:\/\/wordpress.nibis.de\/gsvolkmarode\/files\/2023\/10\/20230921_091350-scaled.jpg\" alt=\"\" width=\"203\" height=\"271\" srcset=\"https:\/\/wordpress.nibis.de\/gsvolkmarode\/files\/2023\/10\/20230921_091350-scaled.jpg 1920w, https:\/\/wordpress.nibis.de\/gsvolkmarode\/files\/2023\/10\/20230921_091350-768x1024.jpg 768w, https:\/\/wordpress.nibis.de\/gsvolkmarode\/files\/2023\/10\/20230921_091350-1152x1536.jpg 1152w, https:\/\/wordpress.nibis.de\/gsvolkmarode\/files\/2023\/10\/20230921_091350-1536x2048.jpg 1536w\" sizes=\"auto, (max-width: 203px) 100vw, 203px\" \/> <img loading=\"lazy\" decoding=\"async\" class=\"wp-image-1202 aligncenter\" src=\"https:\/\/wordpress.nibis.de\/gsvolkmarode\/files\/2023\/10\/20230921_102951-scaled.jpg\" alt=\"\" width=\"218\" height=\"164\" srcset=\"https:\/\/wordpress.nibis.de\/gsvolkmarode\/files\/2023\/10\/20230921_102951-scaled.jpg 2560w, https:\/\/wordpress.nibis.de\/gsvolkmarode\/files\/2023\/10\/20230921_102951-768x576.jpg 768w, https:\/\/wordpress.nibis.de\/gsvolkmarode\/files\/2023\/10\/20230921_102951-1536x1152.jpg 1536w, https:\/\/wordpress.nibis.de\/gsvolkmarode\/files\/2023\/10\/20230921_102951-2048x1536.jpg 2048w\" sizes=\"auto, (max-width: 218px) 100vw, 218px\" \/> <img loading=\"lazy\" decoding=\"async\" class=\"size-full wp-image-1203 aligncenter\" src=\"https:\/\/wordpress.nibis.de\/gsvolkmarode\/files\/2023\/10\/20230921_120905-scaled.jpg\" alt=\"\" width=\"2560\" height=\"1920\" srcset=\"https:\/\/wordpress.nibis.de\/gsvolkmarode\/files\/2023\/10\/20230921_120905-scaled.jpg 2560w, https:\/\/wordpress.nibis.de\/gsvolkmarode\/files\/2023\/10\/20230921_120905-768x576.jpg 768w, https:\/\/wordpress.nibis.de\/gsvolkmarode\/files\/2023\/10\/20230921_120905-1536x1152.jpg 1536w, https:\/\/wordpress.nibis.de\/gsvolkmarode\/files\/2023\/10\/20230921_120905-2048x1536.jpg 2048w\" sizes=\"auto, (max-width: 2560px) 100vw, 2560px\" \/><\/td>\n<\/tr>\n<\/tbody>\n<\/table>\n","protected":false},"excerpt":{"rendered":"<p>Sch\u00fclerzeitung Auch im letzten Schuljahr konnten die Sch\u00fclerInnen intressengesteuert zwischen verschiedenen Arbeitsgemeinschaften &hellip; <\/p>\n","protected":false},"author":9192484,"featured_media":0,"parent":235,"menu_order":0,"comment_status":"closed","ping_status":"closed","template":"","meta":{"footnotes":""},"class_list":["post-1171","page","type-page","status-publish","hentry"],"_links":{"self":[{"href":"https:\/\/wordpress.nibis.de\/gsvolkmarode\/wp-json\/wp\/v2\/pages\/1171","targetHints":{"allow":["GET"]}}],"collection":[{"href":"https:\/\/wordpress.nibis.de\/gsvolkmarode\/wp-json\/wp\/v2\/pages"}],"about":[{"href":"https:\/\/wordpress.nibis.de\/gsvolkmarode\/wp-json\/wp\/v2\/types\/page"}],"author":[{"embeddable":true,"href":"https:\/\/wordpress.nibis.de\/gsvolkmarode\/wp-json\/wp\/v2\/users\/9192484"}],"replies":[{"embeddable":true,"href":"https:\/\/wordpress.nibis.de\/gsvolkmarode\/wp-json\/wp\/v2\/comments?post=1171"}],"version-history":[{"count":11,"href":"https:\/\/wordpress.nibis.de\/gsvolkmarode\/wp-json\/wp\/v2\/pages\/1171\/revisions"}],"predecessor-version":[{"id":1594,"href":"https:\/\/wordpress.nibis.de\/gsvolkmarode\/wp-json\/wp\/v2\/pages\/1171\/revisions\/1594"}],"up":[{"embeddable":true,"href":"https:\/\/wordpress.nibis.de\/gsvolkmarode\/wp-json\/wp\/v2\/pages\/235"}],"wp:attachment":[{"href":"https:\/\/wordpress.nibis.de\/gsvolkmarode\/wp-json\/wp\/v2\/media?parent=1171"}],"curies":[{"name":"wp","href":"https:\/\/api.w.org\/{rel}","templated":true}]}}