{"id":1476,"date":"2025-06-02T13:47:45","date_gmt":"2025-06-02T11:47:45","guid":{"rendered":"https:\/\/wordpress.nibis.de\/gsvolkmarode\/?page_id=1476"},"modified":"2025-09-16T10:51:22","modified_gmt":"2025-09-16T08:51:22","slug":"schuljahr-2024-25","status":"publish","type":"page","link":"https:\/\/wordpress.nibis.de\/gsvolkmarode\/archiv\/schuljahr-2024-25\/","title":{"rendered":"Schuljahr 2024\/25"},"content":{"rendered":"\n<p><strong>Die Jugendbuchwoche vom 11.-15. November 2024<\/strong><\/p>\n\n\n\n<figure class=\"wp-block-table\"><table><tbody><tr><td><img loading=\"lazy\" decoding=\"async\" src=\"https:\/\/wordpress.nibis.de\/gsvolkmarode\/files\/2024\/11\/IMG_2837-850x478.jpeg\" alt=\"\" width=\"850\" height=\"478\"><\/td><td><img loading=\"lazy\" decoding=\"async\" src=\"https:\/\/wordpress.nibis.de\/gsvolkmarode\/files\/2024\/11\/IMG_2830-850x478.jpeg\" alt=\"\" width=\"850\" height=\"478\"><\/td><\/tr><tr><td><img loading=\"lazy\" decoding=\"async\" src=\"https:\/\/wordpress.nibis.de\/gsvolkmarode\/files\/2024\/11\/IMG_2831-850x478.jpeg\" alt=\"\" width=\"850\" height=\"478\"><\/td><td><img loading=\"lazy\" decoding=\"async\" src=\"https:\/\/wordpress.nibis.de\/gsvolkmarode\/files\/2024\/11\/IMG_2837-850x478.jpeg\" alt=\"\" width=\"850\" height=\"478\"><\/td><\/tr><tr><td><img loading=\"lazy\" decoding=\"async\" src=\"https:\/\/wordpress.nibis.de\/gsvolkmarode\/files\/2024\/11\/IMG_2835-850x478.jpeg\" alt=\"\" width=\"850\" height=\"478\"><\/td><td><img loading=\"lazy\" decoding=\"async\" src=\"https:\/\/wordpress.nibis.de\/gsvolkmarode\/files\/2024\/11\/IMG_2836-850x478.jpeg\" alt=\"\" width=\"850\" height=\"478\"><\/td><\/tr><tr><td><img loading=\"lazy\" decoding=\"async\" src=\"https:\/\/wordpress.nibis.de\/gsvolkmarode\/files\/2024\/11\/IMG_2832-850x478.jpeg\" alt=\"\" width=\"850\" height=\"478\"><\/td><td><img loading=\"lazy\" decoding=\"async\" src=\"https:\/\/wordpress.nibis.de\/gsvolkmarode\/files\/2024\/11\/IMG_2833-850x478.jpeg\" alt=\"\" width=\"850\" height=\"478\"><\/td><\/tr><\/tbody><\/table><\/figure>\n\n\n\n<p>Im Rahmen der Jugendbuchwoche haben uns am Freitag, den 15.11.2024 insgesamt 17 (Gro\u00df-)Eltern unterst\u00fctzt. Sie haben B\u00fccher von zu Hause mitgebracht und den Erst- und Zweitkl\u00e4sslern daraus vorgelesen.<\/p>\n\n\n\n<p>Unsere 4. Kl\u00e4ssler durften die Basketball L\u00f6wen Braunschweig tatkr\u00e4ftig im Stadion unterst\u00fctzen und beim Einlaufen Spalier stehen. Dieses Erlebnis bleibt unvergessen. Den sportlichen Vorbilder einmal ganz nah sein und selbst im Rampenlicht stehen.&nbsp;<\/p>\n\n\n\n<figure class=\"wp-block-image\"><img loading=\"lazy\" decoding=\"async\" width=\"2560\" height=\"1707\" src=\"https:\/\/wordpress.nibis.de\/gsvolkmarode\/files\/2024\/04\/20240413-DSC04804-scaled.jpg\" alt=\"\" class=\"wp-image-1313\" srcset=\"https:\/\/wordpress.nibis.de\/gsvolkmarode\/files\/2024\/04\/20240413-DSC04804-scaled.jpg 2560w, https:\/\/wordpress.nibis.de\/gsvolkmarode\/files\/2024\/04\/20240413-DSC04804-768x512.jpg 768w, https:\/\/wordpress.nibis.de\/gsvolkmarode\/files\/2024\/04\/20240413-DSC04804-1536x1024.jpg 1536w, https:\/\/wordpress.nibis.de\/gsvolkmarode\/files\/2024\/04\/20240413-DSC04804-2048x1365.jpg 2048w\" sizes=\"auto, (max-width: 2560px) 100vw, 2560px\" \/><\/figure>\n\n\n\n<figure class=\"wp-block-image\"><img loading=\"lazy\" decoding=\"async\" width=\"2560\" height=\"1707\" src=\"https:\/\/wordpress.nibis.de\/gsvolkmarode\/files\/2024\/04\/20240413-DSC04796-scaled.jpg\" alt=\"\" class=\"wp-image-1314\" srcset=\"https:\/\/wordpress.nibis.de\/gsvolkmarode\/files\/2024\/04\/20240413-DSC04796-scaled.jpg 2560w, https:\/\/wordpress.nibis.de\/gsvolkmarode\/files\/2024\/04\/20240413-DSC04796-768x512.jpg 768w, https:\/\/wordpress.nibis.de\/gsvolkmarode\/files\/2024\/04\/20240413-DSC04796-1536x1024.jpg 1536w, https:\/\/wordpress.nibis.de\/gsvolkmarode\/files\/2024\/04\/20240413-DSC04796-2048x1365.jpg 2048w\" sizes=\"auto, (max-width: 2560px) 100vw, 2560px\" \/><\/figure>\n\n\n\n<figure class=\"wp-block-image\"><img loading=\"lazy\" decoding=\"async\" width=\"2560\" height=\"1707\" src=\"https:\/\/wordpress.nibis.de\/gsvolkmarode\/files\/2024\/04\/20240413-DSC04784-scaled.jpg\" alt=\"\" class=\"wp-image-1315\" srcset=\"https:\/\/wordpress.nibis.de\/gsvolkmarode\/files\/2024\/04\/20240413-DSC04784-scaled.jpg 2560w, https:\/\/wordpress.nibis.de\/gsvolkmarode\/files\/2024\/04\/20240413-DSC04784-768x512.jpg 768w, https:\/\/wordpress.nibis.de\/gsvolkmarode\/files\/2024\/04\/20240413-DSC04784-1536x1024.jpg 1536w, https:\/\/wordpress.nibis.de\/gsvolkmarode\/files\/2024\/04\/20240413-DSC04784-2048x1365.jpg 2048w\" sizes=\"auto, (max-width: 2560px) 100vw, 2560px\" \/><\/figure>\n\n\n\n<figure class=\"wp-block-image\"><img loading=\"lazy\" decoding=\"async\" width=\"2560\" height=\"1707\" src=\"https:\/\/wordpress.nibis.de\/gsvolkmarode\/files\/2024\/04\/20240413-DSC04783-scaled.jpg\" alt=\"\" class=\"wp-image-1316\" srcset=\"https:\/\/wordpress.nibis.de\/gsvolkmarode\/files\/2024\/04\/20240413-DSC04783-scaled.jpg 2560w, https:\/\/wordpress.nibis.de\/gsvolkmarode\/files\/2024\/04\/20240413-DSC04783-768x512.jpg 768w, https:\/\/wordpress.nibis.de\/gsvolkmarode\/files\/2024\/04\/20240413-DSC04783-1536x1024.jpg 1536w, https:\/\/wordpress.nibis.de\/gsvolkmarode\/files\/2024\/04\/20240413-DSC04783-2048x1365.jpg 2048w\" sizes=\"auto, (max-width: 2560px) 100vw, 2560px\" \/><\/figure>\n\n\n\n<figure class=\"wp-block-image\"><img loading=\"lazy\" decoding=\"async\" width=\"1707\" height=\"2560\" src=\"https:\/\/wordpress.nibis.de\/gsvolkmarode\/files\/2024\/04\/20240413-DSC01470-scaled.jpg\" alt=\"\" class=\"wp-image-1317\" srcset=\"https:\/\/wordpress.nibis.de\/gsvolkmarode\/files\/2024\/04\/20240413-DSC01470-scaled.jpg 1707w, https:\/\/wordpress.nibis.de\/gsvolkmarode\/files\/2024\/04\/20240413-DSC01470-768x1152.jpg 768w, https:\/\/wordpress.nibis.de\/gsvolkmarode\/files\/2024\/04\/20240413-DSC01470-1024x1536.jpg 1024w, https:\/\/wordpress.nibis.de\/gsvolkmarode\/files\/2024\/04\/20240413-DSC01470-1365x2048.jpg 1365w\" sizes=\"auto, (max-width: 1707px) 100vw, 1707px\" \/><\/figure>\n\n\n\n<p>Basketball L\u00f6wen Braunschweig\/Chris Vehrke, Kai Falk.<\/p>\n","protected":false},"excerpt":{"rendered":"<p>Die Jugendbuchwoche vom 11.-15. November 2024 Im Rahmen der Jugendbuchwoche haben uns &hellip; <\/p>\n","protected":false},"author":9192484,"featured_media":0,"parent":235,"menu_order":0,"comment_status":"closed","ping_status":"closed","template":"","meta":{"footnotes":""},"class_list":["post-1476","page","type-page","status-publish","hentry"],"_links":{"self":[{"href":"https:\/\/wordpress.nibis.de\/gsvolkmarode\/wp-json\/wp\/v2\/pages\/1476","targetHints":{"allow":["GET"]}}],"collection":[{"href":"https:\/\/wordpress.nibis.de\/gsvolkmarode\/wp-json\/wp\/v2\/pages"}],"about":[{"href":"https:\/\/wordpress.nibis.de\/gsvolkmarode\/wp-json\/wp\/v2\/types\/page"}],"author":[{"embeddable":true,"href":"https:\/\/wordpress.nibis.de\/gsvolkmarode\/wp-json\/wp\/v2\/users\/9192484"}],"replies":[{"embeddable":true,"href":"https:\/\/wordpress.nibis.de\/gsvolkmarode\/wp-json\/wp\/v2\/comments?post=1476"}],"version-history":[{"count":2,"href":"https:\/\/wordpress.nibis.de\/gsvolkmarode\/wp-json\/wp\/v2\/pages\/1476\/revisions"}],"predecessor-version":[{"id":1482,"href":"https:\/\/wordpress.nibis.de\/gsvolkmarode\/wp-json\/wp\/v2\/pages\/1476\/revisions\/1482"}],"up":[{"embeddable":true,"href":"https:\/\/wordpress.nibis.de\/gsvolkmarode\/wp-json\/wp\/v2\/pages\/235"}],"wp:attachment":[{"href":"https:\/\/wordpress.nibis.de\/gsvolkmarode\/wp-json\/wp\/v2\/media?parent=1476"}],"curies":[{"name":"wp","href":"https:\/\/api.w.org\/{rel}","templated":true}]}}