{"id":160,"date":"2025-09-21T23:27:30","date_gmt":"2025-09-21T21:27:30","guid":{"rendered":"http:\/\/wordpress.nibis.de\/gsvolkmarode\/?page_id=160"},"modified":"2026-03-19T13:04:00","modified_gmt":"2026-03-19T12:04:00","slug":"klassen","status":"publish","type":"page","link":"https:\/\/wordpress.nibis.de\/gsvolkmarode\/schule\/klassen\/","title":{"rendered":"Die Klassen"},"content":{"rendered":"\n<p><span style=\"color: #3366ff\"><strong><span style=\"color: #000000\">Die Grundschule Volkmarode ist seit 1974 eine <span style=\"color: #0000ff\">eigenst\u00e4ndige Grundschule<\/span>.&nbsp;<\/span><br><\/strong><\/span>Seit dem Schuljahr 2002\/2003 sind wir eine <span style=\"color: #0000ff\">Verl\u00e4ssliche Grundschule<\/span> (VGS). Das hei\u00dft, wir bieten in einem festen Zeitrahmen t\u00e4glich von 7.50 &#8211; 12.55 Uhr Unterricht und Betreuung f\u00fcr unsere Schulkinder an. Dabei haben wir eine 96%ige Unterrichtsversorgung mit Vertretungsreserve, so dass es keine ver\u00e4nderten Anfangs- oder Endzeiten durch eventuelle Unterrichtsausf\u00e4lle mehr gibt. Die t\u00e4gliche Unterrichts- und Betreuungszeit von 5 Zeitstunden ist garantiert.<\/p>\n\n\n\n<p><span style=\"color: #008080\"><strong>Sch\u00fclerzahlen:<\/strong>&nbsp;<\/span><br>&#8211; ca. 200 Schulkinder aus den Ortsteilen Volkmarode und Schapen<br>&#8211; durchschnittlich dreiz\u00fcgig von Klasse 1 bis 4<br><span style=\"color: #008080\"><strong>Das Team:<\/strong><\/span><br>&#8211; 13 Lehrkr\u00e4fte einschlie\u00dflich Schulleitung<br>&#8211; 1 Lehramtsanw\u00e4rterin<br>&#8211; 5 p\u00e4dagogische Mitarbeiter\/innen<br>&#8211; 1 Sekret\u00e4rin<br>&#8211; 1 Hausmeister<br><span style=\"color: #008080\"><strong>Unterrichts- und Erziehungskonzept:<\/strong><\/span><br>&#8211; Integration sei 1995<br>&#8211; Lernen unter einem Dach\/Regionales Integrationskonzept seit 2001<br>&#8211; begabungsgerechtes F\u00f6rder- und Forderkonzept<br>&#8211; F\u00f6rderung besonderer Begabungen im F\u00f6rderverbund<br>&#8211; sonderp\u00e4dagogische Grundversorgung<br>&#8211; Sportf\u00f6rderunterricht, Schwimmen<br>&#8211; Randstundenbetreuung f\u00fcr die Jahrg\u00e4nge 1 und 2<br>&#8211; Verl\u00e4ssliche Grundschule mit festen Unterrichts- und Betreuungszeiten<br>von 7.50 \u2013 12.55 Uhr seit 2002<br>&#8211; Schulkindbetreuung bis 16.00 Uhr durch das DRK und die Johanniter<br>&#8211; Kooperation mit den Kinderg\u00e4rten in Volkmarode und Schapen<br>&#8211; Instrumentalunterricht durch Herrn Hottmann (Fl\u00f6te, Keyboard, Akkordeon)<br>&#8211; Kooperation mit der Technischen Universit\u00e4t Braunschweig<br>&#8211; Kooperation mit der B\u00fcrgerstiftung Braunschweig (Lesef\u00f6rderung)<br>&#8211; Kooperation mit Kirche, Polizei, Feuerwehr<\/p>\n\n\n\n<p><span style=\"color: #008080\"><b>J\u00e4hrlich:<\/b><\/span><\/p>\n\n\n\n<ul class=\"wp-block-list\">\n<li>Sport- und Spielefest (Juni), Elternhilfe n\u00f6tig<\/li>\n\n\n\n<li>Teilnahme am Schulputztag (M\u00e4rz\/April)<\/li>\n\n\n\n<li>Teilnahme am Schapener Volkslauf (September) und Nachtlauf (Juni), keine Schulveranstaltungen<\/li>\n\n\n\n<li>Zahn\u00e4rztliche Untersuchung im Rahmen der Jugendzahnpflege (2 mal)<\/li>\n\n\n\n<li>Angebote f\u00fcr besondere Begabungen (unterschiedliche Themen, auch schuloffen &#8211; bes. in Klasse 3 und 4)<\/li>\n\n\n\n<li>Autorenlesung<\/li>\n\n\n\n<li>Projektwochen<\/li>\n\n\n\n<li>F\u00f6rder- und Forderunterricht<\/li>\n<\/ul>\n\n\n\n<p><span style=\"color: #008080\"><b>Klasse 1:<\/b><\/span><\/p>\n\n\n\n<ul class=\"wp-block-list\">\n<li>1. Elternabend: Wahl der Elternvertreter<\/li>\n\n\n\n<li>Eltern \u00fcbernehmen Lotsendienst an der Ampel an der Berliner Stra\u00dfe<\/li>\n\n\n\n<li>Einheitliche Zeugnisformulierungen in den F\u00e4chern Deutsch und Mathematik f\u00fcr jeden Kompetenzbereich (keine Noten)<\/li>\n\n\n\n<li>Kein Zeugnis zum Halbjahr, erst zum Ende des Schuljahres<\/li>\n\n\n\n<li>Zeugnisausgabetag nur 3 Stunden<\/li>\n\n\n\n<li>Teilnahme Erntedankgottesdienst Trinitatis Kirche Schapen<\/li>\n\n\n\n<li>Zusatzangebote (Eintracht Braunschweig)<\/li>\n\n\n\n<li>Die Klassenstufe 1 hat 21 Wochenstunden; d.h. an einem Tag 5 Unterrichtsstunden und an vier Tagen 4 Unterrichtsstunden plus Randstunde<\/li>\n<\/ul>\n\n\n\n<p><span style=\"color: #00ccff\"><b>Klasse 2:<\/b><\/span><\/p>\n\n\n\n<ul class=\"wp-block-list\">\n<li>Eltern \u00fcbernehmen Lotsendienst an der Ampel an der Berliner Stra\u00dfe bis zur Schulung der neuen Eltern<\/li>\n\n\n\n<li>Ausrichtung des Buffets bei der Einschulungsfeier durch die Eltern<\/li>\n\n\n\n<li>Einheitliche Zeugnisformulierungen in den F\u00e4chern Deutsch und Mathematik f\u00fcr jeden Kompetenzbereich (keine Noten)<\/li>\n\n\n\n<li>Teilnahme Erntedankgottesdienst Trinitatis Kirche Schapen<\/li>\n\n\n\n<li>Die Klassenstufe 2 hat 22 Wochenstunden; d.h. dreimal 4 Stunden und zweimal 5 Stunden mit entsprechender Betreuungszeit jeweils nach der 4. Stunde.<\/li>\n<\/ul>\n\n\n\n<p><span style=\"color: #008080\"><b>Klasse 3:<\/b><\/span><\/p>\n\n\n\n<ul class=\"wp-block-list\">\n<li>1. Elternabend: Wahl der neuen Elternvertreter<\/li>\n\n\n\n<li>Schwimmunterricht immer im 2.Halbjahr dienstags 5.+ 6. Std.,<\/li>\n\n\n\n<li>1. Halbjahr: 1 AG-Stunde<\/li>\n\n\n\n<li>Englisch ab sofort als fester Bestandteil des Stundenplanes<\/li>\n\n\n\n<li>Leistungsbeurteilung mit Noten<\/li>\n\n\n\n<li>Teilnahme Matheolympiade (Sch\u00fclerwettbewerb \u00fcber mehrere Runden), 1. Runde (Okt.\/Nov.) als Hausaufgabe, 2. Runde (Jan.\/Febr.) in der Schule, Teilnehmer oberhalb einer bestimmten Punktezahl qualifizieren sich f\u00fcr die 3. Runde (M\u00e4rz\/April) in der Schule, danach werden die Landessieger ermittelt Infos:\u00a0<a href=\"http:\/\/www.mo-ni.de\/\">www.mo-ni.de<\/a><\/li>\n\n\n\n<li>Gottesdienst im Fr\u00fchjahr<\/li>\n\n\n\n<li>Besuche der Jugendverkehrsschulen: JVSch I Ortwienstra\u00dfe und JVSch II am Flughafen in Waggum, 5-6 Termine im Jahr, kostenloser Transport, geregelt \u00fcber Stadt Braunschweig<\/li>\n\n\n\n<li>Die Klassenstufen 3 und 4 haben je 26 Wochenstunden Unterricht; d.h. viermal 5 und einmal 6 Stunden\/Woche.<\/li>\n<\/ul>\n\n\n\n<p><span style=\"color: #008080\"><b>Klasse 4:<\/b><\/span><\/p>\n\n\n\n<ul class=\"wp-block-list\">\n<li>Schwimmunterricht im 1. Halbjahr (dienstags 5.+6. Std.), 2. Halbjahr: 1 AG-Stunde<\/li>\n\n\n\n<li>Theoretische und praktische Fahrradpr\u00fcfung vor den Herbstferien, danach d\u00fcrfen die Kinder ihre Fahrr\u00e4der auf dem Schulgel\u00e4nde abstellen, Elternabend mit Herrn Gr\u00fcnvogel (Ansprechpartner Polizeiinspektion Braunschweig)<\/li>\n\n\n\n<li>Leistungsbeurteilung mit Noten<\/li>\n\n\n\n<li>Gottesdienst im Fr\u00fchjahr<\/li>\n\n\n\n<li>Teilnahme Matheolympiade (Sch\u00fclerwettbewerb \u00fcber mehrere Runden), 1. Runde (Okt.\/Nov.) als Hausaufgabe, 2. Runde (Jan.\/Febr.) in der Schule, Teilnehmer oberhalb einer bestimmten Punktezahl qualifizieren sich f\u00fcr die 3. Runde (M\u00e4rz\/April) in der Schule, danach werden die Landessieger ermittelt Infos:\u00a0<a href=\"http:\/\/www.mo-ni.de\/\">www.mo-ni.de<\/a><\/li>\n\n\n\n<li>\u00a0Beratungsgespr\u00e4che f\u00fcr den \u00dcbergang an die weiterf\u00fchrende Schule im November und im April , Anmeldung an weiterf\u00fchrenden Schulen, parallel finden Informationsveranstaltungen und Tage der offenen T\u00fcr der weiterf\u00fchrenden Schulen statt (Stadt BS gibt Brosch\u00fcre von Gymnasien, Gesamt-, Real- und Hauptschulen heraus)<\/li>\n\n\n\n<li>Verabschiedungsfeier am letzten Schultag vormittags in der Turnhalle<\/li>\n<\/ul>\n\n\n\n<p>\u00a0\/<\/p>\n\n\n\n<div class=\"wp-block-buttons is-horizontal is-content-justification-center is-layout-flex wp-container-core-buttons-is-layout-499968f5 wp-block-buttons-is-layout-flex\">\n<div class=\"wp-block-button\"><a class=\"wp-block-button__link has-black-color has-pale-cyan-blue-background-color has-text-color has-background has-link-color wp-element-button\" href=\"https:\/\/wordpress.nibis.de\/gsvolkmarode\/schule\/kalender-2\/\">zur\u00fcck zum Kalender<\/a><\/div>\n<\/div>\n\n\n","protected":false},"excerpt":{"rendered":"<p>Die Grundschule Volkmarode ist seit 1974 eine eigenst\u00e4ndige Grundschule.&nbsp;Seit dem Schuljahr 2002\/2003 &hellip; <\/p>\n","protected":false},"author":9192484,"featured_media":0,"parent":5,"menu_order":9,"comment_status":"closed","ping_status":"closed","template":"","meta":{"footnotes":""},"class_list":["post-160","page","type-page","status-publish","hentry"],"_links":{"self":[{"href":"https:\/\/wordpress.nibis.de\/gsvolkmarode\/wp-json\/wp\/v2\/pages\/160","targetHints":{"allow":["GET"]}}],"collection":[{"href":"https:\/\/wordpress.nibis.de\/gsvolkmarode\/wp-json\/wp\/v2\/pages"}],"about":[{"href":"https:\/\/wordpress.nibis.de\/gsvolkmarode\/wp-json\/wp\/v2\/types\/page"}],"author":[{"embeddable":true,"href":"https:\/\/wordpress.nibis.de\/gsvolkmarode\/wp-json\/wp\/v2\/users\/9192484"}],"replies":[{"embeddable":true,"href":"https:\/\/wordpress.nibis.de\/gsvolkmarode\/wp-json\/wp\/v2\/comments?post=160"}],"version-history":[{"count":15,"href":"https:\/\/wordpress.nibis.de\/gsvolkmarode\/wp-json\/wp\/v2\/pages\/160\/revisions"}],"predecessor-version":[{"id":2718,"href":"https:\/\/wordpress.nibis.de\/gsvolkmarode\/wp-json\/wp\/v2\/pages\/160\/revisions\/2718"}],"up":[{"embeddable":true,"href":"https:\/\/wordpress.nibis.de\/gsvolkmarode\/wp-json\/wp\/v2\/pages\/5"}],"wp:attachment":[{"href":"https:\/\/wordpress.nibis.de\/gsvolkmarode\/wp-json\/wp\/v2\/media?parent=160"}],"curies":[{"name":"wp","href":"https:\/\/api.w.org\/{rel}","templated":true}]}}