{"id":184,"date":"2015-09-22T18:01:00","date_gmt":"2015-09-22T16:01:00","guid":{"rendered":"http:\/\/wordpress.nibis.de\/gsvolkmarode\/?page_id=184"},"modified":"2026-03-19T12:57:46","modified_gmt":"2026-03-19T11:57:46","slug":"information","status":"publish","type":"page","link":"https:\/\/wordpress.nibis.de\/gsvolkmarode\/schule\/information\/","title":{"rendered":"Lesende Schule"},"content":{"rendered":"\n<p class=\"has-pale-cyan-blue-background-color has-background\">Lesef\u00f6rderung wird an unserer Schule ganz gro\u00dfgeschrieben. Dreh- und Angelpunkt daf\u00fcr ist unsere <em>Schulb\u00fccherei<\/em>. Etwas versteckt im Keller der Schule, ist sie eine kleine Schatzkiste, die mit inzwischen mehr als 1400 B\u00fcchern gut best\u00fcckt ist. Hier findet sich etwas f\u00fcr jeden Geschmack und jede Altersstufe: von Bilder- und Wimmelb\u00fcchern, \u00fcber Erstleseb\u00fccher, B\u00fccher mit Geschichten \u00fcber Feen und Einh\u00f6rner, Fu\u00dfballgeschichten, Krimis und Kinderbuchklassiker bis hin zu Sachb\u00fcchern verschiedenster Themenbereiche.<\/p>\n\n\n\n<p>Dank der <em>B\u00fcrgerstiftung Braunschweig<\/em> f\u00fcllen sich die Regale unserer Schulb\u00fccherei von Jahr zu Jahr mehr, denn seit 2006 ist unsere Schule Kooperationspartner im Projekt.<\/p>\n\n\n\n<p><strong>AUF DEM WEG ZUM BUCH \u2013 LESEF\u00d6RDERUNG AN BRAUNSCHWEIGER SCHULEN.<\/strong><\/p>\n\n\n\n<p>Dadurch ist es uns m\u00f6glich unseren Bestand jedes Jahr mit tollen Neuerscheinungen zu erg\u00e4nzen und die verschiedenen Themenkomplexe auszubauen. Herzlichen Dank an die B\u00fcrgerstiftung Braunschweig f\u00fcr die gro\u00dfz\u00fcgige Unterst\u00fctzung!<\/p>\n\n\n\n<p>Die B\u00fccherei ist mehrmals w\u00f6chentlich in den gro\u00dfen Pausen f\u00fcr die Ausleihe ge\u00f6ffnet und kann auch w\u00e4hrend der Unterrichtszeiten genutzt werden. Besonders f\u00fcr die Lesestunden ist sie sehr beliebt. Dann \u00fcben unsere <em>Leseeltern<\/em> und <em>Lesepaten der B\u00fcrgerstiftung<\/em> in Kleingruppen mit den Kindern lesen, spielen Leselernspiele mit ihnen und lesen ihnen Geschichten vor. Vielen Dank an alle, die sich in der Buchausleihe und als Leseeltern und Lesepaten engagieren!<\/p>\n\n\n\n<p>Zus\u00e4tzlich bekommen unsere Sch\u00fclerinnen und Sch\u00fcler auch die Gelegenheit mindestens einmal pro Schuljahr die <em>Ortsb\u00fccherei<\/em> zu besuchen. Vielen Dank an Christa Bleeke, die seit Jahren ehrenamtlich unseren Sch\u00fclerinnen und Sch\u00fclern die Ortsb\u00fccherei n\u00e4herbringt!<\/p>\n\n\n\n<p>Auch der Besuch der <em>Stadtbibliothek <\/em>steht f\u00fcr alle Klassen jedes Jahr auf dem Programm.<\/p>\n\n\n\n<p>F\u00fcr eine Schule, in der so viel gelesen wird, darf nat\u00fcrlich auch die Teilnahme an der <em>Jugendbuchwoche<\/em> nicht fehlen. Einmal im Jahr wird unsere Schule dann zum B\u00fccherparadies: Es gibt Lesungen, einen Vorlesewettbewerb, Buchvorstellungen, Bilderbuchkinos und viele andere Aktivit\u00e4ten rund ums Buch.<\/p>\n\n\n\n<p>Ausgelesene B\u00fccher k\u00f6nnen unsere Sch\u00fclerinnen und Sch\u00fcler dann im Sommer bei unserem <em>B\u00fccherflohmarkt<\/em> weiterverkaufen und sich gleichzeitig mit neuem Lesestoff eindecken.<\/p>\n\n\n\n<p>Au\u00dferdem steht an unserer Schule f\u00fcr alle Kinder das <em>Lesef\u00f6rderprogramm Antolin<\/em> zur Verf\u00fcgung. Hier k\u00f6nnen die Kinder f\u00fcr jedes gelesene Buch Punkte sammeln. Die flei\u00dfigsten Leserinnen und Leser werden am Ende des Schuljahres ausgezeichnet.<\/p>\n\n\n\n<p class=\"has-electric-grass-gradient-background has-background has-medium-font-size\">Die Grundschule Volkmarode ist Mitglied im Kooperationsverbund Braunschweig. Jedes Halbjahr werden an der Schule die Listen mit den aktuellen Angeboten ausgegeben. Wenn Sie Fragen haben, melden Sie sich gerne bei Frau Bartels (ju&#100;&#105;&#x74;&#x68;&#x2e;&#x62;ar&#116;&#101;&#x6c;&#x73;&#x40;&#x67;s-&#118;&#111;&#108;&#x6b;&#x6d;&#x61;&#x72;od&#101;&#46;&#x64;&#x65;).<\/p>\n\n\n\n<div class=\"wp-block-buttons is-horizontal is-content-justification-center is-layout-flex wp-container-core-buttons-is-layout-499968f5 wp-block-buttons-is-layout-flex\">\n<div class=\"wp-block-button\"><a class=\"wp-block-button__link has-black-color has-pale-cyan-blue-background-color has-text-color has-background has-link-color wp-element-button\" href=\"https:\/\/wordpress.nibis.de\/gsvolkmarode\/schule\/foerderung-besonderer-begabungen\/\">weiter zur F\u00f6rderung besonderer Begabungen<\/a><\/div>\n<\/div>\n","protected":false},"excerpt":{"rendered":"<p>Lesef\u00f6rderung wird an unserer Schule ganz gro\u00dfgeschrieben. Dreh- und Angelpunkt daf\u00fcr ist &hellip; <\/p>\n","protected":false},"author":9192484,"featured_media":0,"parent":5,"menu_order":5,"comment_status":"closed","ping_status":"closed","template":"","meta":{"footnotes":""},"class_list":["post-184","page","type-page","status-publish","hentry"],"_links":{"self":[{"href":"https:\/\/wordpress.nibis.de\/gsvolkmarode\/wp-json\/wp\/v2\/pages\/184","targetHints":{"allow":["GET"]}}],"collection":[{"href":"https:\/\/wordpress.nibis.de\/gsvolkmarode\/wp-json\/wp\/v2\/pages"}],"about":[{"href":"https:\/\/wordpress.nibis.de\/gsvolkmarode\/wp-json\/wp\/v2\/types\/page"}],"author":[{"embeddable":true,"href":"https:\/\/wordpress.nibis.de\/gsvolkmarode\/wp-json\/wp\/v2\/users\/9192484"}],"replies":[{"embeddable":true,"href":"https:\/\/wordpress.nibis.de\/gsvolkmarode\/wp-json\/wp\/v2\/comments?post=184"}],"version-history":[{"count":21,"href":"https:\/\/wordpress.nibis.de\/gsvolkmarode\/wp-json\/wp\/v2\/pages\/184\/revisions"}],"predecessor-version":[{"id":2713,"href":"https:\/\/wordpress.nibis.de\/gsvolkmarode\/wp-json\/wp\/v2\/pages\/184\/revisions\/2713"}],"up":[{"embeddable":true,"href":"https:\/\/wordpress.nibis.de\/gsvolkmarode\/wp-json\/wp\/v2\/pages\/5"}],"wp:attachment":[{"href":"https:\/\/wordpress.nibis.de\/gsvolkmarode\/wp-json\/wp\/v2\/media?parent=184"}],"curies":[{"name":"wp","href":"https:\/\/api.w.org\/{rel}","templated":true}]}}