{"id":190,"date":"2018-09-22T18:07:00","date_gmt":"2018-09-22T16:07:00","guid":{"rendered":"http:\/\/wordpress.nibis.de\/gsvolkmarode\/?page_id=190"},"modified":"2026-03-19T12:55:39","modified_gmt":"2026-03-19T11:55:39","slug":"schulregeln","status":"publish","type":"page","link":"https:\/\/wordpress.nibis.de\/gsvolkmarode\/schule\/schulregeln\/","title":{"rendered":"Schulregeln"},"content":{"rendered":"\n<p class=\"has-light-green-cyan-background-color has-background\">Wir wollen eine Schule, in der wir friedlich miteinander umgehen und erfolgreich lernen k\u00f6nnen und in der wir uns wohlf\u00fchlen. Aus diesem Grund halten wir uns alle an folgende Regeln.<\/p>\n\n\n\n<p class=\"tw-mt-1 has-pale-cyan-blue-background-color has-background\" style=\"font-size:27px\">Umgang miteinander<\/p>\n\n\n\n<ul class=\"wp-block-list is-style-tw-table\">\n<li class=\"has-pale-cyan-blue-background-color has-background has-medium-font-size\">Wir begr\u00fc\u00dfen uns freundlich.<\/li>\n\n\n\n<li class=\"has-pale-cyan-blue-background-color has-background has-medium-font-size\">Wir gehen h\u00f6flich miteinander um.<\/li>\n\n\n\n<li class=\"has-pale-cyan-blue-background-color has-background has-medium-font-size\">Wir helfen einander. Das hei\u00dft auch, ich schaue nicht weg, wenn ein anderer Hilfe braucht.<\/li>\n\n\n\n<li class=\"has-pale-cyan-blue-background-color has-background has-medium-font-size\">Ich lache niemanden aus.<\/li>\n\n\n\n<li class=\"has-pale-cyan-blue-background-color has-background has-medium-font-size\">Ich verwende keine Schimpfw\u00f6rter, Kraftausdr\u00fccke oder Beleidigungen.<\/li>\n\n\n\n<li class=\"has-pale-cyan-blue-background-color has-background has-medium-font-size\">Ich respektiere und achte meine Mitsch\u00fcler und Erwachsene:<\/li>\n\n\n\n<li class=\"has-pale-cyan-blue-background-color has-background has-medium-font-size\">Ich schubse, schlage, kneife, trete, \u00e4rgere, bespucke niemanden und stelle keinem ein Bein<\/li>\n\n\n\n<li class=\"has-pale-cyan-blue-background-color has-background has-medium-font-size\">Ich provoziere nicht<\/li>\n\n\n\n<li class=\"has-pale-cyan-blue-background-color has-background has-medium-font-size\">Ich tue niemandem weh<\/li>\n\n\n\n<li class=\"has-pale-cyan-blue-background-color has-background has-medium-font-size\">Ich lasse mich nicht zum Streit herausfordern, sondern bleibe &#8222;cool&#8220;<\/li>\n\n\n\n<li class=\"has-pale-cyan-blue-background-color has-background has-medium-font-size\">Sollte dennoch Streit aufkommen: Ich l\u00f6se Streit friedlich und hole mir notfalls Hilfe von den Streitschlichtern oder den Erwachsenen<\/li>\n\n\n\n<li class=\"has-pale-cyan-blue-background-color has-background has-medium-font-size\">Ich beachte die Stopp Regel!<\/li>\n\n\n\n<li class=\"has-pale-cyan-blue-background-color has-background has-medium-font-size\">Ich achte die Sachen der anderen, nehme nichts weg, mache nichts kaputt und frage h\u00f6flich, wenn ich etwas leihen m\u00f6chte.<\/li>\n<\/ul>\n\n\n\n<h2 class=\"wp-block-heading has-light-green-cyan-background-color has-background\" style=\"font-size:27px\">Verhalten im Geb\u00e4ude<\/h2>\n\n\n\n<ul class=\"wp-block-list is-style-tw-table has-light-green-cyan-background-color has-background\">\n<li class=\"has-medium-font-size\"><\/li>\n\n\n\n<li class=\"has-medium-font-size\"><\/li>\n\n\n\n<li class=\"has-medium-font-size\"><\/li>\n\n\n\n<li class=\"has-medium-font-size\"><\/li>\n\n\n\n<li class=\"has-medium-font-size\"><\/li>\n\n\n\n<li class=\"has-medium-font-size\"><\/li>\n\n\n\n<li class=\"has-medium-font-size\"><\/li>\n\n\n\n<li class=\"has-medium-font-size\"><\/li>\n\n\n\n<li class=\"has-medium-font-size\"><\/li>\n\n\n\n<li class=\"has-medium-font-size\"><\/li>\n\n\n\n<li class=\"has-medium-font-size\"><\/li>\n<\/ul>\n\n\n\n<h3 class=\"wp-block-heading is-style-default has-black-color has-pale-cyan-blue-background-color has-text-color has-background has-link-color wp-elements-95bd129b67dcc9f398d7ae6acab031d2\" style=\"font-size:27px\">Verhalten im Unterricht<\/h3>\n\n\n\n<div class=\"wp-block-group\"><div class=\"wp-block-group__inner-container is-layout-constrained wp-block-group-is-layout-constrained\">\n<ul class=\"wp-block-list is-style-tw-table\">\n<li class=\"has-pale-cyan-blue-background-color has-background has-medium-font-size\">Ich komme p\u00fcnktlich zum Unterricht!<\/li>\n\n\n\n<li class=\"has-pale-cyan-blue-background-color has-background has-medium-font-size\">Die erste Stunde beginnt um 8.00 Uhr.<\/li>\n\n\n\n<li class=\"has-pale-cyan-blue-background-color has-background has-medium-font-size\">Ab 7.50 Uhr ist die Schule ge\u00f6ffnet und ich werde eingelassen. Deshalb sollte ich nicht fr\u00fcher kommen.<\/li>\n\n\n\n<li class=\"has-pale-cyan-blue-background-color has-background has-medium-font-size\">Ich verlasse das Schulgel\u00e4nde nicht<\/li>\n\n\n\n<li class=\"has-pale-cyan-blue-background-color has-background has-medium-font-size\">Ich r\u00e4ume zum Stundenende meinen Platz und mein Umfeld auf!<\/li>\n\n\n\n<li class=\"has-pale-cyan-blue-background-color has-background has-medium-font-size\">Ich gehe in die Klasse wenn es klingelt , bereite meinen Platz f\u00fcr die n\u00e4chste Stunde vor und warte am Platz ruhig auf den Lehrer.<\/li>\n\n\n\n<li class=\"has-pale-cyan-blue-background-color has-background has-medium-font-size\">Ich trage Hausschuhe!<\/li>\n\n\n\n<li class=\"has-pale-cyan-blue-background-color has-background has-medium-font-size\">Ich h\u00f6re anderen zu und lasse sie ausreden.<\/li>\n\n\n\n<li class=\"has-pale-cyan-blue-background-color has-background has-medium-font-size\">Ich rede w\u00e4hrend des Unterrichts nicht unn\u00f6tig.<\/li>\n\n\n\n<li class=\"has-pale-cyan-blue-background-color has-background has-medium-font-size\">Ich melde mich und rufe nicht dazwischen.<\/li>\n\n\n\n<li class=\"has-pale-cyan-blue-background-color has-background has-medium-font-size\">Wir bringen unsere Hausaufgaben und Arbeitsmittel zuverl\u00e4ssig mit.<\/li>\n\n\n\n<li class=\"has-pale-cyan-blue-background-color has-background has-medium-font-size\">Ich esse und trinke nur in den Pausen, im Unterricht kaue ich keinen Kaugummi.<\/li>\n<\/ul>\n<\/div><\/div>\n\n\n\n<h4 class=\"wp-block-heading has-pale-cyan-blue-background-color has-background\" style=\"font-size:27px\">Verhalten auf dem Schulgel\u00e4nde<\/h4>\n\n\n\n<ul class=\"wp-block-list is-style-tw-table\">\n<li class=\"has-pale-cyan-blue-background-color has-background has-medium-font-size\">Als Fahrradfahrer fahre ich bis zum Schultor in der Stra\u00dfe &#8222;K\u00f6therberg&#8220;. Ab dem Tor schiebe ich mein Fahrrad bis zu den Fahrradst\u00e4ndern.<\/li>\n\n\n\n<li class=\"has-pale-cyan-blue-background-color has-background has-medium-font-size\">Fu\u00dfball spiele ich nur hinter der Turnhalle auf dem daf\u00fcr vorgesehenen Fu\u00dfballplatz nur mit SOFTB\u00c4LLEN !!!<\/li>\n\n\n\n<li class=\"has-pale-cyan-blue-background-color has-background has-medium-font-size\">B\u00e4lle werden nicht gegen W\u00e4nde und \u00fcber\/auf D\u00e4cher geschossen.<\/li>\n\n\n\n<li class=\"has-pale-cyan-blue-background-color has-background has-medium-font-size\">Der Fu\u00dfballplan in den Klassen sagt mir, wann ich spielen darf.<\/li>\n<\/ul>\n\n\n\n<h2 class=\"wp-block-heading has-large-font-size\"><strong><mark style=\"background-color:#ffffff\" class=\"has-inline-color has-luminous-vivid-orange-color\">Sicherheit<\/mark><\/strong><\/h2>\n\n\n\n<ul class=\"wp-block-list is-style-tw-table\">\n<li class=\"has-luminous-vivid-orange-background-color has-background has-medium-font-size\">Auf die Schaukel d\u00fcrfen maximal 4 Kinder, nur schaukelnde Kinder geben Anschwung.<\/li>\n\n\n\n<li class=\"has-luminous-vivid-orange-background-color has-background has-medium-font-size\">Ich darf mit meiner Gruppe erst schaukeln, wenn die Aufsicht gekommen ist.<\/li>\n\n\n\n<li class=\"has-luminous-vivid-orange-background-color has-background has-medium-font-size\">Ich springe nicht vor der Schaukel ab und schaukele nicht seitlich.<\/li>\n\n\n\n<li class=\"has-luminous-vivid-orange-background-color has-background has-medium-font-size\">Auf die Wippe d\u00fcrfen pro Seite h\u00f6chsten 5 Kinder. Ich springe nicht ab und krabbele nicht unten durch.<\/li>\n\n\n\n<li class=\"has-luminous-vivid-orange-background-color has-background has-medium-font-size\">Ich turne nicht auf dem Gel\u00e4nder zum Parkplatz.<\/li>\n\n\n\n<li class=\"has-luminous-vivid-orange-background-color has-background has-medium-font-size\">Ich beachte den Waffenerlass und bringe keine gef\u00e4hrlichen Dinge mit in die Schule.<\/li>\n\n\n\n<li class=\"has-luminous-vivid-orange-background-color has-background has-medium-font-size\">B\u00e4ume, Str\u00e4ucher, Beete und Hecken sind kein Spielplatz. &#8211; Ich schone die Pflanzen und pfl\u00fccke nur reife Fr\u00fcchte zum Essen!<\/li>\n\n\n\n<li class=\"has-luminous-vivid-orange-background-color has-background has-medium-font-size\">In den Hofpausen bin ich auf dem Pausenhof. Der Aufenthalt auf und um den Komposthaufen, auf dem Parkplatz und in der Einfahrt ist verboten.<\/li>\n\n\n\n<li class=\"has-luminous-vivid-orange-background-color has-background has-medium-font-size\">Ich gehe nur mit dem Lehrer in den Schulgarten. =&gt; Nur die eingeteilten Schulgartenkinder d\u00fcrfen dort arbeiten!<\/li>\n\n\n\n<li class=\"has-luminous-vivid-orange-background-color has-background has-medium-font-size\">Mit Schneeb\u00e4llen, Zapfen oder \u00e4hnlichen Dingen werfe ich nicht.<\/li>\n<\/ul>\n\n\n\n<h2 class=\"wp-block-heading has-light-green-cyan-background-color has-background\" style=\"font-size:27px\">Wiedergutmachung bei Regelverst\u00f6\u00dfen<\/h2>\n\n\n\n<ul class=\"wp-block-list is-style-tw-table\">\n<li class=\"has-light-green-cyan-background-color has-background has-medium-font-size\">Sich entschuldigen, die Hand geben, wieder vertragen<\/li>\n\n\n\n<li class=\"has-light-green-cyan-background-color has-background has-medium-font-size\">Ein Bild malen, etwas basteln<\/li>\n\n\n\n<li class=\"has-light-green-cyan-background-color has-background has-medium-font-size\">Einen Entschuldigungsbrief ( oder eine Karte, ein Gedicht ) schreiben<\/li>\n\n\n\n<li class=\"has-light-green-cyan-background-color has-background has-medium-font-size\">In der Pause miteinander spielen<\/li>\n\n\n\n<li class=\"has-light-green-cyan-background-color has-background has-medium-font-size\">In der Schule oder bei den Hausaufgaben helfen<\/li>\n\n\n\n<li class=\"has-light-green-cyan-background-color has-background has-medium-font-size\">Ein Pausenbrot mitbringen oder etwas abgeben<\/li>\n\n\n\n<li class=\"has-light-green-cyan-background-color has-background has-medium-font-size\">Kaputte Dinge reparieren<\/li>\n\n\n\n<li class=\"has-light-green-cyan-background-color has-background has-medium-font-size\">Zum Spielen einladen<\/li>\n\n\n\n<li class=\"has-light-green-cyan-background-color has-background has-medium-font-size\">Einen Blumenstrau\u00df pfl\u00fccken<\/li>\n<\/ul>\n\n\n\n<div class=\"wp-block-buttons is-horizontal is-content-justification-center is-layout-flex wp-container-core-buttons-is-layout-499968f5 wp-block-buttons-is-layout-flex\">\n<div class=\"wp-block-button\"><a class=\"wp-block-button__link has-black-color has-pale-cyan-blue-background-color has-text-color has-background has-link-color wp-element-button\" href=\"https:\/\/wordpress.nibis.de\/gsvolkmarode\/schule\/schul-abc\/\">weiter zum Schul ABC<\/a><\/div>\n<\/div>\n","protected":false},"excerpt":{"rendered":"<p>Wir wollen eine Schule, in der wir friedlich miteinander umgehen und erfolgreich &hellip; <\/p>\n","protected":false},"author":9192484,"featured_media":0,"parent":5,"menu_order":3,"comment_status":"closed","ping_status":"closed","template":"","meta":{"footnotes":""},"class_list":["post-190","page","type-page","status-publish","hentry"],"_links":{"self":[{"href":"https:\/\/wordpress.nibis.de\/gsvolkmarode\/wp-json\/wp\/v2\/pages\/190","targetHints":{"allow":["GET"]}}],"collection":[{"href":"https:\/\/wordpress.nibis.de\/gsvolkmarode\/wp-json\/wp\/v2\/pages"}],"about":[{"href":"https:\/\/wordpress.nibis.de\/gsvolkmarode\/wp-json\/wp\/v2\/types\/page"}],"author":[{"embeddable":true,"href":"https:\/\/wordpress.nibis.de\/gsvolkmarode\/wp-json\/wp\/v2\/users\/9192484"}],"replies":[{"embeddable":true,"href":"https:\/\/wordpress.nibis.de\/gsvolkmarode\/wp-json\/wp\/v2\/comments?post=190"}],"version-history":[{"count":13,"href":"https:\/\/wordpress.nibis.de\/gsvolkmarode\/wp-json\/wp\/v2\/pages\/190\/revisions"}],"predecessor-version":[{"id":2711,"href":"https:\/\/wordpress.nibis.de\/gsvolkmarode\/wp-json\/wp\/v2\/pages\/190\/revisions\/2711"}],"up":[{"embeddable":true,"href":"https:\/\/wordpress.nibis.de\/gsvolkmarode\/wp-json\/wp\/v2\/pages\/5"}],"wp:attachment":[{"href":"https:\/\/wordpress.nibis.de\/gsvolkmarode\/wp-json\/wp\/v2\/media?parent=190"}],"curies":[{"name":"wp","href":"https:\/\/api.w.org\/{rel}","templated":true}]}}