{"id":2106,"date":"2026-02-04T13:23:53","date_gmt":"2026-02-04T12:23:53","guid":{"rendered":"https:\/\/wordpress.nibis.de\/gsvolkmarode\/?page_id=2106"},"modified":"2026-03-19T12:58:23","modified_gmt":"2026-03-19T11:58:23","slug":"foerderung-besonderer-begabungen","status":"publish","type":"page","link":"https:\/\/wordpress.nibis.de\/gsvolkmarode\/schule\/foerderung-besonderer-begabungen\/","title":{"rendered":"F\u00d6RDERUNG BESONDERER BEGABUNGEN"},"content":{"rendered":"\n<p class=\"has-pale-cyan-blue-background-color has-background\">Die Grundschule Volkmarode geh\u00f6rt mit vier weiteren Grundschulen (<a href=\"https:\/\/www.gs-bueltenweg.de\/\">Grundschulen B\u00fcltenweg<\/a>, <a href=\"https:\/\/wordpress.nibis.de\/gshonde\/\">Hondelage<\/a>, <a href=\"https:\/\/www.gs-hinter-der-masch.de\/\">St. Josef<\/a>, <a href=\"https:\/\/grundschule-braunschweig.cjd.de\/de\">Hans-Georg-Karg<\/a>) und den Gymnasien <a href=\"https:\/\/www.neue-oberschule.de\/\">Neue Oberschule<\/a> sowie dem <a href=\"https:\/\/gymnasium-braunschweig.cjd.de\/de?gad_source=1&amp;gad_campaignid=23373744702&amp;gclid=Cj0KCQiA-YvMBhDtARIsAHZuUzJ3m1vbNdJJcWu_vOMtqvhfzUR56_aYgQSiCcr3_fXttlT019-zwn0aAtSDEALw_wcB\">Dr.-Wilhelm-Meyer-Gymnasium<\/a> (Christophorus-Schule) zum Kooperationsverbund \u201eF\u00f6rderung besonderer Begabungen\u201c Braunschweig II. Dieser Verbund sieht es als Aufgabe an, Kinder und Jugendliche zu f\u00f6rdern mit besonderem Augenmerk auf ihre individuellen Leistungsst\u00e4rken. Die Kooperation zeigt sich in schul\u00fcbergreifenden AG-Angeboten, in regelm\u00e4\u00dfigen Sitzungen mit Vertreterinnen und Vertretern aller Schulen und in der Beratung von Eltern von der Grundschule bis zum Abitur.<\/p>\n\n\n\n<p>Die Grundschule Volkmarode ist eine Stadtrandschule im Nordosten von Braunschweig mit ca. 200 Sch\u00fcler*innenn, die sich auf 10 Klassen der Stufen 1 bis 4 verteilen. Sie kommen aus den Ortsteilen Volkmarode und Schapen. Eines unserer Leitziele ist eine Schule f\u00fcr alle Kinder zu sein. Zum einen werden Kinder mit Problemen im Lernen und im Verhalten und in der Sprache im Rahmen des Regionalen Integrationskonzeptes (RIK) individuell gef\u00f6rdert und integriert. Der Schule stehen hierf\u00fcr pro Klasse &nbsp;2 Wochenstunden F\u00f6rderunterricht durch eine F\u00f6rderlehrerin zur Verf\u00fcgung (sonderp\u00e4d. Grundversorgung). <\/p>\n\n\n\n<p class=\"has-pale-cyan-blue-background-color has-background\">Zum anderen sind wir aber auch eine Schule, die sich seit einigen Jahren intensiv um die F\u00f6rderung besonders leistungsstarker Sch\u00fcler*innen (ca. 30% der GesamtSch\u00fcler*innenschaft) bem\u00fcht. In Zusammenarbeit mit dem Kooperationsverbund Braunschweig II zur Hochbegabtenf\u00f6rderung bieten wir gezielte, auch den Verbund \u00fcbergreifende Arbeitsgemeinschaften, Elternberatung, Fortbildungen und differenzierte F\u00f6rderung an, damit die besonderen St\u00e4rken dieser Kinder erkannt werden und sich erfolgreich weiterentwickeln k\u00f6nnen.<\/p>\n\n\n\n<p>Eine Auswahl unserer Begabtenf\u00f6rderung:<\/p>\n\n\n\n<p class=\"has-light-green-cyan-background-color has-background\" style=\"font-size:20px\"><strong>Mathematisch \u2013 naturwissenschaftlich<\/strong><\/p>\n\n\n\n<p class=\"has-light-green-cyan-background-color has-background\" style=\"font-size:20px\">o Teilnahme an mathematischen Wettbewerben(Mathe-Olympiade, K\u00e4nguru)<\/p>\n\n\n\n<p class=\"has-light-green-cyan-background-color has-background\" style=\"font-size:20px\">o Mathematische Knobelaufgaben<\/p>\n\n\n\n<p class=\"has-light-green-cyan-background-color has-background\" style=\"font-size:20px\">o Technisches Bauen<\/p>\n\n\n\n<p class=\"has-pale-pink-background-color has-background has-medium-font-size\"><strong>Sprachlich\/ musisch \/ kulturell<\/strong><\/p>\n\n\n\n<p class=\"has-pale-pink-background-color has-background\">o Kreativ AG f\u00fcr Klasse 3 und 4 nachmittags<\/p>\n\n\n\n<p class=\"has-pale-pink-background-color has-background\">o Chor AG<\/p>\n\n\n\n<p class=\"has-pale-pink-background-color has-background\">o Theater AG<\/p>\n\n\n\n<p class=\"has-vivid-green-cyan-background-color has-background has-medium-font-size\"><strong>Sportlich<\/strong><\/p>\n\n\n\n<p class=\"has-vivid-green-cyan-background-color has-background\">o Teilnahme an Volksl\u00e4ufen (Braunschweig , Schapen)<\/p>\n\n\n\n<p class=\"has-vivid-green-cyan-background-color has-background\">o Erwerb des Sportabzeichens<\/p>\n\n\n\n<p class=\"has-vivid-green-cyan-background-color has-background\">o Erwerb des Laufabzeichens<\/p>\n\n\n\n<p class=\"has-vivid-green-cyan-background-color has-background\">o Bewegte Schule \u2013 bewegungsauffordernder Schulhof (Fu\u00dfballfeld, Kletterwand, Basketballanlage, Kletteranlage)<\/p>\n\n\n\n<p class=\"has-vivid-green-cyan-background-color has-background\">o Schwimmausbildung zum Erwerb des Schwimmabzeichens<\/p>\n\n\n\n<p class=\"has-vivid-green-cyan-background-color has-background\">o Hockey AG f\u00fcr Klasse 4<\/p>\n\n\n\n<p class=\"has-medium-font-size\">Die Grundschule Volkmarode ist Mitglied im Kooperationsverbund Braunschweig. Jedes Halbjahr werden an der Schule die Listen mit den aktuellen Angeboten ausgegeben. Wenn Sie Fragen haben, melden Sie sich gerne bei Frau Bartels (jud&#105;&#116;&#104;&#x2e;&#x62;&#x61;&#x72;&#x74;&#x65;ls&#64;&#103;&#115;&#45;&#118;&#x6f;&#x6c;&#x6b;&#x6d;&#x61;&#x72;ode&#46;&#100;&#101;).<\/p>\n\n\n\n<div class=\"wp-block-buttons is-horizontal is-content-justification-center is-layout-flex wp-container-core-buttons-is-layout-499968f5 wp-block-buttons-is-layout-flex\">\n<div class=\"wp-block-button\"><a class=\"wp-block-button__link has-black-color has-pale-cyan-blue-background-color has-text-color has-background has-link-color wp-element-button\" href=\"https:\/\/wordpress.nibis.de\/gsvolkmarode\/schule\/betreuung\/\">weiter zur Nachmittagsbetreuung<\/a><\/div>\n<\/div>\n","protected":false},"excerpt":{"rendered":"<p>Die Grundschule Volkmarode geh\u00f6rt mit vier weiteren Grundschulen (Grundschulen B\u00fcltenweg, Hondelage, St. &hellip; <\/p>\n","protected":false},"author":9194679,"featured_media":0,"parent":5,"menu_order":6,"comment_status":"closed","ping_status":"closed","template":"","meta":{"footnotes":""},"class_list":["post-2106","page","type-page","status-publish","hentry"],"_links":{"self":[{"href":"https:\/\/wordpress.nibis.de\/gsvolkmarode\/wp-json\/wp\/v2\/pages\/2106","targetHints":{"allow":["GET"]}}],"collection":[{"href":"https:\/\/wordpress.nibis.de\/gsvolkmarode\/wp-json\/wp\/v2\/pages"}],"about":[{"href":"https:\/\/wordpress.nibis.de\/gsvolkmarode\/wp-json\/wp\/v2\/types\/page"}],"author":[{"embeddable":true,"href":"https:\/\/wordpress.nibis.de\/gsvolkmarode\/wp-json\/wp\/v2\/users\/9194679"}],"replies":[{"embeddable":true,"href":"https:\/\/wordpress.nibis.de\/gsvolkmarode\/wp-json\/wp\/v2\/comments?post=2106"}],"version-history":[{"count":7,"href":"https:\/\/wordpress.nibis.de\/gsvolkmarode\/wp-json\/wp\/v2\/pages\/2106\/revisions"}],"predecessor-version":[{"id":2714,"href":"https:\/\/wordpress.nibis.de\/gsvolkmarode\/wp-json\/wp\/v2\/pages\/2106\/revisions\/2714"}],"up":[{"embeddable":true,"href":"https:\/\/wordpress.nibis.de\/gsvolkmarode\/wp-json\/wp\/v2\/pages\/5"}],"wp:attachment":[{"href":"https:\/\/wordpress.nibis.de\/gsvolkmarode\/wp-json\/wp\/v2\/media?parent=2106"}],"curies":[{"name":"wp","href":"https:\/\/api.w.org\/{rel}","templated":true}]}}