{"id":2662,"date":"2026-03-18T11:46:31","date_gmt":"2026-03-18T10:46:31","guid":{"rendered":"https:\/\/wordpress.nibis.de\/gsvolkmarode\/?page_id=2662"},"modified":"2026-03-19T12:53:06","modified_gmt":"2026-03-19T11:53:06","slug":"kalender-2","status":"publish","type":"page","link":"https:\/\/wordpress.nibis.de\/gsvolkmarode\/schule\/kalender-2\/","title":{"rendered":"\u00d6FFENTLICHER KALENDER"},"content":{"rendered":"\n<p class=\"has-luminous-vivid-orange-background-color has-background has-small-font-size\">Alle anderen Termine f\u00fcr einzelne Klassen, Gruppen, Lehrer:innen, Eltern, Ganztag  usw. sind ausschlie\u00dflich nach Anmeldung im IServ der Schule verf\u00fcgbar!<\/p>\n\n\n<div class=\"r34ics-ajax-container loading\" id=\"r69deef61405bcc9\" data-view=\"month\" data-view-is-list-style=\"0\" data-view-is-list-long=\"0\" data-args=\"a0172549e61efc9e02ab21129460da676d4be569\" data-js-args=\"{&quot;debug&quot;:null}\">&nbsp;<\/div>\n\n\n\n<div class=\"wp-block-buttons is-horizontal is-content-justification-center is-layout-flex wp-container-core-buttons-is-layout-499968f5 wp-block-buttons-is-layout-flex\">\n<div class=\"wp-block-button\"><a class=\"wp-block-button__link has-black-color has-pale-cyan-blue-background-color has-text-color has-background has-link-color wp-element-button\" href=\"https:\/\/wordpress.nibis.de\/gsvolkmarode\/schule\/unterrichtszeiten\/\">weiter zu den Unterrichtszeiten<\/a><\/div>\n<\/div>\n\n\n\n<p><\/p>\n","protected":false},"excerpt":{"rendered":"<p>Alle anderen Termine f\u00fcr einzelne Klassen, Gruppen, Lehrer:innen, Eltern, Ganztag usw. sind &hellip; <\/p>\n","protected":false},"author":9192484,"featured_media":0,"parent":5,"menu_order":1,"comment_status":"closed","ping_status":"closed","template":"","meta":{"footnotes":""},"class_list":["post-2662","page","type-page","status-publish","hentry"],"_links":{"self":[{"href":"https:\/\/wordpress.nibis.de\/gsvolkmarode\/wp-json\/wp\/v2\/pages\/2662","targetHints":{"allow":["GET"]}}],"collection":[{"href":"https:\/\/wordpress.nibis.de\/gsvolkmarode\/wp-json\/wp\/v2\/pages"}],"about":[{"href":"https:\/\/wordpress.nibis.de\/gsvolkmarode\/wp-json\/wp\/v2\/types\/page"}],"author":[{"embeddable":true,"href":"https:\/\/wordpress.nibis.de\/gsvolkmarode\/wp-json\/wp\/v2\/users\/9192484"}],"replies":[{"embeddable":true,"href":"https:\/\/wordpress.nibis.de\/gsvolkmarode\/wp-json\/wp\/v2\/comments?post=2662"}],"version-history":[{"count":13,"href":"https:\/\/wordpress.nibis.de\/gsvolkmarode\/wp-json\/wp\/v2\/pages\/2662\/revisions"}],"predecessor-version":[{"id":2709,"href":"https:\/\/wordpress.nibis.de\/gsvolkmarode\/wp-json\/wp\/v2\/pages\/2662\/revisions\/2709"}],"up":[{"embeddable":true,"href":"https:\/\/wordpress.nibis.de\/gsvolkmarode\/wp-json\/wp\/v2\/pages\/5"}],"wp:attachment":[{"href":"https:\/\/wordpress.nibis.de\/gsvolkmarode\/wp-json\/wp\/v2\/media?parent=2662"}],"curies":[{"name":"wp","href":"https:\/\/api.w.org\/{rel}","templated":true}]}}