{"id":333,"date":"2018-11-26T13:00:22","date_gmt":"2018-11-26T12:00:22","guid":{"rendered":"http:\/\/wordpress.nibis.de\/gsvolkmarode\/?page_id=333"},"modified":"2018-11-26T13:03:52","modified_gmt":"2018-11-26T12:03:52","slug":"datenschutz-2","status":"publish","type":"page","link":"https:\/\/wordpress.nibis.de\/gsvolkmarode\/datenschutz-2\/","title":{"rendered":"Datenschutz"},"content":{"rendered":"<p><strong>Informationsblatt gem\u00e4\u00df Art.<\/strong> <strong>13 ff. Datenschutzgrundverordnung (DSGVO)<\/strong><\/p>\n<p>&nbsp;<\/p>\n<p>Sehr geehrte Eltern, sehr geehrte Erziehungsberechtigte,<\/p>\n<p>hiermit informieren wir Sie \u00fcber die Verarbeitung personenbezogener Daten in unserer Schule.<\/p>\n<ol>\n<li><strong> Datenverarbeitung<\/strong><\/li>\n<\/ol>\n<p>Die Schule erhebt und speichert personenbezogene Daten der Sch\u00fclerinnen und Sch\u00fcler und der Erziehungsberechtigten zum Zwecke der <strong>Erf\u00fcllung des Bildungsauftrags<\/strong> oder der <strong>F\u00fcrsorgeaufgaben<\/strong>, zur <strong>Erziehung<\/strong> oder <strong>F\u00f6rderung<\/strong> der Sch\u00fclerinnen und Sch\u00fcler oder zur Erforschung oder Entwicklung der <strong>Schulqualit\u00e4t,<\/strong> soweit dies erforderlich ist. Rechtsgrundlage dieser Verarbeitung ist \u00a7 31 Abs.1 Satz 1 des Nieders\u00e4chsischen Schulgesetzes (NSchG). Ohne eine rechtliche Grundlage ist die Verarbeitung personenbezogener Daten zul\u00e4ssig, wenn in die Verarbeitung eingewilligt wird. Die betreffenden Daten k\u00f6nnen freiwillig von Ihnen angegeben werden.<\/p>\n<p>Welche personenbezogenen Daten die Schule zu welchen Zwecken verarbeitet, k\u00f6nnen Sie der im Anhang beigef\u00fcgten <strong>Tabelle <\/strong>entnehmen.<\/p>\n<ol>\n<li><strong> \u00dcbermittlungen personenbezogener Daten<\/strong><\/li>\n<\/ol>\n<p>&nbsp;<\/p>\n<p>Die Anschrift der Sch\u00fclerin oder des Sch\u00fclers und der Erziehungsberechtigten wird an die Stadt Braunschweig als Tr\u00e4ger der Sch\u00fclerbef\u00f6rderung und die unteren Gesundheitsbeh\u00f6rden zum Zwecke der Durchf\u00fchrung der Schuleingangsuntersuchung \u00fcbermittelt. Grundlage f\u00fcr diese \u00dcbermittlungen ist \u00a7 31 Abs.1 S.2 NSchG.<\/p>\n<p>&nbsp;<\/p>\n<p>Gem\u00e4\u00df \u00a7 31 Abs. 2 NSchG \u00fcbermittelt die zust\u00e4ndige Meldebeh\u00f6rde den Grundschulen personenbezogene Daten der im jeweiligen Schulbezirk gemeldeten Kinder, deren Schulpflicht im folgenden Jahr beginnt, sowie die Daten der gesetzlichen Vertreter. Dies geschieht auch, wenn die Kinder vor dem Beginn der Schulpflicht durch Umzug innerhalb der Gemeinde den Schulbezirk wechseln oder in die Gemeinde zuziehen. Die Schule erh\u00e4lt folgende Daten durch die Meldebeh\u00f6rde \u00fcbermittelt:<\/p>\n<p>&nbsp;<\/p>\n<ol>\n<li>zum Kind<\/li>\n<li>a) Familienname,<\/li>\n<li>b) Vornamen unter Kennzeichnung des gebr\u00e4uchlichen Vornamens,<\/li>\n<li>c) Geburtsdatum und Geburtsort sowie bei Geburt im Ausland auch den Staat,<\/li>\n<li>d) Geschlecht,<\/li>\n<\/ol>\n<p>&nbsp;<\/p>\n<ol start=\"2\">\n<li>zu den gesetzlichen Vertreterinnen oder Vertretern<\/li>\n<li>a) Familienname,<\/li>\n<li>b) Vornamen,<\/li>\n<li>c) Anschrift,<\/li>\n<li>d) Auskunftssperren nach \u00a7 51 des Bundesmeldegesetzes und bedingte Sperrvermerke nach \u00a7 52 des Bundesmeldegesetzes.<\/li>\n<\/ol>\n<p>&nbsp;<\/p>\n<p>Diese Daten werden von der abgebenden Schule an die aufnehmende Schule zum Zweck der \u00dcberwachung der Einhaltung der Schulpflicht \u00fcbermittelt, wenn eine schulpflichtige Sch\u00fclerin oder ein schulpflichtiger Sch\u00fcler die Schule innerhalb Niedersachsens wechselt. Weitere \u00dcbermittlungen (z.B. an das Gesundheitsamt) werden wir zuk\u00fcnftig entsprechend abfragen\/ ank\u00fcndigen.<\/p>\n<p>&nbsp;<\/p>\n<p><strong>Auftragsverarbeitung<\/strong><\/p>\n<p>Die Westermann-Gruppe verarbeitet auf Grundlage eines schriftlichen Vertrages als Auftragsverarbeiter weisungsgebunden personenbezogene Daten in unserem Auftrag im Rahmen der Nutzung des Online-Dienstes Antolin.<\/p>\n<p>Die Iserv GmbH verarbeitet auf Grundlage eines schriftlichen Vertrages als Auftragsverarbeiter weisungsgebunden personenbezogene Daten in unserem Auftrag zum Zwecke der Wartung des Schulservers Iserv.<\/p>\n<p><strong>\u00a0<\/strong><\/p>\n<p><strong>III. Dauer der Speicherung der personenbezogenen Daten<\/strong><\/p>\n<p>&nbsp;<\/p>\n<p>Im Schulbereich ist f\u00fcr die Speicherdauer der Runderlass des Nieders\u00e4chsischen Kultusministeriums zur \u201eAufbewahrung von Schriftgut in \u00f6ffentlichen Schulen: L\u00f6schung personenbezogener Daten nach \u00a7 17 Abs. 2 NDSG\u201c 2.1.2012 (RdErl. d. MK v. 2.1.2012 &#8211; 11-02201\/1, 05410\/1.2 (Nds.MBl. Nr.3\/2012 S.81; SVBl. 3\/2012 S.162) &#8211; VORIS 22560 &#8211; Im Einvernehmen mit der StK und dem MI -) ma\u00dfgebend.<\/p>\n<p><strong>\u00a0<\/strong><\/p>\n<ol>\n<li><strong> Betroffenenrechte<\/strong><\/li>\n<\/ol>\n<p>Sie k\u00f6nnen folgende Rechte geltend machen:<\/p>\n<p>&nbsp;<\/p>\n<ul>\n<li><strong>Auskunft\/ Akteneinsicht<\/strong><\/li>\n<li>Gem. Art. 15 DSGVO haben Sie das Recht, Auskunft bzw. Akteneinsicht \u00fcber die von uns verarbeiteten personenbezogenen Daten zu erhalten<\/li>\n<li><strong>Berichtigung<\/strong><\/li>\n<li>Sind bei uns gespeicherte personenbezogene Daten unrichtig oder unvollst\u00e4ndig, haben Sie gem. Art. 16 DSGVO das Recht, diese berichtigen bzw. vervollst\u00e4ndigen zu lassen.<\/li>\n<li><strong>L\u00f6schung<\/strong><\/li>\n<li>Art. 17 DSGVO normiert das Recht auf L\u00f6schung personenbezogener Daten. Dieses Recht steht Ihnen insbesondere dann zu, wenn die Speicherung der personenbezogenen Daten zur Erf\u00fcllung unserer gesetzlichen Aufgaben nicht mehr erforderlich ist oder Sie Ihre Einwilligung zur Datenverarbeitung mit Wirkung f\u00fcr die Zukunft widerrufen haben.<\/li>\n<li><strong>Einschr\u00e4nkung der Verarbeitung<\/strong>\n<ul>\n<li>die Richtigkeit der Daten von Ihnen bestritten wird<\/li>\n<li>die Verarbeitung unrechtm\u00e4\u00dfig ist, Sie aber deren L\u00f6schung ablehnen<\/li>\n<li>wir die Daten nicht mehr ben\u00f6tigen, Sie jedoch diese zur Geltendmachung, Aus\u00fcbung oder Verteidigung von Rechtsanspr\u00fcchen ben\u00f6tigen<\/li>\n<li>oder Sie gem\u00e4\u00df Art. 21 DSGVO Widerspruch gegen die Verarbeitung eingelegt haben<\/li>\n<\/ul>\n<\/li>\n<li>Gem. Art. 18 DSGVO k\u00f6nnen Sie die Einschr\u00e4nkung der Verarbeitung der personenbezogenen Daten verlangen, wenn<\/li>\n<li><strong>Widerspruch<\/strong><\/li>\n<li>Sie k\u00f6nnen bei Gr\u00fcnden, die sich aus Ihrer besonderen Situation ergeben, ein Widerspruchsrecht geltend machen. Gem. Art. 21 DSGVO ist jedoch zu ber\u00fccksichtigten, ob schutzw\u00fcrdige Gr\u00fcnde f\u00fcr die Verarbeitung vorliegen oder die Verarbeitung der Geltendmachung, Aus\u00fcbung oder Verteidigung von Rechtsanspr\u00fcchen dient.<\/li>\n<li><strong>Daten\u00fcbertragbarkeit<\/strong><\/li>\n<li>Ist die Verarbeitung Ihrer Daten mit Hilfe eines automatisierten Verfahrens erfolgt, haben Sie gem. Art. 20 DSGVO das Recht, die Daten in einem g\u00e4ngigen und maschinenlesbaren Format zu erhalten und an eine andere Schule zu \u00fcbermitteln bzw. durch uns \u00fcbermitteln zu lassen.<\/li>\n<li><strong>Widerruf der Einwilligung<\/strong><\/li>\n<li>Sie haben gem. Art. 7 Absatz 3 DSGVO das Recht, eine uns erteilte Einwilligung jederzeit mit Wirkung f\u00fcr die Zukunft zu widerrufen.<\/li>\n<\/ul>\n<ul>\n<li><strong>Beschwerde<\/strong>Prinzenstra\u00dfe 5, 30159 Hannover. E-Mail: <a href=\"mail&#116;&#111;&#58;&#112;&#111;&#115;&#116;&#x73;&#x74;&#x65;&#x6c;&#x6c;&#x65;&#x40;&#x6c;&#x66;d&#46;ni&#101;&#100;&#101;&#114;&#115;&#97;&#99;&#x68;&#x73;&#x65;&#x6e;&#x2e;&#x64;&#x65;\">p&#111;&#x73;&#x74;&#x73;t&#101;&#108;&#x6c;&#x65;&#64;&#108;&#102;&#x64;&#x2e;ni&#101;&#x64;&#x65;&#x72;s&#97;&#x63;&#x68;&#x73;e&#110;&#46;&#x64;&#x65;<\/a><u>.<\/u><strong>\u00a0<\/strong>\u00a0Ein Datenschutzbeauftragter konnte an unserer Schule noch nicht benannt werden.<\/li>\n<li>Die datenverarbeitende Stelle ist die Grundschule Volkmarode, Unterdorf 24, 38104 Braunschweig.<\/li>\n<li><strong>V. Verantwortlicher und Datenschutzbeauftragter<\/strong><\/li>\n<li>Eine Beschwerde hat \u00fcber das auf der Homepage der Landesbeauftragten f\u00fcr den Datenschutz eingestellte Beschwerdeformular zu erfolgen.<\/li>\n<li>Art. 77 DSGVO enth\u00e4lt ein Beschwerderecht bei der Aufsichtsbeh\u00f6rde. Die f\u00fcr uns zust\u00e4ndige Aufsichtsbeh\u00f6rde ist die Landesbeauftragte f\u00fcr den Datenschutz Niedersachsen,<\/li>\n<\/ul>\n<p><strong>\u00dcbersicht zur Verarbeitung personenbezogener Daten<\/strong><\/p>\n<table width=\"1019\">\n<tbody>\n<tr>\n<td width=\"75\"><strong><em>\u00a0<\/em><\/strong><\/td>\n<td width=\"224\"><strong>Sch\u00fcler\/ Erziehungsberechtigte<\/strong><\/td>\n<td colspan=\"5\" width=\"362\"><strong>Zweck der Verarbeitung<\/strong><\/td>\n<td colspan=\"5\" width=\"357\"><strong>Art der Verarbeitung <\/strong><\/td>\n<\/tr>\n<tr>\n<td width=\"75\"><strong>\u00a0<\/strong><\/td>\n<td width=\"224\"><strong>Art der Daten<\/strong><\/td>\n<td width=\"68\"><strong>Bildungs-<\/strong><\/p>\n<p><strong>auftrag<\/strong><\/td>\n<td width=\"68\"><strong>F\u00fcrsorge-<\/strong><\/p>\n<p><strong>aufgaben<\/strong><\/td>\n<td width=\"76\"><strong>Erziehung\/<\/strong><\/p>\n<p><strong>F\u00f6rderung<\/strong><\/td>\n<td width=\"66\"><strong>Schul-qualit\u00e4t<\/strong><\/td>\n<td width=\"85\"><strong>Sonstige <\/strong><\/p>\n<p><strong>Zwecke<\/strong><\/td>\n<td width=\"64\"><strong>Erheben<\/strong><\/td>\n<td width=\"66\"><strong>Erfassen<\/strong><\/td>\n<td width=\"76\"><strong>Speichern<\/strong><\/td>\n<td width=\"85\"><strong>\u00dcbermitteln<\/strong><\/td>\n<td width=\"66\"><strong>L\u00f6schen<\/strong><\/td>\n<\/tr>\n<tr>\n<td rowspan=\"20\" width=\"75\"><strong>1<\/strong><\/td>\n<td width=\"224\"><strong>Sch\u00fclerstammdaten<\/strong><\/td>\n<td width=\"68\"><\/td>\n<td width=\"68\"><\/td>\n<td width=\"76\"><\/td>\n<td width=\"66\"><\/td>\n<td width=\"85\"><\/td>\n<td width=\"64\"><\/td>\n<td width=\"66\"><\/td>\n<td width=\"76\"><\/td>\n<td width=\"85\"><\/td>\n<td width=\"66\"><\/td>\n<\/tr>\n<tr>\n<td width=\"224\">Name\/ Vorname<\/td>\n<td width=\"68\">x<\/td>\n<td width=\"68\">x<\/td>\n<td width=\"76\">x<\/td>\n<td width=\"66\"><\/td>\n<td width=\"85\"><\/td>\n<td width=\"64\">x<\/td>\n<td width=\"66\">x<\/td>\n<td width=\"76\">x<\/td>\n<td width=\"85\">x<\/td>\n<td width=\"66\">x<\/td>\n<\/tr>\n<tr>\n<td width=\"224\">Name der Erziehungsberechtigten<\/td>\n<td width=\"68\"><\/td>\n<td width=\"68\">x<\/td>\n<td width=\"76\"><\/td>\n<td width=\"66\"><\/td>\n<td width=\"85\"><\/td>\n<td width=\"64\">x<\/td>\n<td width=\"66\">x<\/td>\n<td width=\"76\">x<\/td>\n<td width=\"85\">x<\/td>\n<td width=\"66\">x<\/td>\n<\/tr>\n<tr>\n<td width=\"224\">Anschrift<\/td>\n<td width=\"68\">x<\/td>\n<td width=\"68\">x<\/td>\n<td width=\"76\"><\/td>\n<td width=\"66\"><\/td>\n<td width=\"85\"><\/td>\n<td width=\"64\">x<\/td>\n<td width=\"66\">x<\/td>\n<td width=\"76\">x<\/td>\n<td width=\"85\">x<\/td>\n<td width=\"66\">x<\/td>\n<\/tr>\n<tr>\n<td width=\"224\">Geschlecht<\/td>\n<td width=\"68\"><\/td>\n<td width=\"68\">x<\/td>\n<td width=\"76\"><\/td>\n<td width=\"66\"><\/td>\n<td width=\"85\"><\/td>\n<td width=\"64\">x<\/td>\n<td width=\"66\">x<\/td>\n<td width=\"76\">x<\/td>\n<td width=\"85\">x<\/td>\n<td width=\"66\">x<\/td>\n<\/tr>\n<tr>\n<td width=\"224\">Geburtsdatum<\/td>\n<td width=\"68\">x<\/td>\n<td width=\"68\">x<\/td>\n<td width=\"76\"><\/td>\n<td width=\"66\"><\/td>\n<td width=\"85\"><\/td>\n<td width=\"64\">x<\/td>\n<td width=\"66\">x<\/td>\n<td width=\"76\">x<\/td>\n<td width=\"85\">x<\/td>\n<td width=\"66\">x<\/td>\n<\/tr>\n<tr>\n<td width=\"224\">Geburtsort<\/td>\n<td width=\"68\">x<\/td>\n<td width=\"68\"><\/td>\n<td width=\"76\"><\/td>\n<td width=\"66\"><\/td>\n<td width=\"85\"><\/td>\n<td width=\"64\">x<\/td>\n<td width=\"66\">x<\/td>\n<td width=\"76\">x<\/td>\n<td width=\"85\">x<\/td>\n<td width=\"66\">x<\/td>\n<\/tr>\n<tr>\n<td width=\"224\">Geburtsland<sup>1<\/sup><\/td>\n<td width=\"68\">x<\/td>\n<td width=\"68\"><\/td>\n<td width=\"76\"><\/td>\n<td width=\"66\"><\/td>\n<td width=\"85\"><\/td>\n<td width=\"64\">x<\/td>\n<td width=\"66\">x<\/td>\n<td width=\"76\">x<\/td>\n<td width=\"85\">x<\/td>\n<td width=\"66\">x<\/td>\n<\/tr>\n<tr>\n<td width=\"224\">Herkunftssprache<sup>1<\/sup><\/td>\n<td width=\"68\">x<\/td>\n<td width=\"68\"><\/td>\n<td width=\"76\"><\/td>\n<td width=\"66\"><\/td>\n<td width=\"85\"><\/td>\n<td width=\"64\">x<\/td>\n<td width=\"66\">x<\/td>\n<td width=\"76\">x<\/td>\n<td width=\"85\">x<\/td>\n<td width=\"66\">x<\/td>\n<\/tr>\n<tr>\n<td width=\"224\">Konfession<sup>1<\/sup><\/td>\n<td width=\"68\">x<\/td>\n<td width=\"68\"><\/td>\n<td width=\"76\"><\/td>\n<td width=\"66\"><\/td>\n<td width=\"85\"><\/td>\n<td width=\"64\">x<\/td>\n<td width=\"66\">x<\/td>\n<td width=\"76\">x<\/td>\n<td width=\"85\">x<\/td>\n<td width=\"66\">x<\/td>\n<\/tr>\n<tr>\n<td width=\"224\">Aufnahmedatum<\/td>\n<td width=\"68\">x<\/td>\n<td width=\"68\"><\/td>\n<td width=\"76\"><\/td>\n<td width=\"66\"><\/td>\n<td width=\"85\"><\/td>\n<td width=\"64\">x<\/td>\n<td width=\"66\">x<\/td>\n<td width=\"76\">x<\/td>\n<td width=\"85\">x<\/td>\n<td width=\"66\">x<\/td>\n<\/tr>\n<tr>\n<td width=\"224\">Vorherige Schule<\/td>\n<td width=\"68\">x<\/td>\n<td width=\"68\"><\/td>\n<td width=\"76\"><\/td>\n<td width=\"66\"><\/td>\n<td width=\"85\"><\/td>\n<td width=\"64\">x<\/td>\n<td width=\"66\">x<\/td>\n<td width=\"76\">x<\/td>\n<td width=\"85\">x<\/td>\n<td width=\"66\">x<\/td>\n<\/tr>\n<tr>\n<td width=\"224\">Telefonnummer<\/td>\n<td width=\"68\"><\/td>\n<td width=\"68\">x<\/td>\n<td width=\"76\"><\/td>\n<td width=\"66\"><\/td>\n<td width=\"85\"><\/td>\n<td width=\"64\">x<\/td>\n<td width=\"66\">x<\/td>\n<td width=\"76\">x<\/td>\n<td width=\"85\">x<\/td>\n<td width=\"66\">x<\/td>\n<\/tr>\n<tr>\n<td width=\"224\">E-Mail Adresse<sup>2<\/sup><\/td>\n<td width=\"68\"><\/td>\n<td width=\"68\">x<\/td>\n<td width=\"76\"><\/td>\n<td width=\"66\"><\/td>\n<td width=\"85\"><\/td>\n<td width=\"64\">x<\/td>\n<td width=\"66\">x<\/td>\n<td width=\"76\">x<\/td>\n<td width=\"85\">x<\/td>\n<td width=\"66\">x<\/td>\n<\/tr>\n<tr>\n<td width=\"224\">Staatsangeh\u00f6rigkeit<sup>1<\/sup><\/td>\n<td width=\"68\">x<\/td>\n<td width=\"68\"><\/td>\n<td width=\"76\">x<\/td>\n<td width=\"66\"><\/td>\n<td width=\"85\"><\/td>\n<td width=\"64\">x<\/td>\n<td width=\"66\">x<\/td>\n<td width=\"76\">x<\/td>\n<td width=\"85\">x<\/td>\n<td width=\"66\">x<\/td>\n<\/tr>\n<tr>\n<td width=\"224\">Beginn der Schulpflicht<\/td>\n<td width=\"68\">x<\/td>\n<td width=\"68\">x<\/td>\n<td width=\"76\"><\/td>\n<td width=\"66\"><\/td>\n<td width=\"85\"><\/td>\n<td width=\"64\">x<\/td>\n<td width=\"66\">x<\/td>\n<td width=\"76\">x<\/td>\n<td width=\"85\">x<\/td>\n<td width=\"66\">x<\/td>\n<\/tr>\n<tr>\n<td width=\"224\">Jahr der Einschulung<\/td>\n<td width=\"68\">x<\/td>\n<td width=\"68\"><\/td>\n<td width=\"76\"><\/td>\n<td width=\"66\"><\/td>\n<td width=\"85\"><\/td>\n<td width=\"64\">x<\/td>\n<td width=\"66\">x<\/td>\n<td width=\"76\">x<\/td>\n<td width=\"85\">x<\/td>\n<td width=\"66\">x<\/td>\n<\/tr>\n<tr>\n<td width=\"224\">Ggf. bereits erworbene Abschl\u00fcsse<\/td>\n<td width=\"68\">x<\/td>\n<td width=\"68\"><\/td>\n<td width=\"76\"><\/td>\n<td width=\"66\"><\/td>\n<td width=\"85\"><\/td>\n<td width=\"64\">x<\/td>\n<td width=\"66\">x<\/td>\n<td width=\"76\">x<\/td>\n<td width=\"85\">x<\/td>\n<td width=\"66\">x<\/td>\n<\/tr>\n<tr>\n<td width=\"224\">Aufnehmende Schule, R\u00fcckmeldungen zur Kontrolle der Schulpflichterf\u00fcllung<\/td>\n<td width=\"68\">x<\/td>\n<td width=\"68\">x<\/td>\n<td width=\"76\"><\/td>\n<td width=\"66\"><\/td>\n<td width=\"85\"><\/td>\n<td width=\"64\">x<\/td>\n<td width=\"66\">x<\/td>\n<td width=\"76\">x<\/td>\n<td width=\"85\"><\/td>\n<td width=\"66\">x<\/td>\n<\/tr>\n<tr>\n<td width=\"224\">Datum des Austritts aus der Schule<\/td>\n<td width=\"68\">x<\/td>\n<td width=\"68\">x<\/td>\n<td width=\"76\"><\/td>\n<td width=\"66\"><\/td>\n<td width=\"85\"><\/td>\n<td width=\"64\">x<\/td>\n<td width=\"66\">x<\/td>\n<td width=\"76\">x<\/td>\n<td width=\"85\">x<\/td>\n<td width=\"66\">x<\/td>\n<\/tr>\n<tr>\n<td rowspan=\"5\" width=\"75\"><strong>2<\/strong><\/td>\n<td width=\"224\"><strong>Leistungsdaten<\/strong><\/td>\n<td width=\"68\"><\/td>\n<td width=\"68\"><\/td>\n<td width=\"76\"><\/td>\n<td width=\"66\"><\/td>\n<td width=\"85\"><\/td>\n<td width=\"64\"><\/td>\n<td width=\"66\"><\/td>\n<td width=\"76\"><\/td>\n<td width=\"85\"><\/td>\n<td width=\"66\"><\/td>\n<\/tr>\n<tr>\n<td width=\"224\">Zeugnisse<\/td>\n<td width=\"68\">x<\/td>\n<td width=\"68\"><\/td>\n<td width=\"76\"><\/td>\n<td width=\"66\"><\/td>\n<td width=\"85\"><\/td>\n<td width=\"64\">x<\/td>\n<td width=\"66\">x<\/td>\n<td width=\"76\">x<\/td>\n<td width=\"85\">x<\/td>\n<td width=\"66\">x<\/td>\n<\/tr>\n<tr>\n<td width=\"224\">Versetzungsentscheidungen<\/td>\n<td width=\"68\">x<\/td>\n<td width=\"68\"><\/td>\n<td width=\"76\"><\/td>\n<td width=\"66\"><\/td>\n<td width=\"85\"><\/td>\n<td width=\"64\">x<\/td>\n<td width=\"66\">x<\/td>\n<td width=\"76\">x<\/td>\n<td width=\"85\">x<\/td>\n<td width=\"66\">x<\/td>\n<\/tr>\n<tr>\n<td width=\"224\">Ggf. Entscheidungen \u00fcber die Zulassung zu Pr\u00fcfungen und Bildungsg\u00e4ngen<\/td>\n<td width=\"68\">x<\/td>\n<td width=\"68\"><\/td>\n<td width=\"76\"><\/td>\n<td width=\"66\"><\/td>\n<td width=\"85\"><\/td>\n<td width=\"64\">x<\/td>\n<td width=\"66\">x<\/td>\n<td width=\"76\">x<\/td>\n<td width=\"85\"><\/td>\n<td width=\"66\">x<\/td>\n<\/tr>\n<tr>\n<td width=\"224\">Dokumentation der individuellen Lernentwicklung<\/td>\n<td width=\"68\">x<\/td>\n<td width=\"68\"><\/td>\n<td width=\"76\">x<\/td>\n<td width=\"66\"><\/td>\n<td width=\"85\"><\/td>\n<td width=\"64\">x<\/td>\n<td width=\"66\">x<\/td>\n<td width=\"76\">x<\/td>\n<td width=\"85\">x<\/td>\n<td width=\"66\"><\/td>\n<\/tr>\n<tr>\n<td width=\"75\"><strong>3<\/strong><\/td>\n<td width=\"224\"><strong>Daten zum einen ggf. bestehenden sonder-p\u00e4dagogischen Unterst\u00fctzungs-bedarf <\/strong>(Gutachten, Protokolle der F\u00f6rderkommission, Bescheide der Nieders\u00e4chsischen Landesschulbeh\u00f6rde)<\/td>\n<td width=\"68\">x<\/td>\n<td width=\"68\">x<\/td>\n<td width=\"76\"><\/td>\n<td width=\"66\"><\/td>\n<td width=\"85\"><\/td>\n<td width=\"64\">x<\/td>\n<td width=\"66\">x<\/td>\n<td width=\"76\">x<\/td>\n<td width=\"85\">x<\/td>\n<td width=\"66\">x<\/td>\n<\/tr>\n<tr>\n<td rowspan=\"5\" width=\"75\"><strong>4<\/strong><\/td>\n<td width=\"224\"><strong>Organisatorische Daten<\/strong><\/td>\n<td width=\"68\"><\/td>\n<td width=\"68\"><\/td>\n<td width=\"76\"><\/td>\n<td width=\"66\"><\/td>\n<td width=\"85\"><\/td>\n<td width=\"64\"><\/td>\n<td width=\"66\"><\/td>\n<td width=\"76\"><\/td>\n<td width=\"85\"><\/td>\n<td width=\"66\"><\/td>\n<\/tr>\n<tr>\n<td width=\"224\">Belegte F\u00e4cher und Kurse<\/td>\n<td width=\"68\">x<\/td>\n<td width=\"68\"><\/td>\n<td width=\"76\">x<\/td>\n<td width=\"66\"><\/td>\n<td width=\"85\"><\/td>\n<td width=\"64\">x<\/td>\n<td width=\"66\">x<\/td>\n<td width=\"76\">x<\/td>\n<td width=\"85\"><\/td>\n<td width=\"66\">x<\/td>\n<\/tr>\n<tr>\n<td width=\"224\">Fehlzeiten und Entschuldigungen<\/td>\n<td width=\"68\">x<\/td>\n<td width=\"68\">x<\/td>\n<td width=\"76\"><\/td>\n<td width=\"66\"><\/td>\n<td width=\"85\"><\/td>\n<td width=\"64\">x<\/td>\n<td width=\"66\">x<\/td>\n<td width=\"76\">x<\/td>\n<td width=\"85\"><\/td>\n<td width=\"66\">x<\/td>\n<\/tr>\n<tr>\n<td width=\"224\">\u00c4rztliche Atteste<\/td>\n<td width=\"68\">x<\/td>\n<td width=\"68\">x<\/td>\n<td width=\"76\"><\/td>\n<td width=\"66\"><\/td>\n<td width=\"85\"><\/td>\n<td width=\"64\">x<\/td>\n<td width=\"66\">x<\/td>\n<td width=\"76\">x<\/td>\n<td width=\"85\"><\/td>\n<td width=\"66\">x<\/td>\n<\/tr>\n<tr>\n<td width=\"224\">Teilnahme an der Sch\u00fclerbef\u00f6rderung<\/td>\n<td width=\"68\"><\/td>\n<td width=\"68\">x<\/td>\n<td width=\"76\"><\/td>\n<td width=\"66\"><\/td>\n<td width=\"85\"><\/td>\n<td width=\"64\">x<\/td>\n<td width=\"66\">x<\/td>\n<td width=\"76\">x<\/td>\n<td width=\"85\"><\/td>\n<td width=\"66\">x<\/td>\n<\/tr>\n<tr>\n<td width=\"75\"><strong>5<\/strong><\/td>\n<td width=\"224\"><strong>Ggf. verh\u00e4ngte Erziehungs-<\/strong><\/p>\n<p><strong>mittel und Ordnungsma\u00dfnahmen <\/strong><\/td>\n<td width=\"68\">x<\/td>\n<td width=\"68\"><\/td>\n<td width=\"76\">x<\/td>\n<td width=\"66\"><\/td>\n<td width=\"85\"><\/td>\n<td width=\"64\">x<\/td>\n<td width=\"66\">x<\/td>\n<td width=\"76\">x<\/td>\n<td width=\"85\"><\/td>\n<td width=\"66\">x<\/td>\n<\/tr>\n<tr>\n<td width=\"75\"><strong>6<\/strong><\/td>\n<td width=\"224\"><strong>Durch Einwilligung freigegebene Daten zur Ver\u00f6ffentlichung auf der Schulhomepage (z. B. Fotos, Namen, \u2026)<\/strong><\/td>\n<td width=\"68\"><\/td>\n<td width=\"68\"><\/td>\n<td width=\"76\"><\/td>\n<td width=\"66\"><\/td>\n<td width=\"85\">\u00d6ffentlich-<\/p>\n<p>keitsarbeit<\/td>\n<td width=\"64\">x<\/td>\n<td width=\"66\">x<\/td>\n<td width=\"76\">x<\/td>\n<td width=\"85\"><\/td>\n<td width=\"66\">x<\/td>\n<\/tr>\n<\/tbody>\n<\/table>\n<p><sup>\u00a0<\/sup><\/p>\n<p><sup>1<\/sup> Besonders sensible Daten im Sinne Art.9 Abs.1 DSGVO<\/p>\n<p><sup>2<\/sup> Freiwillige Angabe<\/p>\n<p><strong>Erl\u00e4uterungen:<\/strong><\/p>\n<p>Bei einem Schulwechsel werden die personenbezogenen Daten der Kategorien Sch\u00fclerstammdaten und Leistungsdaten an die aufnehmende Schule \u00fcbermittelt. Von den Zeugnissen wird das letzte Jahreszeugnis an die aufnehmende Schule \u00fcbermittelt. Die L\u00f6schung der an die aufnehmende Schule \u00fcbermittelten Daten liegt in der Verantwortung der aufnehmenden Schule.<\/p>\n<p>Sofern nach dem Schulwechsel auch weiterhin ein sonderp\u00e4dagogischer Unterst\u00fctzungsbedarf besteht, werden das letzte F\u00f6rdergutachten, das letzte Protokoll der F\u00f6rderkommission und der letzte Bescheid der Nieders\u00e4chsischen Landesschulbeh\u00f6rde, in dem ein sonderp\u00e4dagogischer Unterst\u00fctzungsbedarf festgestellt ist, an die aufnehmende Schule \u00fcbermittelt.<\/p>\n<p>Bei einer Teilnahme am Schulessen werden der Name und Vorname, die Namen der Erziehungsberechtigten sowie die Anschrift an den Anbieter des Schulessens auf Grundlage der von Ihnen erteilten Einwilligung \u00fcbermittelt.<\/p>\n<p>&nbsp;<\/p>\n","protected":false},"excerpt":{"rendered":"<p>Informationsblatt gem\u00e4\u00df Art. 13 ff. Datenschutzgrundverordnung (DSGVO) &nbsp; Sehr geehrte Eltern, sehr &hellip; <\/p>\n","protected":false},"author":9192484,"featured_media":0,"parent":0,"menu_order":0,"comment_status":"closed","ping_status":"closed","template":"","meta":{"footnotes":""},"class_list":["post-333","page","type-page","status-publish","hentry"],"_links":{"self":[{"href":"https:\/\/wordpress.nibis.de\/gsvolkmarode\/wp-json\/wp\/v2\/pages\/333","targetHints":{"allow":["GET"]}}],"collection":[{"href":"https:\/\/wordpress.nibis.de\/gsvolkmarode\/wp-json\/wp\/v2\/pages"}],"about":[{"href":"https:\/\/wordpress.nibis.de\/gsvolkmarode\/wp-json\/wp\/v2\/types\/page"}],"author":[{"embeddable":true,"href":"https:\/\/wordpress.nibis.de\/gsvolkmarode\/wp-json\/wp\/v2\/users\/9192484"}],"replies":[{"embeddable":true,"href":"https:\/\/wordpress.nibis.de\/gsvolkmarode\/wp-json\/wp\/v2\/comments?post=333"}],"version-history":[{"count":3,"href":"https:\/\/wordpress.nibis.de\/gsvolkmarode\/wp-json\/wp\/v2\/pages\/333\/revisions"}],"predecessor-version":[{"id":340,"href":"https:\/\/wordpress.nibis.de\/gsvolkmarode\/wp-json\/wp\/v2\/pages\/333\/revisions\/340"}],"wp:attachment":[{"href":"https:\/\/wordpress.nibis.de\/gsvolkmarode\/wp-json\/wp\/v2\/media?parent=333"}],"curies":[{"name":"wp","href":"https:\/\/api.w.org\/{rel}","templated":true}]}}