{"id":5,"date":"2025-09-01T18:58:00","date_gmt":"2025-09-01T16:58:00","guid":{"rendered":"http:\/\/wordpress.nibis.de\/gsvolkmarode\/?page_id=5"},"modified":"2026-03-19T06:59:42","modified_gmt":"2026-03-19T05:59:42","slug":"schule","status":"publish","type":"page","link":"https:\/\/wordpress.nibis.de\/gsvolkmarode\/schule\/","title":{"rendered":"Unsere Schule"},"content":{"rendered":"\n<p>\u00d6FFENTLICHER KALENDER<\/p>\n\n\n\n<p class=\"has-luminous-vivid-orange-background-color has-background has-small-font-size\">Alle anderen Termine f\u00fcr einzelne Klassen, Gruppen, Lehrer:innen, Eltern, Ganztag usw. sind ausschlie\u00dflich nach Anmeldung im IServ der Schule verf\u00fcgbar! <\/p>\n\n\n<div class=\"r34ics-ajax-container loading\" id=\"r69d0e1978b8db7e\" data-view=\"month\" data-view-is-list-style=\"0\" data-view-is-list-long=\"0\" data-args=\"a0172549e61efc9e02ab21129460da676d4be569\" data-js-args=\"{&quot;debug&quot;:null}\">&nbsp;<\/div>\n\n\n\n<p class=\"has-vivid-green-cyan-background-color has-background has-medium-font-size\"><strong>Unterrichtszeiten<\/strong><\/p>\n\n\n\n<table style=\"width: 83.194444%;height: 558px\" border=\"1\">\n<tbody>\n<tr style=\"height: 31px\">\n<td style=\"width: 28.249404%;height: 31px\" width=\"28%\" height=\"2\">\n<div align=\"left\">7:50 &#8211; 8:00<\/div>\n<\/td>\n<td style=\"width: 43.400082%;height: 31px\" width=\"43%\" height=\"2\">\n<div align=\"left\">offener Anfang<\/div>\n<\/td>\n<td style=\"width: 30.415592%;height: 31px\" width=\"21%\" height=\"2\">\n<div align=\"left\">10 Min.<\/div>\n<\/td>\n<\/tr>\n<tr style=\"height: 31px\" align=\"center\">\n<td style=\"width: 102.065078%;height: 31px\" colspan=\"3\"><span style=\"background-color: #ff6600\">Klingelzeichen 8:00 Uhr<\/span><\/td>\n<\/tr>\n<tr style=\"height: 31px\">\n<td style=\"width: 28.249404%;height: 31px\" width=\"28%\" height=\"6\">\n<div align=\"left\">8:00 &#8211; 8:45<\/div>\n<\/td>\n<td style=\"width: 43.400082%;height: 31px\" width=\"43%\" height=\"6\">\n<div align=\"left\"><strong>1. Unterrichtsstunde<\/strong><\/div>\n<\/td>\n<td style=\"width: 30.415592%;height: 31px\" width=\"21%\" height=\"6\">\n<div align=\"left\"><strong>45 Min.<\/strong><\/div>\n<\/td>\n<\/tr>\n<tr style=\"height: 31px\">\n<td style=\"width: 28.249404%;height: 31px\" width=\"28%\" height=\"2\">\n<div align=\"left\">8:45 &#8211; 8:50<\/div>\n<\/td>\n<td style=\"width: 43.400082%;height: 31px\" width=\"43%\" height=\"2\"><span style=\"color: #800080;background-color: #00ffff\">Wechselpause<\/span><\/td>\n<td style=\"width: 30.415592%;height: 31px\" width=\"21%\" height=\"2\">\n<div align=\"left\">5\u00a0Min.<\/div>\n<\/td>\n<\/tr>\n<tr style=\"height: 31px\">\n<td style=\"width: 28.249404%;height: 31px\" width=\"28%\" height=\"2\">\n<div align=\"left\">8:50 &#8211; 9:35<\/div>\n<\/td>\n<td style=\"width: 43.400082%;height: 31px\" width=\"43%\" height=\"2\">\n<div align=\"left\"><strong>2. Unterrichtsstunde<\/strong><\/div>\n<\/td>\n<td style=\"width: 30.415592%;height: 31px\" width=\"21%\" height=\"2\">\n<div align=\"left\"><strong>45 Min.<\/strong><\/div>\n<\/td>\n<\/tr>\n<tr style=\"height: 31px\">\n<td style=\"width: 28.249404%;height: 31px\" width=\"28%\" height=\"2\">\n<div align=\"left\">9:35 &#8211; 9:45<\/div>\n<\/td>\n<td style=\"width: 43.400082%;height: 31px\" width=\"43%\" height=\"2\"><span style=\"background-color: #00ff00\">Fr\u00fchst\u00fcckspause<\/span><\/td>\n<td style=\"width: 30.415592%;height: 31px\" width=\"21%\" height=\"2\">\n<div align=\"left\">10 Min.<\/div>\n<\/td>\n<\/tr>\n<tr style=\"height: 31px\">\n<td style=\"width: 28.249404%;height: 31px\" width=\"28%\" height=\"2\">\n<div align=\"left\">9:45 &#8211; 10:05<\/div>\n<\/td>\n<td style=\"width: 43.400082%;height: 31px\" width=\"43%\" height=\"2\">\n<div align=\"left\"><span style=\"background-color: #00ff00\">Hofpause<\/span><\/div>\n<\/td>\n<td style=\"width: 30.415592%;height: 31px\" width=\"21%\" height=\"2\">\n<div align=\"left\">20 Min.<\/div>\n<\/td>\n<\/tr>\n<tr style=\"height: 31px\" align=\"center\">\n<td style=\"width: 102.065078%;height: 31px\" colspan=\"3\"><span style=\"background-color: #ff6600\">Klingelzeichen 10:05 Uhr<\/span><\/td>\n<\/tr>\n<tr style=\"height: 31px\">\n<td style=\"width: 28.249404%;height: 31px\" width=\"28%\" height=\"2\">\n<div align=\"left\">10:05 &#8211; 10:10<\/div>\n<\/td>\n<td style=\"width: 43.400082%;height: 31px\" width=\"43%\" height=\"2\">\n<div align=\"left\"><span style=\"background-color: #cc99ff\">Abholzeit<\/span><\/div>\n<\/td>\n<td style=\"width: 30.415592%;height: 31px\" width=\"21%\" height=\"2\">\n<div align=\"left\">5 Min.<\/div>\n<\/td>\n<\/tr>\n<tr style=\"height: 31px\">\n<td style=\"width: 28.249404%;height: 31px\" width=\"28%\" height=\"2\">\n<div align=\"left\">10:10 &#8211; 10:55<\/div>\n<\/td>\n<td style=\"width: 43.400082%;height: 31px\" width=\"43%\" height=\"2\">\n<div align=\"left\"><strong>3. Unterrichtsstunde<\/strong><\/div>\n<\/td>\n<td style=\"width: 30.415592%;height: 31px\" width=\"21%\" height=\"2\">\n<div align=\"left\"><strong>45 Min.<\/strong><\/div>\n<\/td>\n<\/tr>\n<tr style=\"height: 31px\">\n<td style=\"width: 28.249404%;height: 31px\" width=\"28%\" height=\"2\">\n<div align=\"left\">10:55 &#8211; 11:00<\/div>\n<\/td>\n<td style=\"width: 43.400082%;height: 31px\" width=\"43%\" height=\"2\">\n<div align=\"left\"><span style=\"color: #800080;background-color: #00ffff\">Wechselpause<\/span><\/div>\n<\/td>\n<td style=\"width: 30.415592%;height: 31px\" width=\"21%\" height=\"2\">\n<div align=\"left\">5 Min.<\/div>\n<\/td>\n<\/tr>\n<tr style=\"height: 31px\">\n<td style=\"width: 28.249404%;height: 31px\" width=\"28%\" height=\"2\">\n<div align=\"left\">11:00 &#8211; 11:45<\/div>\n<\/td>\n<td style=\"width: 43.400082%;height: 31px\" width=\"43%\" height=\"2\">\n<div align=\"left\"><strong>4. Unterrichtsstunde<\/strong><\/div>\n<\/td>\n<td style=\"width: 30.415592%;height: 31px\" width=\"21%\" height=\"2\">\n<div align=\"left\"><strong>45 Min.<\/strong><\/div>\n<\/td>\n<\/tr>\n<tr style=\"height: 31px\">\n<td style=\"width: 28.249404%;height: 31px\" width=\"28%\" height=\"2\">\n<div align=\"left\">11:45 &#8211; 12:05<\/div>\n<\/td>\n<td style=\"width: 43.400082%;height: 31px\" width=\"43%\" height=\"2\">\n<div align=\"left\"><span style=\"background-color: #00ff00\">Hofpause<\/span><\/div>\n<\/td>\n<td style=\"width: 30.415592%;height: 31px\" width=\"21%\" height=\"2\">\n<div align=\"left\">15 Min.<\/div>\n<\/td>\n<\/tr>\n<tr style=\"height: 31px\" align=\"center\">\n<td style=\"width: 102.065078%;height: 31px\" colspan=\"3\"><span style=\"background-color: #ff6600\">Klingelzeichen 12:05 Uhr<\/span><\/td>\n<\/tr>\n<tr style=\"height: 31px\">\n<td style=\"width: 28.249404%;height: 31px\" width=\"28%\" height=\"2\">\n<div align=\"left\">12:05 &#8211; 12:10<\/div>\n<\/td>\n<td style=\"width: 43.400082%;height: 31px\" width=\"43%\" height=\"2\">\n<div align=\"left\"><span style=\"background-color: #cc99ff\">Abholzeit<\/span><\/div>\n<\/td>\n<td style=\"width: 30.415592%;height: 31px\" width=\"21%\" height=\"2\">\n<div align=\"left\">5 Min.<\/div>\n<\/td>\n<\/tr>\n<tr style=\"height: 31px\">\n<td style=\"width: 28.249404%;height: 31px\" width=\"28%\" height=\"2\">\n<div align=\"left\">12:10 &#8211; 12:55<\/div>\n<\/td>\n<td style=\"width: 43.400082%;height: 31px\" width=\"43%\" height=\"2\">\n<div align=\"left\"><strong>5. Unterrichtsstunde<\/strong><\/div>\n<\/td>\n<td style=\"width: 30.415592%;height: 31px\" width=\"21%\" height=\"2\">\n<div align=\"left\"><strong>45 Min.<\/strong><\/div>\n<\/td>\n<\/tr>\n<tr style=\"height: 31px\" align=\"center\">\n<td style=\"width: 102.065078%;height: 31px\" colspan=\"3\"><span style=\"background-color: #ff6600\">Klingelzeichen 12:55 Uhr<\/span><\/td>\n<\/tr>\n<tr style=\"height: 31px\">\n<td style=\"width: 28.249404%;height: 31px\">12:55 &#8211; 13:40<\/td>\n<td style=\"width: 43.400082%;height: 31px;text-align: left\"><strong>6. Unterrichtsstunde<\/strong><\/td>\n<td style=\"width: 30.415592%;height: 31px\"><strong>45 Min.<\/strong><\/td>\n<\/tr>\n<\/tbody>\n<\/table>\n<p>\u00a0<\/p>\n\n\n\n<h2 class=\"wp-block-heading is-style-default has-black-color has-vivid-green-cyan-background-color has-text-color has-background has-link-color has-medium-font-size wp-elements-af0a2513b1ee07035d135276cf03737d\">Schulregeln<\/h2>\n\n\n\n<p class=\"has-medium-font-size\"><strong>Wir wollen eine Schule, in der wir friedlich miteinander umgehen und erfolgreich lernen k\u00f6nnen und in der wir uns wohlf\u00fchlen.&nbsp;<br><\/strong>Aus diesem Grund halten wir uns alle an folgende Regeln:<br>Wir begr\u00fc\u00dfen uns freundlich &#8230;<\/p>\n\n\n\n<div class=\"wp-block-buttons is-layout-flex wp-block-buttons-is-layout-flex\">\n<div class=\"wp-block-button is-style-outline is-style-outline--1\"><a class=\"wp-block-button__link has-black-color has-pale-cyan-blue-background-color has-text-color has-background has-link-color wp-element-button\" href=\"https:\/\/wordpress.nibis.de\/gsvolkmarode\/schule\/schulregeln\/\">weiterlesen &#8230;<\/a><\/div>\n<\/div>\n\n\n\n<h2 class=\"wp-block-heading is-style-default has-vivid-green-cyan-background-color has-background has-medium-font-size\"><a href=\"https:\/\/wordpress.nibis.de\/gsvolkmarode\/formulare\/\" data-type=\"page\" data-id=\"376\">Formulare<\/a> zum Download<\/h2>\n\n\n\n<p class=\"has-medium-font-size\">Anmeldung, Schulwegepl\u00e4ne und Vieles mehr &#8230;<\/p>\n\n\n\n<div class=\"wp-block-buttons is-layout-flex wp-block-buttons-is-layout-flex\">\n<div class=\"wp-block-button is-style-outline is-style-outline--2\"><a class=\"wp-block-button__link has-pale-cyan-blue-background-color has-background wp-element-button\" href=\"https:\/\/wordpress.nibis.de\/gsvolkmarode\/formulare\/\">weiterlesen &#8230;<\/a><\/div>\n<\/div>\n\n\n\n<p class=\"has-vivid-green-cyan-background-color has-background has-medium-font-size\"><a href=\"https:\/\/wordpress.nibis.de\/gsvolkmarode\/schule\/schul-abc\/\" data-type=\"page\" data-id=\"193\">Schul ABC<\/a><\/p>\n\n\n\n<p class=\"tw-mb-1 tw-mt-1 has-medium-font-size\">Von <strong>A<\/strong> wie Aktivit\u00e4ten bis <strong>Z<\/strong> wie Zeugnis &#8230;<\/p>\n\n\n\n<div class=\"wp-block-buttons is-layout-flex wp-block-buttons-is-layout-flex\">\n<div class=\"wp-block-button is-style-outline is-style-outline--3\"><a class=\"wp-block-button__link has-pale-cyan-blue-background-color has-background wp-element-button\" href=\"https:\/\/wordpress.nibis.de\/gsvolkmarode\/schule\/schul-abc\/\">weiterlesen &#8230;<\/a><\/div>\n<\/div>\n\n\n\n<p class=\"has-vivid-green-cyan-background-color has-background has-medium-font-size\"><a href=\"https:\/\/wordpress.nibis.de\/gsvolkmarode\/schule\/information\/\" data-type=\"page\" data-id=\"184\">Lesende Schule<\/a><\/p>\n\n\n\n<p class=\"has-medium-font-size\">Lesef\u00f6rderung wird an unserer Schule ganz gro\u00dfgeschrieben. Dreh- und Angelpunkt daf\u00fcr ist unsere Schulb\u00fccherei. Etwas versteckt im Keller der Schule, ist sie eine kleine Schatzkiste, die mit inzwischen mehr als 1400 B\u00fcchern gut best\u00fcckt ist. Hier findet sich etwas f\u00fcr jeden Geschmack und jede Altersstufe: von Bilder- und Wimmelb\u00fcchern, \u00fcber Erstleseb\u00fccher, B\u00fccher mit Geschichten \u00fcber Feen und Einh\u00f6rner, Fu\u00dfballgeschichten, Krimis und Kinderbuchklassiker bis hin zu Sachb\u00fcchern verschiedenster Themenbereiche &#8230;<\/p>\n\n\n\n<div class=\"wp-block-buttons is-layout-flex wp-block-buttons-is-layout-flex\">\n<div class=\"wp-block-button is-style-outline is-style-outline--4\"><a class=\"wp-block-button__link has-pale-cyan-blue-background-color has-background wp-element-button\" href=\"https:\/\/wordpress.nibis.de\/gsvolkmarode\/schule\/\">weiterlesen &#8230;<\/a><\/div>\n<\/div>\n\n\n\n<p class=\"has-vivid-green-cyan-background-color has-background has-medium-font-size\"><a href=\"https:\/\/wordpress.nibis.de\/gsvolkmarode\/foerderung-besonderer-begabungen\/\" data-type=\"page\" data-id=\"2106\">F\u00f6rderung besonderer Begabungen<\/a><\/p>\n\n\n\n<p class=\"has-medium-font-size\">Die Grundschule Volkmarode geh\u00f6rt mit vier weiteren Grundschulen (<a href=\"https:\/\/www.gs-bueltenweg.de\/\">Grundschulen B\u00fcltenweg<\/a>,&nbsp;<a href=\"https:\/\/wordpress.nibis.de\/gshonde\/\">Hondelage<\/a>,&nbsp;<a href=\"https:\/\/www.gs-hinter-der-masch.de\/\">St. Josef<\/a>,&nbsp;<a href=\"https:\/\/grundschule-braunschweig.cjd.de\/de\">Hans-Georg-Karg<\/a>) und den Gymnasien&nbsp;<a href=\"https:\/\/www.neue-oberschule.de\/\">Neue Oberschule<\/a>&nbsp;sowie dem&nbsp;<a href=\"https:\/\/gymnasium-braunschweig.cjd.de\/de?gad_source=1&amp;gad_campaignid=23373744702&amp;gclid=Cj0KCQiA-YvMBhDtARIsAHZuUzJ3m1vbNdJJcWu_vOMtqvhfzUR56_aYgQSiCcr3_fXttlT019-zwn0aAtSDEALw_wcB\">Dr.-Wilhelm-Meyer-Gymnasium<\/a>&nbsp;(Christophorus-Schule) zum Kooperationsverbund \u201eF\u00f6rderung besonderer Begabungen\u201c Braunschweig II. Dieser Verbund sieht es als Aufgabe an, Kinder und Jugendliche zu f\u00f6rdern mit besonderem Augenmerk auf ihre individuellen Leistungsst\u00e4rken &#8230;<\/p>\n\n\n\n<div class=\"wp-block-buttons is-layout-flex wp-block-buttons-is-layout-flex\">\n<div class=\"wp-block-button is-style-outline is-style-outline--5\"><a class=\"wp-block-button__link has-black-color has-pale-cyan-blue-background-color has-text-color has-background has-link-color wp-element-button\" href=\"https:\/\/wordpress.nibis.de\/gsvolkmarode\/foerderung-besonderer-begabungen\/\">weiterlesen &#8230;<\/a><\/div>\n<\/div>\n\n\n\n<p><\/p>\n","protected":false},"excerpt":{"rendered":"<p>\u00d6FFENTLICHER KALENDER Alle anderen Termine f\u00fcr einzelne Klassen, Gruppen, Lehrer:innen, Eltern, Ganztag &hellip; <\/p>\n","protected":false},"author":9192484,"featured_media":0,"parent":0,"menu_order":1,"comment_status":"closed","ping_status":"closed","template":"","meta":{"footnotes":""},"class_list":["post-5","page","type-page","status-publish","hentry"],"_links":{"self":[{"href":"https:\/\/wordpress.nibis.de\/gsvolkmarode\/wp-json\/wp\/v2\/pages\/5","targetHints":{"allow":["GET"]}}],"collection":[{"href":"https:\/\/wordpress.nibis.de\/gsvolkmarode\/wp-json\/wp\/v2\/pages"}],"about":[{"href":"https:\/\/wordpress.nibis.de\/gsvolkmarode\/wp-json\/wp\/v2\/types\/page"}],"author":[{"embeddable":true,"href":"https:\/\/wordpress.nibis.de\/gsvolkmarode\/wp-json\/wp\/v2\/users\/9192484"}],"replies":[{"embeddable":true,"href":"https:\/\/wordpress.nibis.de\/gsvolkmarode\/wp-json\/wp\/v2\/comments?post=5"}],"version-history":[{"count":129,"href":"https:\/\/wordpress.nibis.de\/gsvolkmarode\/wp-json\/wp\/v2\/pages\/5\/revisions"}],"predecessor-version":[{"id":2701,"href":"https:\/\/wordpress.nibis.de\/gsvolkmarode\/wp-json\/wp\/v2\/pages\/5\/revisions\/2701"}],"wp:attachment":[{"href":"https:\/\/wordpress.nibis.de\/gsvolkmarode\/wp-json\/wp\/v2\/media?parent=5"}],"curies":[{"name":"wp","href":"https:\/\/api.w.org\/{rel}","templated":true}]}}