{"id":123,"date":"2020-09-27T18:41:54","date_gmt":"2020-09-27T16:41:54","guid":{"rendered":"https:\/\/wordpress.nibis.de\/gswaggum\/?page_id=123"},"modified":"2020-09-27T18:41:54","modified_gmt":"2020-09-27T16:41:54","slug":"schulordnung","status":"publish","type":"page","link":"https:\/\/wordpress.nibis.de\/gswaggum\/schulordnung\/","title":{"rendered":"Schulordnung"},"content":{"rendered":"<p><strong>Unsere Schulordnung<\/strong><\/p>\n<p>Die Schule ist eine St\u00e4tte des gemeinsamen Lebens und Arbeitens. Damit das m\u00f6glich ist, m\u00fcssen bestimmte Anweisungen von allen Sch\u00fclerInnen befolgt werden.<\/p>\n<p><strong>Vor Schulbeginn<\/strong><\/p>\n<p>Geht vor Unterrichtsbeginn ruhig in eure Klassenr\u00e4ume, wo ihr bitte f\u00fcr die aufsichtsf\u00fchrende Lehrkraft die T\u00fcr offen lasst. Stellt die St\u00fchle von den Tischen und packt eure Unterrichtsmaterialien aus. In der Klasse d\u00fcrft ihr nicht rennen und toben, das ist zu gef\u00e4hrlich.<\/p>\n<p><strong>In den Pausen<\/strong><\/p>\n<div class=\"ce_text article-left block\">\n<p>Verlasst mit Pausenbeginn gleich eure Klasse und geht auf den Pausenhof. Frische Luft und Bewegung sind f\u00fcr euch sehr wichtig.<\/p>\n<p>Wenn das Wetter schlecht ist, wird durch mehrmaliges Klingeln angek\u00fcndigt, dass die Pausen in den Klassenr\u00e4umen stattfinden.<\/p>\n<p>Nehmt in den Pausen R\u00fccksicht aufeinander. Mit Steinen, Eisb\u00e4llen und anderen Dingen d\u00fcrft ihr wegen der Unfallgefahr nicht werfen. Auch das Mitbringen von Waffen, sowie Gegenst\u00e4nden, die die Ordnung der Schule gef\u00e4hrden, ist nicht erlaubt.<\/p>\n<p>Die Toiletten sollt ihr m\u00f6glichst in den Pausen benutzen. Aber denkt daran: Zum Spielen sind die Toilettenr\u00e4ume nicht geeignet. Haltet die Toiletten bitte auch sauber.<\/p>\n<p>Das Fu\u00dfballspielen ist nur auf dem Sportplatz erlaubt (Mit einem Softball d\u00fcrft ihr auch auf dem Pausenhof auf dem daf\u00fcr vorgesehenen Platz spielen).<\/p>\n<p>Alle Sch\u00fclerInnen sind f\u00fcr Ordnung und Sauberkeit auf dem gesamten Schulgel\u00e4nde einschlie\u00dflich Schulgarten mitverantwortlich. Den Schulgarten d\u00fcrft ihr nur mit Erlaubnis betreten. Achtet darauf, dass die Pforte zum Schulgarten geschlossen ist.<\/p>\n<p><strong>Nach dem Unterricht<\/strong><\/p>\n<div class=\"ce_text article-left block\">\n<p>Jede Klasse hinterl\u00e4sst nach der Schule den Unterrichtsraum in ordentlichem Zustand. Werft die Abf\u00e4lle in die entsprechenden Beh\u00e4lter. Gefundene Gegenst\u00e4nde werden beim Hausmeister abgegeben.<\/p>\n<p>Meldet Unf\u00e4lle, die auf dem Schulgel\u00e4nde oder auf dem Schulweg geschehen, so schnell wie m\u00f6glich der Aufsicht oder der Klassenleitung. F\u00fcr Sachsch\u00e4den gilt das gleiche.<\/p>\n<p>Auf eurem Schulweg seid vorsichtig, geht z\u00fcgig und fahrt nicht mit fremden Personen mit. Spielt auf keinen Fall auf dem Kiesgrubengel\u00e4nde.<\/p>\n<p>Wer mit dem Rad zur Schule kommt, kann auch die Fahrbahn der Claudiusstra\u00dfe benutzen und muss nicht unbedingt hinter den Krampen fahren.<\/p>\n<p>Stellt euch nach Beendigung des Unterrichts an den Aufstellpl\u00e4tzen des Schulhofs auf und wartet, bis euch eine Lehrkraft zum Bus schickt und geht ruhig zum Schulbus.<\/p>\n<\/div>\n<\/div>\n","protected":false},"excerpt":{"rendered":"<p>Unsere Schulordnung Die Schule ist eine St\u00e4tte des gemeinsamen Lebens und Arbeitens. Damit das m\u00f6glich ist, m\u00fcssen bestimmte Anweisungen von allen Sch\u00fclerInnen befolgt werden. Vor Schulbeginn Geht vor Unterrichtsbeginn ruhig in eure Klassenr\u00e4ume, wo ihr bitte f\u00fcr die aufsichtsf\u00fchrende Lehrkraft die T\u00fcr offen lasst. Stellt die St\u00fchle von den Tischen und packt eure Unterrichtsmaterialien aus. [&hellip;]<\/p>\n","protected":false},"author":9193479,"featured_media":0,"parent":0,"menu_order":0,"comment_status":"closed","ping_status":"closed","template":"","meta":{"footnotes":""},"class_list":["post-123","page","type-page","status-publish","hentry"],"_links":{"self":[{"href":"https:\/\/wordpress.nibis.de\/gswaggum\/wp-json\/wp\/v2\/pages\/123","targetHints":{"allow":["GET"]}}],"collection":[{"href":"https:\/\/wordpress.nibis.de\/gswaggum\/wp-json\/wp\/v2\/pages"}],"about":[{"href":"https:\/\/wordpress.nibis.de\/gswaggum\/wp-json\/wp\/v2\/types\/page"}],"author":[{"embeddable":true,"href":"https:\/\/wordpress.nibis.de\/gswaggum\/wp-json\/wp\/v2\/users\/9193479"}],"replies":[{"embeddable":true,"href":"https:\/\/wordpress.nibis.de\/gswaggum\/wp-json\/wp\/v2\/comments?post=123"}],"version-history":[{"count":1,"href":"https:\/\/wordpress.nibis.de\/gswaggum\/wp-json\/wp\/v2\/pages\/123\/revisions"}],"predecessor-version":[{"id":124,"href":"https:\/\/wordpress.nibis.de\/gswaggum\/wp-json\/wp\/v2\/pages\/123\/revisions\/124"}],"wp:attachment":[{"href":"https:\/\/wordpress.nibis.de\/gswaggum\/wp-json\/wp\/v2\/media?parent=123"}],"curies":[{"name":"wp","href":"https:\/\/api.w.org\/{rel}","templated":true}]}}