{"id":128,"date":"2020-09-27T18:47:11","date_gmt":"2020-09-27T16:47:11","guid":{"rendered":"https:\/\/wordpress.nibis.de\/gswaggum\/?page_id=128"},"modified":"2020-09-27T19:04:26","modified_gmt":"2020-09-27T17:04:26","slug":"elternmitarbeit","status":"publish","type":"page","link":"https:\/\/wordpress.nibis.de\/gswaggum\/elternmitarbeit\/","title":{"rendered":"Elternmitarbeit"},"content":{"rendered":"<p><strong>Danksagung<\/strong><\/p>\n<div class=\"ce_text article-right block\">\n<p>Die Schulleitung und das Kollegium der Grundschule Waggum bedanken sich f\u00fcr den unerm\u00fcdlichen Einsatz vieler Eltern in allen Schulbereichen. Die aktive Hilfe in den Gremien, bei Schulfesten, bei Ausfl\u00fcgen machen viele Aktivit\u00e4ten in der Schule erst m\u00f6glich.<\/p>\n<p>Aber auch im Unterricht als \u201eLesepaten\u201c oder im AG\u2013Bereich ist die Hilfe der Eltern sehr willkommen.<\/p>\n<p>Eine gute Zusammenarbeit von Elternhaus und Lehrkr\u00e4ften unterst\u00fctzt die Basis unserer Arbeit!<\/p>\n<p><strong>Elternmitarbeit<\/strong><\/p>\n<div class=\"ce_text article-left block\">\n<p>Wir Eltern haben an vielen Stellen die M\u00f6glichkeit, uns aktiv an der Gestaltung des Schullebens zu beteiligen. Eltern arbeiten in allen Gremien der Schule mit. Schulfeste, Ausfl\u00fcge, Sportfeste und vieles mehr w\u00e4ren ohne die Mithilfe von Eltern gar nicht m\u00f6glich.<\/p>\n<p>Lesen Sie mehr \u00fcber die Elternarbeit im <a href=\"http:\/\/grundschule-waggum.de\/schulvorstand.html\">Schulvorstand<\/a>, <a href=\"https:\/\/wordpress.nibis.de\/gswaggum\/schulelternrat\/\">Schulelternrat<\/a> und <a href=\"https:\/\/wordpress.nibis.de\/gswaggum\/elternverein\/\">Elternverein<\/a> an unserer Schule.<\/p>\n<p>Ausf\u00fchrliche Informationen \u00fcber Elternmitwirkung in den Gremien der nieders\u00e4chsischen Schulen finden Sie auf den Internetseiten des <a href=\"https:\/\/www.ler-nds.de\/\">Landeselternrates.<\/a><\/p>\n<\/div>\n<\/div>\n","protected":false},"excerpt":{"rendered":"<p>Danksagung Die Schulleitung und das Kollegium der Grundschule Waggum bedanken sich f\u00fcr den unerm\u00fcdlichen Einsatz vieler Eltern in allen Schulbereichen. Die aktive Hilfe in den Gremien, bei Schulfesten, bei Ausfl\u00fcgen machen viele Aktivit\u00e4ten in der Schule erst m\u00f6glich. Aber auch im Unterricht als \u201eLesepaten\u201c oder im AG\u2013Bereich ist die Hilfe der Eltern sehr willkommen. Eine [&hellip;]<\/p>\n","protected":false},"author":9193479,"featured_media":0,"parent":0,"menu_order":0,"comment_status":"closed","ping_status":"closed","template":"","meta":{"footnotes":""},"class_list":["post-128","page","type-page","status-publish","hentry"],"_links":{"self":[{"href":"https:\/\/wordpress.nibis.de\/gswaggum\/wp-json\/wp\/v2\/pages\/128","targetHints":{"allow":["GET"]}}],"collection":[{"href":"https:\/\/wordpress.nibis.de\/gswaggum\/wp-json\/wp\/v2\/pages"}],"about":[{"href":"https:\/\/wordpress.nibis.de\/gswaggum\/wp-json\/wp\/v2\/types\/page"}],"author":[{"embeddable":true,"href":"https:\/\/wordpress.nibis.de\/gswaggum\/wp-json\/wp\/v2\/users\/9193479"}],"replies":[{"embeddable":true,"href":"https:\/\/wordpress.nibis.de\/gswaggum\/wp-json\/wp\/v2\/comments?post=128"}],"version-history":[{"count":3,"href":"https:\/\/wordpress.nibis.de\/gswaggum\/wp-json\/wp\/v2\/pages\/128\/revisions"}],"predecessor-version":[{"id":142,"href":"https:\/\/wordpress.nibis.de\/gswaggum\/wp-json\/wp\/v2\/pages\/128\/revisions\/142"}],"wp:attachment":[{"href":"https:\/\/wordpress.nibis.de\/gswaggum\/wp-json\/wp\/v2\/media?parent=128"}],"curies":[{"name":"wp","href":"https:\/\/api.w.org\/{rel}","templated":true}]}}