{"id":131,"date":"2020-09-27T18:54:24","date_gmt":"2020-09-27T16:54:24","guid":{"rendered":"https:\/\/wordpress.nibis.de\/gswaggum\/?page_id=131"},"modified":"2025-03-18T07:50:58","modified_gmt":"2025-03-18T06:50:58","slug":"schulvorstand","status":"publish","type":"page","link":"https:\/\/wordpress.nibis.de\/gswaggum\/schulvorstand\/","title":{"rendered":"Schulvorstand"},"content":{"rendered":"<p><strong>Der Schulvorstand<\/strong><\/p>\n<p>Der Schulvorstand wurde als Gremium im nieders\u00e4chsischen Schulsystem 2007 im Zuge der \u201eEigenverantwortlichen Schule\u201c eingef\u00fchrt. Im Schulvorstand arbeiten die Schulleitung, gew\u00e4hlte Lehrkr\u00e4fte und gew\u00e4hlte Eltern zum Wohl der Schule verantwortlich zusammen. Diese gemeinsame Verantwortung aller an Schule beteiligten soll die Basis f\u00fcr \u201eGute Schule\u201c bilden.<\/p>\n<p><strong>Schulvorstandmitglieder<\/strong><\/p>\n<p><span style=\"text-decoration: underline\">Elternvertreter:<\/span><\/p>\n<p>Herr Fast<\/p>\n<p>Herr G\u00f6decke<\/p>\n<p>Herr Kuthe<\/p>\n<p>Herr Fokken<\/p>\n<p><span style=\"text-decoration: underline\">Lehrkr\u00e4fte<\/span><\/p>\n<p>Frau van Vugt<\/p>\n<p>Frau Pakusch<\/p>\n<p>Herr Stubben<\/p>\n<p>Frau Szyszka<\/p>\n<p>Stand M\u00e4rz 2025<\/p>\n","protected":false},"excerpt":{"rendered":"<p>Der Schulvorstand Der Schulvorstand wurde als Gremium im nieders\u00e4chsischen Schulsystem 2007 im Zuge der \u201eEigenverantwortlichen Schule\u201c eingef\u00fchrt. Im Schulvorstand arbeiten die Schulleitung, gew\u00e4hlte Lehrkr\u00e4fte und gew\u00e4hlte Eltern zum Wohl der Schule verantwortlich zusammen. Diese gemeinsame Verantwortung aller an Schule beteiligten soll die Basis f\u00fcr \u201eGute Schule\u201c bilden. Schulvorstandmitglieder Elternvertreter: Herr Fast Herr G\u00f6decke Herr Kuthe [&hellip;]<\/p>\n","protected":false},"author":9193479,"featured_media":0,"parent":0,"menu_order":0,"comment_status":"closed","ping_status":"closed","template":"","meta":{"footnotes":""},"class_list":["post-131","page","type-page","status-publish","hentry"],"_links":{"self":[{"href":"https:\/\/wordpress.nibis.de\/gswaggum\/wp-json\/wp\/v2\/pages\/131","targetHints":{"allow":["GET"]}}],"collection":[{"href":"https:\/\/wordpress.nibis.de\/gswaggum\/wp-json\/wp\/v2\/pages"}],"about":[{"href":"https:\/\/wordpress.nibis.de\/gswaggum\/wp-json\/wp\/v2\/types\/page"}],"author":[{"embeddable":true,"href":"https:\/\/wordpress.nibis.de\/gswaggum\/wp-json\/wp\/v2\/users\/9193479"}],"replies":[{"embeddable":true,"href":"https:\/\/wordpress.nibis.de\/gswaggum\/wp-json\/wp\/v2\/comments?post=131"}],"version-history":[{"count":7,"href":"https:\/\/wordpress.nibis.de\/gswaggum\/wp-json\/wp\/v2\/pages\/131\/revisions"}],"predecessor-version":[{"id":733,"href":"https:\/\/wordpress.nibis.de\/gswaggum\/wp-json\/wp\/v2\/pages\/131\/revisions\/733"}],"wp:attachment":[{"href":"https:\/\/wordpress.nibis.de\/gswaggum\/wp-json\/wp\/v2\/media?parent=131"}],"curies":[{"name":"wp","href":"https:\/\/api.w.org\/{rel}","templated":true}]}}