{"id":135,"date":"2020-09-27T18:59:20","date_gmt":"2020-09-27T16:59:20","guid":{"rendered":"https:\/\/wordpress.nibis.de\/gswaggum\/?page_id=135"},"modified":"2024-09-28T12:17:39","modified_gmt":"2024-09-28T10:17:39","slug":"schulelternrat","status":"publish","type":"page","link":"https:\/\/wordpress.nibis.de\/gswaggum\/schulelternrat\/","title":{"rendered":"Schulelternrat"},"content":{"rendered":"<p><strong>Der Schulelternrat<\/strong><\/p>\n<div class=\"ce_text article-left block\">\n<p>Der Schulelternrat setzt sich aus den Klassenelternvertretern aller Klassen zusammen. Er vertritt durch seinen Vorsitzenden die Interessen der Elternschaft gegen\u00fcber Lehrkr\u00e4ften, Schulleitung und der \u00d6ffentlichkeit. Der Schulelternrat entsendet Elternvertreter in alle Gremien der Schule (Fachkonferenzen, Gesamtkonferenz).<\/p>\n<p>Der Schulelternrat tagt 3-4 mal pro Schuljahr. Alle Belange des Schullebens, die von den Eltern f\u00fcr wichtig erachtet werden, werden im Schulelternrat diskutiert und mit der Schulleitung besprochen. Der Schulelternrat entscheidet auch \u00fcber die Geldmittel des Elternvereins.<\/p>\n<p>\u00dcber die Arbeit des Schulelternrats werden die Eltern in regelm\u00e4\u00dfigen Elternbriefen informiert, die \u00fcber die Klassenemailverteiler verbreitet werden.<\/p>\n<p><strong>Schulelternratsvorsitzende<\/strong><\/p>\n<div class=\"ce_text article-right block\">\n<p>Wenn Sie Fragen oder Mitteilungen an den Schulelternrat haben, wenden Sie sich unter <a href=\"&#x6d;&#x61;&#105;l&#x74;&#x6f;&#58;&#115;c&#x68;&#x75;&#108;&#101;l&#x74;&#x65;&#114;nr&#x61;&#x74;&#64;g&#x73;&#x2d;&#119;&#97;g&#x67;&#x75;&#109;&#46;d&#x65;\">schulelt&#101;&#114;&#110;&#114;&#97;&#116;&#64;&#103;&#115;&#45;&#x77;&#x61;&#x67;&#x67;&#x75;&#x6d;&#x2e;&#x64;&#x65;<\/a> an die Schulelternratsvorsitzenden.<\/p>\n<p>1. Vorsitzende: Frau G\u00f6decke<br \/>\n2. Vorsitzender: Herr Schmidt<\/p>\n<\/div>\n<\/div>\n","protected":false},"excerpt":{"rendered":"<p>Der Schulelternrat Der Schulelternrat setzt sich aus den Klassenelternvertretern aller Klassen zusammen. Er vertritt durch seinen Vorsitzenden die Interessen der Elternschaft gegen\u00fcber Lehrkr\u00e4ften, Schulleitung und der \u00d6ffentlichkeit. Der Schulelternrat entsendet Elternvertreter in alle Gremien der Schule (Fachkonferenzen, Gesamtkonferenz). Der Schulelternrat tagt 3-4 mal pro Schuljahr. Alle Belange des Schullebens, die von den Eltern f\u00fcr wichtig [&hellip;]<\/p>\n","protected":false},"author":9193479,"featured_media":0,"parent":0,"menu_order":0,"comment_status":"closed","ping_status":"closed","template":"","meta":{"footnotes":""},"class_list":["post-135","page","type-page","status-publish","hentry"],"_links":{"self":[{"href":"https:\/\/wordpress.nibis.de\/gswaggum\/wp-json\/wp\/v2\/pages\/135","targetHints":{"allow":["GET"]}}],"collection":[{"href":"https:\/\/wordpress.nibis.de\/gswaggum\/wp-json\/wp\/v2\/pages"}],"about":[{"href":"https:\/\/wordpress.nibis.de\/gswaggum\/wp-json\/wp\/v2\/types\/page"}],"author":[{"embeddable":true,"href":"https:\/\/wordpress.nibis.de\/gswaggum\/wp-json\/wp\/v2\/users\/9193479"}],"replies":[{"embeddable":true,"href":"https:\/\/wordpress.nibis.de\/gswaggum\/wp-json\/wp\/v2\/comments?post=135"}],"version-history":[{"count":4,"href":"https:\/\/wordpress.nibis.de\/gswaggum\/wp-json\/wp\/v2\/pages\/135\/revisions"}],"predecessor-version":[{"id":688,"href":"https:\/\/wordpress.nibis.de\/gswaggum\/wp-json\/wp\/v2\/pages\/135\/revisions\/688"}],"wp:attachment":[{"href":"https:\/\/wordpress.nibis.de\/gswaggum\/wp-json\/wp\/v2\/media?parent=135"}],"curies":[{"name":"wp","href":"https:\/\/api.w.org\/{rel}","templated":true}]}}