{"id":138,"date":"2020-09-27T19:02:04","date_gmt":"2020-09-27T17:02:04","guid":{"rendered":"https:\/\/wordpress.nibis.de\/gswaggum\/?page_id=138"},"modified":"2025-05-12T20:39:53","modified_gmt":"2025-05-12T18:39:53","slug":"elternverein","status":"publish","type":"page","link":"https:\/\/wordpress.nibis.de\/gswaggum\/elternverein\/","title":{"rendered":"Elternverein"},"content":{"rendered":"<p><strong>Der Elternverein<\/strong><\/p>\n<div class=\"ce_text article-left block\">\n<p>Der Elternverein unserer Schule hilft mit ehrenamtlichem Engagement, das Schulleben attraktiver zu gestalten. Der Elternverein finanziert aus Spendengeldern viele kleine Extras, wie Vorlesewettbewerbe, Spielger\u00e4te f\u00fcr die Pause und die Betreuungsstunden oder zus\u00e4tzliches Unterrichtsmaterial. Der Elternverein hilft in sozialen Notlagen, indem Aufwendungen f\u00fcr Klassenfahrten, Theaterbesuche oder Schulmaterialien bezuschusst werden.<\/p>\n<p>Den Antrag f\u00fcr derartige Zuwendungen finden Sie <a href=\"https:\/\/wordpress.nibis.de\/gswaggum\/files\/2020\/11\/Antrag-Unterst\u00fctzung-Elternverein.pdf\">hier.<\/a><\/p>\n<p>Die finanziellen Mittel erwirtschaftet der Elternverein durch vielf\u00e4ltige Aktionen wie Kuchenverkauf bei Schulfesten, Sponsorenl\u00e4ufe oder den Verkauf von Fundsachen. Einmal im Jahr erbittet der Elternverein eine Spende von allen Eltern.<\/p>\n<p>Der Elternverein ist unter <a href=\"&#x6d;&#x61;&#105;&#108;t&#x6f;&#x3a;&#x65;&#108;&#116;e&#x72;&#x6e;&#x76;&#101;&#114;e&#x69;&#x6e;&#x40;&#103;&#115;-&#x77;&#x61;&#x67;&#103;um&#x2e;&#x64;&#x65;\">&#x65;&#x6c;&#x74;&#x65;&#x72;&#x6e;&#x76;&#101;&#114;&#101;&#105;&#110;&#64;gs-&#x77;&#x61;&#x67;&#x67;&#x75;&#x6d;&#x2e;&#x64;&#101;<\/a> zu erreichen.<\/p>\n<p>1. Vorsitzende: Meike Moser<br \/>\n2. Vorsitzende: Sarah Fl\u00fcggen<\/p>\n<p><strong>Der Umweltladen<\/strong><\/p>\n<p>Seit vielen Jahren betreibt der Elternverein einen Verkaufsstand f\u00fcr umweltfreundliche und kosteng\u00fcnstige Schulmaterialien. Der Verkauf findet jeden Dienstag in der ersten gro\u00dfen Pause statt.<\/p>\n<\/div>\n","protected":false},"excerpt":{"rendered":"<p>Der Elternverein Der Elternverein unserer Schule hilft mit ehrenamtlichem Engagement, das Schulleben attraktiver zu gestalten. Der Elternverein finanziert aus Spendengeldern viele kleine Extras, wie Vorlesewettbewerbe, Spielger\u00e4te f\u00fcr die Pause und die Betreuungsstunden oder zus\u00e4tzliches Unterrichtsmaterial. Der Elternverein hilft in sozialen Notlagen, indem Aufwendungen f\u00fcr Klassenfahrten, Theaterbesuche oder Schulmaterialien bezuschusst werden. Den Antrag f\u00fcr derartige Zuwendungen [&hellip;]<\/p>\n","protected":false},"author":9193479,"featured_media":0,"parent":0,"menu_order":0,"comment_status":"closed","ping_status":"closed","template":"","meta":{"footnotes":""},"class_list":["post-138","page","type-page","status-publish","hentry"],"_links":{"self":[{"href":"https:\/\/wordpress.nibis.de\/gswaggum\/wp-json\/wp\/v2\/pages\/138","targetHints":{"allow":["GET"]}}],"collection":[{"href":"https:\/\/wordpress.nibis.de\/gswaggum\/wp-json\/wp\/v2\/pages"}],"about":[{"href":"https:\/\/wordpress.nibis.de\/gswaggum\/wp-json\/wp\/v2\/types\/page"}],"author":[{"embeddable":true,"href":"https:\/\/wordpress.nibis.de\/gswaggum\/wp-json\/wp\/v2\/users\/9193479"}],"replies":[{"embeddable":true,"href":"https:\/\/wordpress.nibis.de\/gswaggum\/wp-json\/wp\/v2\/comments?post=138"}],"version-history":[{"count":5,"href":"https:\/\/wordpress.nibis.de\/gswaggum\/wp-json\/wp\/v2\/pages\/138\/revisions"}],"predecessor-version":[{"id":745,"href":"https:\/\/wordpress.nibis.de\/gswaggum\/wp-json\/wp\/v2\/pages\/138\/revisions\/745"}],"wp:attachment":[{"href":"https:\/\/wordpress.nibis.de\/gswaggum\/wp-json\/wp\/v2\/media?parent=138"}],"curies":[{"name":"wp","href":"https:\/\/api.w.org\/{rel}","templated":true}]}}