{"id":178,"date":"2020-09-27T19:59:22","date_gmt":"2020-09-27T17:59:22","guid":{"rendered":"https:\/\/wordpress.nibis.de\/gswaggum\/?page_id=178"},"modified":"2020-09-27T19:59:22","modified_gmt":"2020-09-27T17:59:22","slug":"iserv","status":"publish","type":"page","link":"https:\/\/wordpress.nibis.de\/gswaggum\/iserv\/","title":{"rendered":"IServ"},"content":{"rendered":"<div class=\"ce_text article-left block\">\n<p>IServ ist ein <strong>Schulserver<\/strong>, der eine neue, flexiblere und individuellere Art des Lehrens und Lernens erm\u00f6glicht \u2013 jahrgangs- und f\u00e4cher\u00fcbergreifend, unabh\u00e4ngig von \u00f6rtlichen Gegebenheiten und dem in der Schule \u00fcblichen Zeitraster.<\/p>\n<p>Jeder Benutzer von IServ ist unter einer eigenen <strong>E-Mail-Adresse<\/strong> weltweit erreichbar, kann auf IServ seine pers\u00f6nlichen Adressen, Termine und Dateien verwalten, sich in \u00f6ffentlichen Diskussionsforen und Chatr\u00e4umen mit Gleichgesinnten \u00fcber schulische und au\u00dferschulische Themen austauschen, im Internet f\u00fcr den Unterricht recherchieren und selbst Informationen auf seiner privaten Homepage ver\u00f6ffentlichen.<\/p>\n<p>IServ bietet au\u00dferdem <strong>gesch\u00fctzte Bereiche<\/strong> f\u00fcr Gruppen, wie Klassen, Kurse oder Arbeitsgemeinschaften, in denen sie sich absprechen, Daten austauschen und schlie\u00dflich ihre Ergebnisse ver\u00f6ffentlichen k\u00f6nnen.<\/p>\n<p>Zus\u00e4tzlich bietet IServ zahllose Details, wie eine Abrechnung der Druckauftr\u00e4ge, die Anzeige der in n\u00e4chster Zeit anstehenden Geburtstage, aktuelle Neuigkeiten, Nutzungsstatistiken, eine Datenbank f\u00fcr Notizen und vieles andere mehr.<\/p>\n<p><a href=\"https:\/\/www.gs-waggum.de\/idesk\/\">Hier geht es zur IServ-Anmeldung<\/a><\/p>\n<\/div>\n","protected":false},"excerpt":{"rendered":"<p>IServ ist ein Schulserver, der eine neue, flexiblere und individuellere Art des Lehrens und Lernens erm\u00f6glicht \u2013 jahrgangs- und f\u00e4cher\u00fcbergreifend, unabh\u00e4ngig von \u00f6rtlichen Gegebenheiten und dem in der Schule \u00fcblichen Zeitraster. Jeder Benutzer von IServ ist unter einer eigenen E-Mail-Adresse weltweit erreichbar, kann auf IServ seine pers\u00f6nlichen Adressen, Termine und Dateien verwalten, sich in \u00f6ffentlichen [&hellip;]<\/p>\n","protected":false},"author":9193479,"featured_media":0,"parent":0,"menu_order":0,"comment_status":"closed","ping_status":"closed","template":"","meta":{"footnotes":""},"class_list":["post-178","page","type-page","status-publish","hentry"],"_links":{"self":[{"href":"https:\/\/wordpress.nibis.de\/gswaggum\/wp-json\/wp\/v2\/pages\/178","targetHints":{"allow":["GET"]}}],"collection":[{"href":"https:\/\/wordpress.nibis.de\/gswaggum\/wp-json\/wp\/v2\/pages"}],"about":[{"href":"https:\/\/wordpress.nibis.de\/gswaggum\/wp-json\/wp\/v2\/types\/page"}],"author":[{"embeddable":true,"href":"https:\/\/wordpress.nibis.de\/gswaggum\/wp-json\/wp\/v2\/users\/9193479"}],"replies":[{"embeddable":true,"href":"https:\/\/wordpress.nibis.de\/gswaggum\/wp-json\/wp\/v2\/comments?post=178"}],"version-history":[{"count":1,"href":"https:\/\/wordpress.nibis.de\/gswaggum\/wp-json\/wp\/v2\/pages\/178\/revisions"}],"predecessor-version":[{"id":179,"href":"https:\/\/wordpress.nibis.de\/gswaggum\/wp-json\/wp\/v2\/pages\/178\/revisions\/179"}],"wp:attachment":[{"href":"https:\/\/wordpress.nibis.de\/gswaggum\/wp-json\/wp\/v2\/media?parent=178"}],"curies":[{"name":"wp","href":"https:\/\/api.w.org\/{rel}","templated":true}]}}