{"id":203,"date":"2020-10-07T13:38:34","date_gmt":"2020-10-07T11:38:34","guid":{"rendered":"https:\/\/wordpress.nibis.de\/gswaggum\/?page_id=203"},"modified":"2025-08-28T18:08:52","modified_gmt":"2025-08-28T16:08:52","slug":"gruppenueberblick","status":"publish","type":"page","link":"https:\/\/wordpress.nibis.de\/gswaggum\/gruppenueberblick\/","title":{"rendered":"Gruppen\u00fcberblick"},"content":{"rendered":"\n<p>Die t\u00e4glichen Gruppen der Propstei Braunschweig:<\/p>\n\n\n<table style=\"height: 349px;width: 100%\">\n<tbody>\n<tr style=\"height: 58px\">\n<td style=\"width: 140px;text-align: center;height: 58px\">\n<p>Gruppenname<\/p>\n<\/td>\n<td style=\"width: 350px;text-align: center;height: 58px\">Betreuungskraft<\/td>\n<td style=\"width: 152px;text-align: center;height: 58px\">Betreuungszeit<\/td>\n<\/tr>\n<tr style=\"height: 37px\">\n<td style=\"width: 140px;text-align: center;height: 37px\">blaue Gruppe<\/td>\n<td style=\"width: 350px;text-align: center;height: 37px\">Frau G\u00f6cke \/ Frau Khalifa<\/td>\n<td style=\"width: 152px;text-align: center;height: 37px\">Mo. &#8211; Fr. bis 15 Uhr<\/td>\n<\/tr>\n<tr style=\"height: 37px\">\n<td style=\"width: 140px;text-align: center;height: 37px\">gr\u00fcne Gruppe<\/td>\n<td style=\"width: 350px;text-align: center;height: 37px\">Frau Wisotzki \/ Frau Engling<\/td>\n<td style=\"width: 152px;text-align: center;height: 37px\">Mo. &#8211; Fr. bis 15 Uhr<\/td>\n<\/tr>\n<tr style=\"height: 32px\">\n<td style=\"width: 140px;text-align: center;height: 32px\">t\u00fcrkise Gruppe<\/td>\n<td style=\"width: 350px;text-align: center;height: 32px\">Frau S. Weidlich \/ Frau St\u00f6be-B\u00f6ttcher<\/td>\n<td style=\"width: 152px;text-align: center;height: 32px\">Mo. &#8211; Fr. bis 15 Uhr<\/td>\n<\/tr>\n<tr style=\"height: 37px\">\n<td style=\"width: 140px;text-align: center;height: 37px\">wei\u00dfe Gruppe<\/td>\n<td style=\"width: 350px;text-align: center;height: 37px\">Frau Sydow \/ Frau Kleiner<\/td>\n<td style=\"width: 152px;text-align: center;height: 37px\">Mo. &#8211; Fr. bis 15 Uhr<\/td>\n<\/tr>\n<tr style=\"height: 37px\">\n<td style=\"width: 140px;text-align: center;height: 37px\">rote Gruppe<\/td>\n<td style=\"width: 350px;text-align: center;height: 37px\">Frau M. Weidlich \/ Frau Posniak<\/td>\n<td style=\"width: 152px;text-align: center;height: 37px\">Mo. &#8211; Fr. bis 15 Uhr<\/td>\n<\/tr>\n<tr style=\"height: 37px\">\n<td style=\"width: 140px;text-align: center;height: 37px\">lila Gruppe<\/td>\n<td style=\"width: 350px;text-align: center;height: 37px\">Frau Bergner \/ Frau Hagemann<\/td>\n<td style=\"width: 152px;text-align: center;height: 37px\">Mo. &#8211; Fr. bis 16 Uhr<\/td>\n<\/tr>\n<tr style=\"height: 37px\">\n<td style=\"width: 140px;text-align: center;height: 37px\">orange Gruppe<\/td>\n<td style=\"width: 350px;text-align: center;height: 37px\">Frau Jagla \/ Frau Thommes<\/td>\n<td style=\"width: 152px;text-align: center;height: 37px\">Mo. &#8211; Fr. bis 16 Uhr<\/td>\n<\/tr>\n<tr style=\"height: 37px\">\n<td style=\"width: 140px;text-align: center;height: 37px\">gelbe Gruppe<\/td>\n<td style=\"width: 350px;text-align: center;height: 37px\">Frau Bein \/ Frau Atze<\/td>\n<td style=\"width: 152px;text-align: center;height: 37px\">Mo. &#8211; Fr. bis 16 Uhr<\/td>\n<\/tr>\n<\/tbody>\n<\/table>\n\n\n<p>Die 3-Tages-Gruppen:<\/p>\n<p>&nbsp;<\/p>\n\n\n<table style=\"width: 100%;height: 172px\">\n<tbody>\n<tr style=\"height: 61px\">\n<td style=\"width: 140px;text-align: center;height: 61px\">\n<p>Gruppenname<\/p>\n<\/td>\n<td style=\"width: 350px;text-align: center;height: 61px\">Betreuungskraft<\/td>\n<td style=\"width: 152px;text-align: center;height: 61px\">Betreuungszeit<\/td>\n<\/tr>\n<tr style=\"height: 37px\">\n<td style=\"width: 140px;text-align: center;height: 37px\">karierte Gruppe<\/td>\n<td style=\"width: 350px;text-align: center;height: 37px\">Frau Billen<\/td>\n<td style=\"width: 152px;text-align: center;height: 37px\">Di. &#8211; Do. bis 15 Uhr<\/td>\n<\/tr>\n<tr style=\"height: 37px\">\n<td style=\"width: 140px;text-align: center;height: 37px\">gepunktete Gruppe<\/td>\n<td style=\"width: 350px;text-align: center;height: 37px\">Frau L. Ludewig<\/td>\n<td style=\"width: 152px;text-align: center;height: 37px\">Di. &#8211; Do. bis 15 Uhr<\/td>\n<\/tr>\n<tr style=\"height: 37px\">\n<td style=\"width: 140px;text-align: center;height: 37px\">gestreifte Gruppe<\/td>\n<td style=\"width: 350px;text-align: center;height: 37px\">Frau Schultze<\/td>\n<td style=\"width: 152px;text-align: center;height: 37px\">Di. &#8211; Do. bis 15 Uhr<\/td>\n<\/tr>\n<\/tbody>\n<\/table>","protected":false},"excerpt":{"rendered":"<p>Die t\u00e4glichen Gruppen der Propstei Braunschweig: Gruppenname Betreuungskraft Betreuungszeit blaue Gruppe Frau G\u00f6cke \/ Frau Khalifa Mo. &#8211; Fr. bis 15 Uhr gr\u00fcne Gruppe Frau Wisotzki \/ Frau Engling Mo. &#8211; Fr. bis 15 Uhr t\u00fcrkise Gruppe Frau S. Weidlich \/ Frau St\u00f6be-B\u00f6ttcher Mo. &#8211; Fr. bis 15 Uhr wei\u00dfe Gruppe Frau Sydow \/ Frau [&hellip;]<\/p>\n","protected":false},"author":9193479,"featured_media":0,"parent":0,"menu_order":0,"comment_status":"closed","ping_status":"closed","template":"","meta":{"footnotes":""},"class_list":["post-203","page","type-page","status-publish","hentry"],"_links":{"self":[{"href":"https:\/\/wordpress.nibis.de\/gswaggum\/wp-json\/wp\/v2\/pages\/203","targetHints":{"allow":["GET"]}}],"collection":[{"href":"https:\/\/wordpress.nibis.de\/gswaggum\/wp-json\/wp\/v2\/pages"}],"about":[{"href":"https:\/\/wordpress.nibis.de\/gswaggum\/wp-json\/wp\/v2\/types\/page"}],"author":[{"embeddable":true,"href":"https:\/\/wordpress.nibis.de\/gswaggum\/wp-json\/wp\/v2\/users\/9193479"}],"replies":[{"embeddable":true,"href":"https:\/\/wordpress.nibis.de\/gswaggum\/wp-json\/wp\/v2\/comments?post=203"}],"version-history":[{"count":10,"href":"https:\/\/wordpress.nibis.de\/gswaggum\/wp-json\/wp\/v2\/pages\/203\/revisions"}],"predecessor-version":[{"id":780,"href":"https:\/\/wordpress.nibis.de\/gswaggum\/wp-json\/wp\/v2\/pages\/203\/revisions\/780"}],"wp:attachment":[{"href":"https:\/\/wordpress.nibis.de\/gswaggum\/wp-json\/wp\/v2\/media?parent=203"}],"curies":[{"name":"wp","href":"https:\/\/api.w.org\/{rel}","templated":true}]}}