{"id":322,"date":"2021-09-15T10:48:43","date_gmt":"2021-09-15T08:48:43","guid":{"rendered":"https:\/\/wordpress.nibis.de\/gswaggum\/?page_id=322"},"modified":"2026-02-18T16:52:18","modified_gmt":"2026-02-18T15:52:18","slug":"impressum","status":"publish","type":"page","link":"https:\/\/wordpress.nibis.de\/gswaggum\/impressum\/","title":{"rendered":"Impressum"},"content":{"rendered":"\n<p>Land Niedersachsen (Dienstanbieter im Sinne des Telemediengesetzes)<\/p>\n\n\n\n<p>Das Land Niedersachsen ist eine juristische Person des \u00f6ffentlichen Rechts vertreten durch<\/p>\n\n\n\n<p>Schulleitung: <br>Karsten Stubben, Schulleiter<\/p>\n\n\n\n<p>Grundschule Waggum<br>Claudiusstra\u00dfe 1<br>38110 Braunschweig<br>Tel: 05307-6544<br>Fax: 05307-980280<br>E-Mail: gs&#46;&#119;&#97;&#103;&#103;&#x75;&#x6d;&#x40;&#x62;&#x72;&#x61;&#x75;nsc&#104;&#119;&#101;&#105;&#103;&#x2e;&#x64;&#x65;<br>Schulische Datenschutzbeauftragte: &#x64;&#97;t&#x65;&#110;s&#x63;&#x68;&#117;&#x74;&#x7a;&#64;g&#x73;&#45;w&#x61;&#x67;&#103;&#x75;&#x6d;&#46;d&#x65;<\/p>\n\n\n\n<p>Verwantwortlicher f\u00fcr redaktionell-journalistische Angebot i. S. d. \u00a7 55 Abs. 2 Rundfunkstaatsvertrag:<\/p>\n\n\n\n<p>Grundschule Waggum<br>Claudiusstra\u00dfe 1<br>38110 Braunschweig<br>Tel: 05307-6544<\/p>\n\n\n\n<p>Disclaimer<\/p>\n\n\n\n<p>Diese Website beinhaltet externe Links. Deren Inhalte entziehen sich unserer Einflussnahme, sodass eine Gew\u00e4hr f\u00fcr solche Inhalte von uns nicht \u00fcbernommen werden kann.<\/p>\n\n\n\n<p>Die Verantwortung liegt stets beim jeweiligen Betreiber der externen Seiten. Zum Zeitpunkt der Verkn\u00fcpfung der externen Links waren keine Rechtsverst\u00f6\u00dfe ersichtlich. Die permanente \u00dcberwachung fremder Inhalte auf Rechtsverst\u00f6\u00dfe ohne konkrete Hinweise ist uns nicht zumutbar.<\/p>\n\n\n\n<p>Sollten wir Kenntnis von Rechtsverletzungen erlangen, werden wir die entsprechenden Links unverz\u00fcglich entfernen.<\/p>\n\n\n\n<p><\/p>\n","protected":false},"excerpt":{"rendered":"<p>Land Niedersachsen (Dienstanbieter im Sinne des Telemediengesetzes) Das Land Niedersachsen ist eine juristische Person des \u00f6ffentlichen Rechts vertreten durch Schulleitung: Karsten Stubben, Schulleiter Grundschule WaggumClaudiusstra\u00dfe 138110 BraunschweigTel: 05307-6544Fax: 05307-980280E-Mail: gs&#46;&#119;&#x61;&#x67;&#x67;&#x75;m&#64;&#98;&#114;&#x61;&#x75;&#x6e;&#x73;ch&#119;&#101;&#105;&#x67;&#x2e;&#x64;&#x65;Schulische Datenschutzbeauftragte: &#x64;&#97;&#x74;&#x65;n&#x73;&#99;h&#x75;&#116;z&#x40;&#103;&#x73;&#x2d;w&#x61;&#103;g&#x75;&#109;&#46;&#x64;&#101; Verwantwortlicher f\u00fcr redaktionell-journalistische Angebot i. S. d. \u00a7 55 Abs. 2 Rundfunkstaatsvertrag: Grundschule WaggumClaudiusstra\u00dfe 138110 BraunschweigTel: 05307-6544 Disclaimer Diese Website beinhaltet externe Links. [&hellip;]<\/p>\n","protected":false},"author":9193865,"featured_media":0,"parent":0,"menu_order":0,"comment_status":"closed","ping_status":"closed","template":"","meta":{"footnotes":""},"class_list":["post-322","page","type-page","status-publish","hentry"],"_links":{"self":[{"href":"https:\/\/wordpress.nibis.de\/gswaggum\/wp-json\/wp\/v2\/pages\/322","targetHints":{"allow":["GET"]}}],"collection":[{"href":"https:\/\/wordpress.nibis.de\/gswaggum\/wp-json\/wp\/v2\/pages"}],"about":[{"href":"https:\/\/wordpress.nibis.de\/gswaggum\/wp-json\/wp\/v2\/types\/page"}],"author":[{"embeddable":true,"href":"https:\/\/wordpress.nibis.de\/gswaggum\/wp-json\/wp\/v2\/users\/9193865"}],"replies":[{"embeddable":true,"href":"https:\/\/wordpress.nibis.de\/gswaggum\/wp-json\/wp\/v2\/comments?post=322"}],"version-history":[{"count":4,"href":"https:\/\/wordpress.nibis.de\/gswaggum\/wp-json\/wp\/v2\/pages\/322\/revisions"}],"predecessor-version":[{"id":855,"href":"https:\/\/wordpress.nibis.de\/gswaggum\/wp-json\/wp\/v2\/pages\/322\/revisions\/855"}],"wp:attachment":[{"href":"https:\/\/wordpress.nibis.de\/gswaggum\/wp-json\/wp\/v2\/media?parent=322"}],"curies":[{"name":"wp","href":"https:\/\/api.w.org\/{rel}","templated":true}]}}