{"id":343,"date":"2021-11-02T11:50:01","date_gmt":"2021-11-02T10:50:01","guid":{"rendered":"https:\/\/wordpress.nibis.de\/gswaggum\/?page_id=343"},"modified":"2021-11-02T11:57:14","modified_gmt":"2021-11-02T10:57:14","slug":"masernschutzgesetz","status":"publish","type":"page","link":"https:\/\/wordpress.nibis.de\/gswaggum\/masernschutzgesetz\/","title":{"rendered":"Masernschutzgesetz"},"content":{"rendered":"\n<p><strong>Gesetz f\u00fcr den Schutz vor Masern und zur St\u00e4rkung der Impfpr\u00e4vention (Masernschutzgesetz)<\/strong><\/p>\n\n\n\n<p>Liebe Eltern und Erziehungsberechtigte,<\/p>\n\n\n\n<p>am 1.03.2020 ist das Gesetz f\u00fcr den Schutz vor Masern und zur St\u00e4rkung der Impfr\u00e4vention (Masernschutzgesetz) vom 10.02.2020 (BGBl. I S.148) in Kraft getreten.<\/p>\n\n\n\n<p>\u00a720 IfSG sieht zuk\u00fcnftig den Nachweis eines Impfschutzes gegen Masern vor. Die Information, ob ihr Kind geimpft ist, m\u00fcssen wir in der Sch\u00fclerakte dokumentieren. Um ihnen ggf. noch Zeit f\u00fcr den Nachweis (siehe beigef\u00fchrten Vordruck) bzw. einer Impfung geben zu k\u00f6nnen, informieren wir Sie bereits heute und fangen erst nach den Herbstferien an, klassen- bzw. jahrgangsweise die Impf\u00e4sse einzusammeln und zu \u00fcberpr\u00fcfen. Folgende Termine haben wir vorgesehen:<\/p>\n\n\n\n<figure class=\"wp-block-table\"><table><tbody><tr><td>Klasse\/Jahrgang<\/td><td>Nachweis durch Abgabe des Impfpasses bzw. der \u00c4rztlichen Bescheinigung (R\u00fcckgabe des Impfpasses erfolgt am gleichen Tag)<\/td><\/tr><tr><td>4<\/td><td>Montag, 8. November 2021<\/td><\/tr><tr><td>3<\/td><td>Montag, 15. November 2021<\/td><\/tr><tr><td>2<\/td><td>Montag, 22. November 2021<\/td><\/tr><tr><td>1<\/td><td>Montag, 29. November 2021<\/td><\/tr><\/tbody><\/table><\/figure>\n\n\n\n<p>Soweit der erforderliche Impfschutz Ihres Kindes <span style=\"text-decoration: underline\" class=\"underline\">nicht<\/span> nachgewiesen wird, m\u00fcssen wir bis zu den Weihnachtsferien eine Meldung an das zust\u00e4ndige Gesundheitsamt machen.<\/p>\n\n\n\n<p>Vielen Dank f\u00fcr Ihre Mithilfe!<\/p>\n","protected":false},"excerpt":{"rendered":"<p>Gesetz f\u00fcr den Schutz vor Masern und zur St\u00e4rkung der Impfpr\u00e4vention (Masernschutzgesetz) Liebe Eltern und Erziehungsberechtigte, am 1.03.2020 ist das Gesetz f\u00fcr den Schutz vor Masern und zur St\u00e4rkung der Impfr\u00e4vention (Masernschutzgesetz) vom 10.02.2020 (BGBl. I S.148) in Kraft getreten. \u00a720 IfSG sieht zuk\u00fcnftig den Nachweis eines Impfschutzes gegen Masern vor. Die Information, ob ihr [&hellip;]<\/p>\n","protected":false},"author":9193865,"featured_media":0,"parent":0,"menu_order":0,"comment_status":"closed","ping_status":"closed","template":"","meta":{"footnotes":""},"class_list":["post-343","page","type-page","status-publish","hentry"],"_links":{"self":[{"href":"https:\/\/wordpress.nibis.de\/gswaggum\/wp-json\/wp\/v2\/pages\/343","targetHints":{"allow":["GET"]}}],"collection":[{"href":"https:\/\/wordpress.nibis.de\/gswaggum\/wp-json\/wp\/v2\/pages"}],"about":[{"href":"https:\/\/wordpress.nibis.de\/gswaggum\/wp-json\/wp\/v2\/types\/page"}],"author":[{"embeddable":true,"href":"https:\/\/wordpress.nibis.de\/gswaggum\/wp-json\/wp\/v2\/users\/9193865"}],"replies":[{"embeddable":true,"href":"https:\/\/wordpress.nibis.de\/gswaggum\/wp-json\/wp\/v2\/comments?post=343"}],"version-history":[{"count":2,"href":"https:\/\/wordpress.nibis.de\/gswaggum\/wp-json\/wp\/v2\/pages\/343\/revisions"}],"predecessor-version":[{"id":348,"href":"https:\/\/wordpress.nibis.de\/gswaggum\/wp-json\/wp\/v2\/pages\/343\/revisions\/348"}],"wp:attachment":[{"href":"https:\/\/wordpress.nibis.de\/gswaggum\/wp-json\/wp\/v2\/media?parent=343"}],"curies":[{"name":"wp","href":"https:\/\/api.w.org\/{rel}","templated":true}]}}