{"id":47,"date":"2020-04-27T11:25:42","date_gmt":"2020-04-27T09:25:42","guid":{"rendered":"https:\/\/wordpress.nibis.de\/gswaggum\/?page_id=47"},"modified":"2023-09-07T09:53:03","modified_gmt":"2023-09-07T07:53:03","slug":"ganztagschule","status":"publish","type":"page","link":"https:\/\/wordpress.nibis.de\/gswaggum\/ganztagschule\/","title":{"rendered":"Ganztagsschule"},"content":{"rendered":"<p>Seit dem Jahr 2020 ist die Grundschule Waggum Ganztagsschule. Am Ganztagsbetrieb nehmen mittlerweile \u00fcber 200 Kinder teil. Von Montag bis Freitag werden die teilnehmenden Kinder in vier 15-Uhr-Gruppen und vier 16-Uhr-Gruppen von Mitarbeitern der Propstei Braunschweig, unserem Kooperationspartner, betreut. F\u00fcr Kinder, die nicht an allen f\u00fcnf Tagen am Ganztag teilnehmen m\u00f6chten, gibt es die M\u00f6glichkeit an bis zu drei Tagen betreut zu werden. Die insgesamt drei 3-Tages-Gruppen decken die Wochentage von Montag &#8211; Donnerstag ab.<\/p>\n<p>In der Zeit zwischen 12.45 Uhr und 15.00Uhr nehmen alle Kinder in Schichten an einem warmen Mittagessen in der neugebauten Mensa teil.\u00a0 Die Kinder haben Zeit zur Erholung und zum freien Spiel. In der von Lehrkr\u00e4ften und ErzieherInnen betreuten Lernzeit haben die Kinder 45 Minuten Zeit, um ihre Hausaufgaben zu erledigen.<\/p>\n<p>Die erforderlichen Unterlagen f\u00fcr die Anmeldung am Ganztag finden Sie <a href=\"https:\/\/wordpress.nibis.de\/gswaggum\/anmeldung-ganztag\/\">hier<\/a><\/p>\n","protected":false},"excerpt":{"rendered":"<p>Seit dem Jahr 2020 ist die Grundschule Waggum Ganztagsschule. Am Ganztagsbetrieb nehmen mittlerweile \u00fcber 200 Kinder teil. Von Montag bis Freitag werden die teilnehmenden Kinder in vier 15-Uhr-Gruppen und vier 16-Uhr-Gruppen von Mitarbeitern der Propstei Braunschweig, unserem Kooperationspartner, betreut. F\u00fcr Kinder, die nicht an allen f\u00fcnf Tagen am Ganztag teilnehmen m\u00f6chten, gibt es die M\u00f6glichkeit [&hellip;]<\/p>\n","protected":false},"author":9193479,"featured_media":0,"parent":0,"menu_order":0,"comment_status":"closed","ping_status":"closed","template":"","meta":{"footnotes":""},"class_list":["post-47","page","type-page","status-publish","hentry"],"_links":{"self":[{"href":"https:\/\/wordpress.nibis.de\/gswaggum\/wp-json\/wp\/v2\/pages\/47","targetHints":{"allow":["GET"]}}],"collection":[{"href":"https:\/\/wordpress.nibis.de\/gswaggum\/wp-json\/wp\/v2\/pages"}],"about":[{"href":"https:\/\/wordpress.nibis.de\/gswaggum\/wp-json\/wp\/v2\/types\/page"}],"author":[{"embeddable":true,"href":"https:\/\/wordpress.nibis.de\/gswaggum\/wp-json\/wp\/v2\/users\/9193479"}],"replies":[{"embeddable":true,"href":"https:\/\/wordpress.nibis.de\/gswaggum\/wp-json\/wp\/v2\/comments?post=47"}],"version-history":[{"count":7,"href":"https:\/\/wordpress.nibis.de\/gswaggum\/wp-json\/wp\/v2\/pages\/47\/revisions"}],"predecessor-version":[{"id":512,"href":"https:\/\/wordpress.nibis.de\/gswaggum\/wp-json\/wp\/v2\/pages\/47\/revisions\/512"}],"wp:attachment":[{"href":"https:\/\/wordpress.nibis.de\/gswaggum\/wp-json\/wp\/v2\/media?parent=47"}],"curies":[{"name":"wp","href":"https:\/\/api.w.org\/{rel}","templated":true}]}}