{"id":66,"date":"2020-06-09T16:42:55","date_gmt":"2020-06-09T14:42:55","guid":{"rendered":"https:\/\/wordpress.nibis.de\/gswaggum\/?page_id=66"},"modified":"2020-09-27T17:43:44","modified_gmt":"2020-09-27T15:43:44","slug":"ablauf-des-vormittags","status":"publish","type":"page","link":"https:\/\/wordpress.nibis.de\/gswaggum\/ablauf-des-vormittags\/","title":{"rendered":"Ablauf des Vormittags"},"content":{"rendered":"\n<figure class=\"wp-block-table is-style-regular\"><table><tbody><tr><td><strong>Uhrzeit<\/strong><\/td><td><strong>1. und 2. Klassen<\/strong><\/td><td><strong>3. und 4. Klassen<\/strong><\/td><\/tr><tr><td>7:25 &#8211; 8:10 Uhr<\/td><td>&#8212;<\/td><td>Fr\u00fchstunde (1x w\u00f6chentlich)<br>F\u00f6rder- und Forderunterricht<\/td><\/tr><tr><td>7:45 &#8211; 8:00 Uhr<\/td><td>Fr\u00fchaufsicht<\/td><td>Fr\u00fchaufsicht<\/td><\/tr><tr><td>8:00 &#8211; 8:10 Uhr<\/td><td>Ankommzeit<\/td><td> Ankommzeit <\/td><\/tr><tr><td>8:10 &#8211; 8:55 Uhr<\/td><td>1. Stunde<\/td><td>1. Stunde<\/td><\/tr><tr><td>8:55 &#8211; 9:15 Uhr<\/td><td>Hofpause<\/td><td> Hofpause <\/td><\/tr><tr><td>9:15 &#8211; 10:00 Uhr<\/td><td>2. Stunde<\/td><td> 2. Stunde <\/td><\/tr><tr><td>10:05 &#8211; 10:50 Uhr<\/td><td>3. Stunde<\/td><td> 3. Stunde <\/td><\/tr><tr><td>10:50 &#8211; 11:10 Uhr<\/td><td>Hofpause<\/td><td> Hofpause <\/td><\/tr><tr><td>11:10 &#8211; 11:55 Uhr<\/td><td>4. Stunde<\/td><td> 4. Stunde <\/td><\/tr><tr><td>12:00 &#8211; 12:45 Uhr<\/td><td>5. Stunde \/ Betreuung<\/td><td> 5. Stunde \/ Betreuung <\/td><\/tr><\/tbody><\/table><\/figure>\n\n\n\n<p>Die Fr\u00fchstunde dient als 26. Wochenstunde f\u00fcr die 3. und 4. Klassen. Zus\u00e4tzlich wird in der Fr\u00fchstunde F\u00f6rder- und Forderunterricht angeboten.<\/p>\n","protected":false},"excerpt":{"rendered":"<p>Uhrzeit 1. und 2. Klassen 3. und 4. Klassen 7:25 &#8211; 8:10 Uhr &#8212; Fr\u00fchstunde (1x w\u00f6chentlich)F\u00f6rder- und Forderunterricht 7:45 &#8211; 8:00 Uhr Fr\u00fchaufsicht Fr\u00fchaufsicht 8:00 &#8211; 8:10 Uhr Ankommzeit Ankommzeit 8:10 &#8211; 8:55 Uhr 1. Stunde 1. Stunde 8:55 &#8211; 9:15 Uhr Hofpause Hofpause 9:15 &#8211; 10:00 Uhr 2. Stunde 2. Stunde 10:05 &#8211; [&hellip;]<\/p>\n","protected":false},"author":9193479,"featured_media":0,"parent":0,"menu_order":0,"comment_status":"closed","ping_status":"closed","template":"","meta":{"footnotes":""},"class_list":["post-66","page","type-page","status-publish","hentry"],"_links":{"self":[{"href":"https:\/\/wordpress.nibis.de\/gswaggum\/wp-json\/wp\/v2\/pages\/66","targetHints":{"allow":["GET"]}}],"collection":[{"href":"https:\/\/wordpress.nibis.de\/gswaggum\/wp-json\/wp\/v2\/pages"}],"about":[{"href":"https:\/\/wordpress.nibis.de\/gswaggum\/wp-json\/wp\/v2\/types\/page"}],"author":[{"embeddable":true,"href":"https:\/\/wordpress.nibis.de\/gswaggum\/wp-json\/wp\/v2\/users\/9193479"}],"replies":[{"embeddable":true,"href":"https:\/\/wordpress.nibis.de\/gswaggum\/wp-json\/wp\/v2\/comments?post=66"}],"version-history":[{"count":3,"href":"https:\/\/wordpress.nibis.de\/gswaggum\/wp-json\/wp\/v2\/pages\/66\/revisions"}],"predecessor-version":[{"id":112,"href":"https:\/\/wordpress.nibis.de\/gswaggum\/wp-json\/wp\/v2\/pages\/66\/revisions\/112"}],"wp:attachment":[{"href":"https:\/\/wordpress.nibis.de\/gswaggum\/wp-json\/wp\/v2\/media?parent=66"}],"curies":[{"name":"wp","href":"https:\/\/api.w.org\/{rel}","templated":true}]}}