{"id":23,"date":"2019-01-21T09:57:49","date_gmt":"2019-01-21T08:57:49","guid":{"rendered":"https:\/\/wordpress.nibis.de\/gswalchum\/?page_id=23"},"modified":"2026-01-09T16:39:13","modified_gmt":"2026-01-09T15:39:13","slug":"schulleben","status":"publish","type":"page","link":"https:\/\/wordpress.nibis.de\/gswalchum\/schulleben\/","title":{"rendered":"Schulleben"},"content":{"rendered":"<div class=\"ce_text first block\">\n<p class=\"western\">Das Schulleben wird sowohl von festen Ritualen, Projekten und Festen innerhalb unserer Schule (1) als auch von der Zusammenarbeit mit und Nutzung von au\u00dferschulischen Institutionen und Lernorten (2) gepr\u00e4gt, mitgestaltet und weiterentwickelt.<\/p>\n<\/div>\n<h3 class=\"ce_headline\">1.<\/h3>\n<div class=\"ce_list block\">\n<ul>\n<li style=\"list-style-type: none\">\n<ul>\n<li class=\"first\">Schnuppervormittage der Vorschulkinder mit Kennenlernen der Schulpaten<\/li>\n<li>Einschulungsfeier f\u00fcr die Schulanf\u00e4nger und deren Eltern mit Wortgottesdienst und Begr\u00fc\u00dfung durch Schulpaten und Lehrer\/innen<\/li>\n<li>Nikolausfest mit Auff\u00fchrungen und Darbietungen aller Schuljahre f\u00fcr den Nikolaus und Knecht Ruprecht; Projekttag<\/li>\n<li>Adventsbesinnung f\u00fcr alle Sch\u00fcler und Sch\u00fclerinnen am Montag in jeder Adventswoche<\/li>\n<li>Karnevalsfeier mit Umzug durch Walchum; Darbietungen bei der Tagespflege St. Georg<\/li>\n<li>Fahrradkontrollen durch die \u00f6rtliche Polizeistation an unserer Schule<\/li>\n<li>Durchf\u00fchrung eines Schulfestes unter wechselndem Motto<\/li>\n<li>J\u00e4hrliches Projekt zur Lesef\u00f6rderung<\/li>\n<\/ul>\n<\/li>\n<\/ul>\n<\/div>\n<h3 class=\"ce_headline\">2.<\/h3>\n<div class=\"ce_list block\">\n<ul>\n<li style=\"list-style-type: none\">\n<ul>\n<li class=\"first\">Enger Kontakt und Zusammenarbeit mit Nachbarschulen und weiterf\u00fchrenden Schulen in D\u00f6rpen<\/li>\n<li>Zusammenarbeit und Kooperation mit dem Kindergarten<\/li>\n<li>Besuch einer Auff\u00fchrung der Freilichtb\u00fchne in Ahmsen oder Meppen<\/li>\n<li>Teilnahme des 3. und 4. Schuljahres am j\u00e4hrlichen Sportfest<\/li>\n<li>Monatlicher Besuch (3. Freitag im Monat) eines Schulgottesdienstes, der von Eltern unserer Schule vorbereitet und gestaltet wird<\/li>\n<li>Zusammenarbeit mit den Kirchen \u201eHeilige Familie\u201d in Hasselbrock und \u201eSt. Georg\u201d in Steinbild<\/li>\n<li>Freiwillige Beteiligung unserer Sch\u00fcler und Sch\u00fclerinnen an der \u201eAktion sauberes Dorf\u201d<\/li>\n<li>Beteiligung an den Sch\u00fctzenfestumz\u00fcgen in Hasselbrock und in Walchum (+ Kinderthron)<\/li>\n<li>Besuch der B\u00fcchereien in Steinbild und\/oder Hasselbrock<\/li>\n<li>J\u00e4hrliche Klassenausfl\u00fcge<\/li>\n<li>Teilnahme am \u201ePlattdeutschen Lesewettbewerb\u201c<\/li>\n<li>Durchf\u00fchrung von Waldjugendspielen<\/li>\n<li>Mitwirkung der Klassen 3 und 4 am Weihnachtsmarkt in Walchum durch die Auff\u00fchrung eines Krippenspiels.<\/li>\n<\/ul>\n<\/li>\n<\/ul>\n<\/div>\n<h1 class=\"ce_headline\">Elternbeteiligung<\/h1>\n<div class=\"ce_text last block\">\n<p>Die Zusammenarbeit der Elternschaft mit der Schule und die Mitwirkung bei Themen der Schulentwicklung ist wichtig und in verschiedenen Mitwirkungsorganen verankert:<\/p>\n<p>Klassenelternversammlungen\/Elternabende: Information aller Eltern \u00fcber Unterrichtsinhalte und Themen der jeweiligen Klasse\/Klassenstufe, Wahl der Elternvertreter.<\/p>\n<p>Elternvertretung: Im ersten und dritten Schuljahr werden die Elternvertreter (3 Pers.) f\u00fcr die Dauer von zwei Jahren gew\u00e4hlt.<br \/>\nSie sind Ansprechpartner f\u00fcr die Eltern und die Lehrkraft.<\/p>\n<p>Schulelternrat\/Gesamtkonferenz: Beschlussorgane der Schule, die aus den Elternvertretern und dem Kollegium bestehen.<\/p>\n<p>Elternsprechtage: Sie finden einmal pro Halbjahr statt. Die Lernentwicklung der einzelnen Sch\u00fcler\/Sch\u00fclerinnen wird mit den Eltern besprochen. Zus\u00e4tzlich k\u00f6nnen nach Bedarf au\u03b2erhalb der Unterrichtszeiten Termine vereinbart werden.<\/p>\n<p>Zeugniskonferenz: Information der Elternvertretung durch die unterrichtenden Lehrkr\u00e4fte und gemeinsame Beratung \u00fcber den Lernstand der jeweiligen Klasse.<\/p>\n<p><strong>Elternvertreterinnen:<\/strong><\/p>\n<p>Klasse 1: Frau S. J\u00fcrgens, Frau Albers, Frau Horstmann<\/p>\n<\/div>\n<p>Klasse 2: Frau Glandorf, Frau Wacker, Frau Falkenberg<\/p>\n<div class=\"ce_text last block\">\n<p>Klasse 3: Frau Von Ohr, Frau Schulte, Frau Terhorst<\/p>\n<p>Klasse 4: Frau Sandmann, Frau T. J\u00fcrgens, Frau M. Brandewiede<\/p>\n<p><strong>Schulelternratsvorsitzende: Frau Von Ohr<br \/>\n<\/strong><\/p>\n<p><strong>Stellvertreterin: Frau Albers<br \/>\n<\/strong><\/p>\n<\/div>\n","protected":false},"excerpt":{"rendered":"<p>Das Schulleben wird sowohl von festen Ritualen, Projekten und Festen innerhalb unserer Schule (1) als auch von der Zusammenarbeit mit und Nutzung von au\u00dferschulischen Institutionen und Lernorten (2) gepr\u00e4gt, mitgestaltet und weiterentwickelt. 1. Schnuppervormittage der Vorschulkinder mit Kennenlernen der Schulpaten Einschulungsfeier f\u00fcr die Schulanf\u00e4nger und deren Eltern mit Wortgottesdienst und Begr\u00fc\u00dfung durch Schulpaten und Lehrer\/innen &hellip; <a href=\"https:\/\/wordpress.nibis.de\/gswalchum\/schulleben\/\" class=\"more-link\">Weiterlesen <span class=\"screen-reader-text\">Schulleben<\/span><\/a><\/p>\n","protected":false},"author":9192933,"featured_media":0,"parent":0,"menu_order":0,"comment_status":"closed","ping_status":"closed","template":"","meta":{"footnotes":""},"class_list":["post-23","page","type-page","status-publish","hentry","without-featured-image"],"_links":{"self":[{"href":"https:\/\/wordpress.nibis.de\/gswalchum\/wp-json\/wp\/v2\/pages\/23","targetHints":{"allow":["GET"]}}],"collection":[{"href":"https:\/\/wordpress.nibis.de\/gswalchum\/wp-json\/wp\/v2\/pages"}],"about":[{"href":"https:\/\/wordpress.nibis.de\/gswalchum\/wp-json\/wp\/v2\/types\/page"}],"author":[{"embeddable":true,"href":"https:\/\/wordpress.nibis.de\/gswalchum\/wp-json\/wp\/v2\/users\/9192933"}],"replies":[{"embeddable":true,"href":"https:\/\/wordpress.nibis.de\/gswalchum\/wp-json\/wp\/v2\/comments?post=23"}],"version-history":[{"count":18,"href":"https:\/\/wordpress.nibis.de\/gswalchum\/wp-json\/wp\/v2\/pages\/23\/revisions"}],"predecessor-version":[{"id":2391,"href":"https:\/\/wordpress.nibis.de\/gswalchum\/wp-json\/wp\/v2\/pages\/23\/revisions\/2391"}],"wp:attachment":[{"href":"https:\/\/wordpress.nibis.de\/gswalchum\/wp-json\/wp\/v2\/media?parent=23"}],"curies":[{"name":"wp","href":"https:\/\/api.w.org\/{rel}","templated":true}]}}