{"id":48,"date":"2019-01-21T10:09:23","date_gmt":"2019-01-21T09:09:23","guid":{"rendered":"https:\/\/wordpress.nibis.de\/gswalchum\/?page_id=48"},"modified":"2025-08-26T16:46:28","modified_gmt":"2025-08-26T14:46:28","slug":"unsere-schule","status":"publish","type":"page","link":"https:\/\/wordpress.nibis.de\/gswalchum\/unsere-schule\/","title":{"rendered":"Unsere Schule"},"content":{"rendered":"<div class=\"content-wrapper\">\n<section class=\"main-content\" role=\"main\">\n<div id=\"unsereschule\" class=\"mod_article first last block\">\n<div class=\"ce_text block\">\n<p class=\"western\" style=\"text-align: center\">Die Grundschule Walchum ist eine einz\u00fcgige, verl\u00e4ssliche Grundschule mit Ganztagsschulbetrieb an drei Tagen in der Woche. Sie ist eine Schule der Samtgemeinde D\u00f6rpen (Schultr\u00e4ger) und wird gesetzlich vertreten durch die Schulleiterin Frau Gaby Weseler.<\/p>\n<p class=\"western\" style=\"text-align: center\">Zust\u00e4ndige Aufsichtsbeh\u00f6rde: Landesschulbeh\u00f6rde Weser-Ems (Osnabr\u00fcck)<\/p>\n<p class=\"western\" style=\"text-align: center\">In der heutigen Form besteht unsere Schule seit 1995.<\/p>\n<p class=\"western\" style=\"text-align: center\">Die Sch\u00fcler und Sch\u00fclerinnen kommen aus den Ortsteilen Hasselbrock und Walchum. In einer vertrauensvollen Atmosph\u00e4re soll die Freude am Lernen und die Leistungsbereitschaft jedes einzelnen Sch\u00fclers geweckt und entwickelt werden.<\/p>\n<p class=\"western\" style=\"text-align: center\">Zu den p\u00e4dagogischen Zielen unserer Schule geh\u00f6rt die Vermittlung und Einhaltung von Umgangsformen und Regeln, die in unserer Schulordnung zusammengefasst sind. Zum Schulbeginn erh\u00e4lt jedes Kind und seine Eltern diese zur Information und zur Unterschrift<\/p>\n<\/div>\n<p style=\"text-align: center\">\n<\/p><\/div>\n<\/section>\n<\/div>\n\n\n<h1 class=\"has-text-align-center wp-block-heading\"><strong>Schulleiterin: Gaby Weseler<\/strong><\/h1>\n\n\n\n\n\n<div class=\"wp-block-image\"><figure class=\"aligncenter size-full\"><img loading=\"lazy\" decoding=\"async\" width=\"748\" height=\"795\" src=\"https:\/\/wordpress.nibis.de\/gswalchum\/files\/2024\/11\/SL.jpg\" alt=\"\" class=\"wp-image-1724\" srcset=\"https:\/\/wordpress.nibis.de\/gswalchum\/files\/2024\/11\/SL.jpg 748w, https:\/\/wordpress.nibis.de\/gswalchum\/files\/2024\/11\/SL-282x300.jpg 282w\" sizes=\"auto, (max-width: 748px) 100vw, 748px\" \/><figcaption>Nachdem ich 10 Jahre als Lehrerin an der Grundschule Walchum t\u00e4tig war, habe ich am 1.8.24 die Leitung dieser Schule \u00fcbernommen.<\/figcaption><\/figure><\/div>\n\n\n\n<p><strong>Meine B\u00fcrozeiten:<\/strong><\/p>\n\n\n\n<p>Montag: 9.00 &#8211; 13.00 Uhr<\/p>\n\n\n\n<p>Dienstag: 12.00 &#8211; 13.00 Uhr<\/p>\n\n\n\n<p>Mittwoch: 9.00 &#8211; 13.00 Uhr<\/p>\n\n\n\n<p>Donnerstag 11.00 &#8211; 13.00 Uhr<\/p>\n\n\n\n<p>Freitag: 10.00 &#8211; 13.00 Uhr<\/p>\n\n\n\n<p>und nach Vereinbarung: 04963\/909810<\/p>\n","protected":false},"excerpt":{"rendered":"<p>Die Grundschule Walchum ist eine einz\u00fcgige, verl\u00e4ssliche Grundschule mit Ganztagsschulbetrieb an drei Tagen in der Woche. Sie ist eine Schule der Samtgemeinde D\u00f6rpen (Schultr\u00e4ger) und wird gesetzlich vertreten durch die Schulleiterin Frau Gaby Weseler. Zust\u00e4ndige Aufsichtsbeh\u00f6rde: Landesschulbeh\u00f6rde Weser-Ems (Osnabr\u00fcck) In der heutigen Form besteht unsere Schule seit 1995. Die Sch\u00fcler und Sch\u00fclerinnen kommen aus den &hellip; <a href=\"https:\/\/wordpress.nibis.de\/gswalchum\/unsere-schule\/\" class=\"more-link\">Weiterlesen <span class=\"screen-reader-text\">Unsere Schule<\/span><\/a><\/p>\n","protected":false},"author":9192933,"featured_media":0,"parent":0,"menu_order":0,"comment_status":"closed","ping_status":"closed","template":"","meta":{"footnotes":""},"class_list":["post-48","page","type-page","status-publish","hentry","without-featured-image"],"_links":{"self":[{"href":"https:\/\/wordpress.nibis.de\/gswalchum\/wp-json\/wp\/v2\/pages\/48","targetHints":{"allow":["GET"]}}],"collection":[{"href":"https:\/\/wordpress.nibis.de\/gswalchum\/wp-json\/wp\/v2\/pages"}],"about":[{"href":"https:\/\/wordpress.nibis.de\/gswalchum\/wp-json\/wp\/v2\/types\/page"}],"author":[{"embeddable":true,"href":"https:\/\/wordpress.nibis.de\/gswalchum\/wp-json\/wp\/v2\/users\/9192933"}],"replies":[{"embeddable":true,"href":"https:\/\/wordpress.nibis.de\/gswalchum\/wp-json\/wp\/v2\/comments?post=48"}],"version-history":[{"count":13,"href":"https:\/\/wordpress.nibis.de\/gswalchum\/wp-json\/wp\/v2\/pages\/48\/revisions"}],"predecessor-version":[{"id":2150,"href":"https:\/\/wordpress.nibis.de\/gswalchum\/wp-json\/wp\/v2\/pages\/48\/revisions\/2150"}],"wp:attachment":[{"href":"https:\/\/wordpress.nibis.de\/gswalchum\/wp-json\/wp\/v2\/media?parent=48"}],"curies":[{"name":"wp","href":"https:\/\/api.w.org\/{rel}","templated":true}]}}