{"id":540,"date":"2019-08-22T14:16:47","date_gmt":"2019-08-22T12:16:47","guid":{"rendered":"https:\/\/wordpress.nibis.de\/gswalchum\/?page_id=540"},"modified":"2026-02-18T09:17:04","modified_gmt":"2026-02-18T08:17:04","slug":"impressum","status":"publish","type":"page","link":"https:\/\/wordpress.nibis.de\/gswalchum\/impressum\/","title":{"rendered":"Impressum"},"content":{"rendered":"\n<p>Land Niedersachsen (Diensteanbieter im Sinne des Telemediengesetzes, \u00a75)<br>Das Land Niedersachsen ist eine juristische Person des \u00f6ffentlichen Rechts,&nbsp;vertreten durch die:<\/p>\n\n\n\n<p>Grundschule Walchum<br>Hasselbrocker Str. 16<br>26907 Walchum<\/p>\n\n\n\n<p><em>Vertreten durch:<\/em><br>Gaby Weseler, Schulleiterin<\/p>\n\n\n\n<p>Telefon: 0 49 63 \/ 909810<br>Telefax: 0 49 63 \/ 909811<br>E-Mail: &#x73;&#x63;&#104;u&#x6c;&#x6c;&#x65;&#105;t&#x75;&#x6e;&#x67;&#64;g&#x73;&#x2d;&#x77;&#97;l&#x63;&#x68;&#x75;&#109;&#46;&#x64;&#x65;<\/p>\n\n\n\n<p><strong>Verantwortlich f\u00fcr den Inhalt nach \u00a7 55 Abs. 2 RStV:<\/strong><\/p>\n\n\n\n<p>Gaby Weseler<br>Grundschule Walchum<br>Hasselbrocker Str. 16<br>26907 Walchum<\/p>\n\n\n\n<p>Webmaster: Gaby Weseler<\/p>\n\n\n\n<p><strong>Bildnachweise \/ Bildrechte \/ Quellenangaben \u00fcber die verwendeten Bilder (sofern nicht anders gekennzeichnet):<\/strong><\/p>\n\n\n\n<p>Kollegium der Grundschule Walchum<\/p>\n\n\n\n<p><em>Sollten Sie als Erziehungsberechtigte ein Foto auf unseren Seiten\n finden, auf dem Ihr Kind abgebildet ist, Sie dies aber nicht l\u00e4nger \nw\u00fcnschen, informieren Sie uns bitte umgehend. Wir sind bem\u00fcht, das Bild \nm\u00f6glichst rasch zu entfernen bzw. das Gesicht Ihres Kindes zu pixeln. \nBitte geben Sie m\u00f6glichst die genaue Unterseite oder URL an. Vielen \nDank!<\/em><\/p>\n\n\n\n<p><strong>Schultr\u00e4ger:<\/strong><br>Samtgemeinde D\u00f6rpen<br>Hauptstr.25<br>26892 D\u00f6rpen<br>Telefon 04963\/402-0<br>Telefax 04963\/402-120<\/p>\n\n\n\n<p><strong>Zust\u00e4ndige Aufsichtsbeh\u00f6rde:<\/strong><br><a href=\"http:\/\/www.landesschulbehoerde-niedersachsen.de\" target=\"_blank\" rel=\"noreferrer noopener\">Nieders\u00e4chsische Landesschulbeh\u00f6rde<\/a><br>Regionalabteilung Osnabr\u00fcck<br>M\u00fchleneschweg 5 &amp; 8<br>49090 Osnabr\u00fcck<br>Telefon: 0541\/314-01<\/p>\n\n\n\n<p>Quelle: <em><a href=\"http:\/\/www.e-recht24.de\/impressum-generator.html\">http:\/\/www.e-recht24.de<\/a><\/em><\/p>\n\n\n\n<p><strong>Haftungsausschluss (Disclaimer)<\/strong><\/p>\n\n\n\n<p><strong>Haftung f\u00fcr Inhalte<\/strong><\/p>\n\n\n\n<p>Als Diensteanbieter sind wir gem\u00e4\u00df \u00a7 7 Abs.1 TMG f\u00fcr eigene Inhalte \nauf diesen Seiten nach den allgemeinen Gesetzen verantwortlich. Nach \u00a7\u00a7 8\n bis 10 TMG sind wir als Diensteanbieter jedoch nicht verpflichtet, \n\u00fcbermittelte oder gespeicherte fremde Informationen zu \u00fcberwachen oder \nnach Umst\u00e4nden zu forschen, die auf eine rechtswidrige T\u00e4tigkeit \nhinweisen. Verpflichtungen zur Entfernung oder Sperrung der Nutzung von \nInformationen nach den allgemeinen Gesetzen bleiben hiervon unber\u00fchrt. \nEine diesbez\u00fcgliche Haftung ist jedoch erst ab dem Zeitpunkt der \nKenntnis einer konkreten Rechtsverletzung m\u00f6glich. Bei Bekanntwerden von\n entsprechenden Rechtsverletzungen werden wir diese Inhalte umgehend \nentfernen.<\/p>\n\n\n\n<p><strong>Haftung f\u00fcr Links<\/strong><\/p>\n\n\n\n<p>Unser Angebot enth\u00e4lt Links zu externen Webseiten Dritter, auf deren \nInhalte wir keinen Einfluss haben. Deshalb k\u00f6nnen wir f\u00fcr diese fremden \nInhalte auch keine Gew\u00e4hr \u00fcbernehmen. F\u00fcr die Inhalte der verlinkten \nSeiten ist stets der jeweilige Anbieter oder Betreiber der Seiten \nverantwortlich. Die verlinkten Seiten wurden zum Zeitpunkt der \nVerlinkung auf m\u00f6gliche Rechtsverst\u00f6\u00dfe \u00fcberpr\u00fcft. Rechtswidrige Inhalte \nwaren zum Zeitpunkt der Verlinkung nicht erkennbar. Eine permanente \ninhaltliche Kontrolle der verlinkten Seiten ist jedoch ohne konkrete \nAnhaltspunkte einer Rechtsverletzung nicht zumutbar. Bei Bekanntwerden \nvon Rechtsverletzungen werden wir derartige Links umgehend entfernen.<\/p>\n\n\n\n<p><strong>Urheberrecht<\/strong><\/p>\n\n\n\n<p>Die durch die Seitenbetreiber erstellten Inhalte und Werke auf diesen\n Seiten unterliegen dem deutschen Urheberrecht. Die Vervielf\u00e4ltigung, \nBearbeitung, Verbreitung und jede Art der Verwertung au\u00dferhalb der \nGrenzen des Urheberrechtes bed\u00fcrfen der schriftlichen Zustimmung des \njeweiligen Autors bzw. Erstellers. Downloads und Kopien dieser Seite \nsind nur f\u00fcr den privaten, nicht kommerziellen Gebrauch gestattet. \nSoweit die Inhalte auf dieser Seite nicht vom Betreiber erstellt wurden,\n werden die Urheberrechte Dritter beachtet. Insbesondere werden Inhalte \nDritter als solche gekennzeichnet. Sollten Sie trotzdem auf eine \nUrheberrechtsverletzung aufmerksam werden, bitten wir um einen \nentsprechenden Hinweis. Bei Bekanntwerden von Rechtsverletzungen werden \nwir derartige Inhalte umgehend entfernen.<\/p>\n\n\n\n<p><em>Quellverweis: <a href=\"http:\/\/www.e-recht24.de\/muster-disclaimer.html\" target=\"_blank\" rel=\"noreferrer noopener\">Disclaimer eRecht24<\/a><\/em><\/p>\n","protected":false},"excerpt":{"rendered":"<p>Land Niedersachsen (Diensteanbieter im Sinne des Telemediengesetzes, \u00a75)Das Land Niedersachsen ist eine juristische Person des \u00f6ffentlichen Rechts,&nbsp;vertreten durch die: Grundschule WalchumHasselbrocker Str. 1626907 Walchum Vertreten durch:Gaby Weseler, Schulleiterin Telefon: 0 49 63 \/ 909810Telefax: 0 49 63 \/ 909811E-Mail: &#115;&#x63;&#104;&#x75;&#108;&#x6c;e&#x69;t&#x75;n&#103;&#x40;&#103;&#x73;&#45;&#x77;&#97;&#x6c;c&#x68;u&#x6d;&#46;&#100;&#x65; Verantwortlich f\u00fcr den Inhalt nach \u00a7 55 Abs. 2 RStV: Gaby WeselerGrundschule WalchumHasselbrocker Str. 1626907 &hellip; <a href=\"https:\/\/wordpress.nibis.de\/gswalchum\/impressum\/\" class=\"more-link\">Weiterlesen <span class=\"screen-reader-text\">Impressum<\/span><\/a><\/p>\n","protected":false},"author":9192933,"featured_media":0,"parent":0,"menu_order":0,"comment_status":"closed","ping_status":"closed","template":"","meta":{"footnotes":""},"class_list":["post-540","page","type-page","status-publish","hentry","without-featured-image"],"_links":{"self":[{"href":"https:\/\/wordpress.nibis.de\/gswalchum\/wp-json\/wp\/v2\/pages\/540","targetHints":{"allow":["GET"]}}],"collection":[{"href":"https:\/\/wordpress.nibis.de\/gswalchum\/wp-json\/wp\/v2\/pages"}],"about":[{"href":"https:\/\/wordpress.nibis.de\/gswalchum\/wp-json\/wp\/v2\/types\/page"}],"author":[{"embeddable":true,"href":"https:\/\/wordpress.nibis.de\/gswalchum\/wp-json\/wp\/v2\/users\/9192933"}],"replies":[{"embeddable":true,"href":"https:\/\/wordpress.nibis.de\/gswalchum\/wp-json\/wp\/v2\/comments?post=540"}],"version-history":[{"count":6,"href":"https:\/\/wordpress.nibis.de\/gswalchum\/wp-json\/wp\/v2\/pages\/540\/revisions"}],"predecessor-version":[{"id":2439,"href":"https:\/\/wordpress.nibis.de\/gswalchum\/wp-json\/wp\/v2\/pages\/540\/revisions\/2439"}],"wp:attachment":[{"href":"https:\/\/wordpress.nibis.de\/gswalchum\/wp-json\/wp\/v2\/media?parent=540"}],"curies":[{"name":"wp","href":"https:\/\/api.w.org\/{rel}","templated":true}]}}