{"id":64,"date":"2019-01-28T09:28:39","date_gmt":"2019-01-28T08:28:39","guid":{"rendered":"https:\/\/wordpress.nibis.de\/gswalchum\/?page_id=64"},"modified":"2026-02-18T10:01:14","modified_gmt":"2026-02-18T09:01:14","slug":"ganztagsangebote-2","status":"publish","type":"page","link":"https:\/\/wordpress.nibis.de\/gswalchum\/ganztagsangebote-2\/","title":{"rendered":"Ganztagsangebote"},"content":{"rendered":"<div>\n<p>Mit Beginn des Schuljahres 2009\/2010 ist an der Grundschule in Walchum die Ganztagsschule eingef\u00fchrt worden.<\/p>\n<p>Dreimal w\u00f6chentlich werden die Kinder am Nachmittag bis 15.45 Uhr in der Schule betreut. Die Sch\u00fclerinnen und Sch\u00fcler nehmen zun\u00e4chst ein gemeinsames Mittagessen (s. Erl\u00e4uterungen unten) in unserer eigenen Mensa im Obergeschoss ein. Danach erledigen sie in Gruppen ihre Hausaufgaben und nehmen anschlie\u00dfend an verschiedenen Arbeitsgemeinschaften teil.<\/p>\n<p><strong>Folgende AGs finden im aktuellen Halbjahr statt:<\/strong><\/p>\n<p>Montag: Natur-Entdecker<\/p>\n<p>Dienstag: Hobby Horsing<\/p>\n<p>Mittwoch: Kreativ-AG<\/p>\n<p><strong>Allergen-Kennzeichnung mit K\u00fcrzel:<\/strong><\/p>\n<p>G\u00a0\u00a0 \u00a0Gluten \/ G1 Weizen \/ G2 Roggen \/ G3 Gerste \/ G4 Hafer \/ G5 Dinkel \/ G6 Kamut<\/p>\n<p>K\u00a0\u00a0\u00a0 Krebstiere<\/p>\n<p>Ei\u00a0 \u00a0Eier<\/p>\n<p>Fi\u00a0 \u00a0Fische<\/p>\n<p>E\u00a0\u00a0\u00a0 Erdn\u00fcsse<\/p>\n<p>Sb\u00a0\u00a0 Soja<\/p>\n<p>M\u00a0\u00a0 \u00a0Milch (einschlie\u00dflich Laktose)<\/p>\n<p>Me\u00a0 Milcheiwei\u00df<\/p>\n<p>La\u00a0\u00a0 Laktose<\/p>\n<p>Sf\u00a0\u00a0 Schalenfr\u00fcchte \/ Sf1 Mandeln \/ Sf2 Haseln\u00fcsse \/ Sf3 Waln\u00fcsse \/ Sf4 Kaschun\u00fcsse \/ Sf5 Pecann\u00fcsse \/ Sf6 Paran\u00fcsse \/<\/p>\n<p>Sf7 Pistazien \/ Sf8 Macadamia-\/Queenslandn\u00fcsse<\/p>\n<p>S\u00a0\u00a0\u00a0 Sellerie<\/p>\n<p>Sn\u00a0\u00a0Senf<\/p>\n<p>Se\u00a0 Sesam<\/p>\n<p>Sd\u00a0 Schwefeldioxid und Sulfite<\/p>\n<p>Lp\u00a0 Lupinen<\/p>\n<p>W\u00a0\u00a0 Weichtiere<\/p>\n<p>&#8212;&#8212;&#8212;&#8212;&#8212;&#8212;&#8212;&#8212;&#8212;&#8212;&#8212;&#8212;&#8212;&#8212;&#8212;&#8212;&#8212;&#8212;&#8212;&#8212;&#8212;&#8212;&#8212;&#8212;&#8212;&#8212;&#8212;&#8212;&#8212;&#8212;&#8212;&#8212;&#8212;&#8212;&#8212;&#8212;&#8212;&#8212;<\/p>\n<p><strong>V<\/strong>\u00a0\u00a0 vegetarisch<\/p>\n<p><strong>S<\/strong>\u00a0\u00a0 Schweinefleisch<\/p>\n<p><strong>R<\/strong>\u00a0\u00a0 Rindfleisch<\/p>\n<p><strong>H <\/strong>\u00a0\u00a0Gefl\u00fcgel<\/p>\n<p><strong>F<\/strong>\u00a0\u00a0 \u00a0Fisch<\/p>\n<p>w\u00a0\u00a0\u00a0\u00a0\u00a0\u00a0\u00a0\u00a0\u00a0\u00a0\u00a0\u00a0\u00a0\u00a0\u00a0\u00a0 w\u00fcrzig<\/p>\n<p>N\u00a0\u00a0\u00a0\u00a0\u00a0\u00a0\u00a0\u00a0\u00a0\u00a0\u00a0\u00a0\u00a0\u00a0\u00a0\u00a0 Nitritp\u00f6kelsalz<\/p>\n<p>A\u00a0\u00a0\u00a0\u00a0\u00a0\u00a0\u00a0\u00a0\u00a0\u00a0\u00a0\u00a0\u00a0\u00a0\u00a0\u00a0 Antioxidationsmittel<\/p>\n<p>&#8212;&#8212;&#8212;&#8212;&#8212;&#8212;&#8212;&#8212;&#8212;&#8212;&#8212;&#8212;&#8212;&#8212;&#8212;&#8212;&#8212;&#8212;&#8212;&#8212;&#8212;&#8212;&#8212;&#8212;&#8212;&#8212;&#8212;&#8212;&#8212;&#8212;&#8212;&#8212;&#8212;&#8212;&#8212;&#8212;&#8212;&#8212;<\/p>\n<p>Zus\u00e4tzlich zum Mittagsangebot k\u00f6nnen die Kinder t\u00e4glich Kn\u00e4ckebrot (G1, G2, Ei, M, Se, Sf) essen.<\/p>\n<\/div>\n","protected":false},"excerpt":{"rendered":"<p>Mit Beginn des Schuljahres 2009\/2010 ist an der Grundschule in Walchum die Ganztagsschule eingef\u00fchrt worden. Dreimal w\u00f6chentlich werden die Kinder am Nachmittag bis 15.45 Uhr in der Schule betreut. Die Sch\u00fclerinnen und Sch\u00fcler nehmen zun\u00e4chst ein gemeinsames Mittagessen (s. Erl\u00e4uterungen unten) in unserer eigenen Mensa im Obergeschoss ein. Danach erledigen sie in Gruppen ihre Hausaufgaben &hellip; <a href=\"https:\/\/wordpress.nibis.de\/gswalchum\/ganztagsangebote-2\/\" class=\"more-link\">Weiterlesen <span class=\"screen-reader-text\">Ganztagsangebote<\/span><\/a><\/p>\n","protected":false},"author":9192933,"featured_media":0,"parent":0,"menu_order":0,"comment_status":"closed","ping_status":"closed","template":"","meta":{"footnotes":""},"class_list":["post-64","page","type-page","status-publish","hentry","without-featured-image"],"_links":{"self":[{"href":"https:\/\/wordpress.nibis.de\/gswalchum\/wp-json\/wp\/v2\/pages\/64","targetHints":{"allow":["GET"]}}],"collection":[{"href":"https:\/\/wordpress.nibis.de\/gswalchum\/wp-json\/wp\/v2\/pages"}],"about":[{"href":"https:\/\/wordpress.nibis.de\/gswalchum\/wp-json\/wp\/v2\/types\/page"}],"author":[{"embeddable":true,"href":"https:\/\/wordpress.nibis.de\/gswalchum\/wp-json\/wp\/v2\/users\/9192933"}],"replies":[{"embeddable":true,"href":"https:\/\/wordpress.nibis.de\/gswalchum\/wp-json\/wp\/v2\/comments?post=64"}],"version-history":[{"count":9,"href":"https:\/\/wordpress.nibis.de\/gswalchum\/wp-json\/wp\/v2\/pages\/64\/revisions"}],"predecessor-version":[{"id":2442,"href":"https:\/\/wordpress.nibis.de\/gswalchum\/wp-json\/wp\/v2\/pages\/64\/revisions\/2442"}],"wp:attachment":[{"href":"https:\/\/wordpress.nibis.de\/gswalchum\/wp-json\/wp\/v2\/media?parent=64"}],"curies":[{"name":"wp","href":"https:\/\/api.w.org\/{rel}","templated":true}]}}