{"id":33,"date":"2017-05-02T13:12:09","date_gmt":"2017-05-02T11:12:09","guid":{"rendered":"http:\/\/wordpress.nibis.de\/gswaldschulebb\/?page_id=33"},"modified":"2025-01-03T05:12:53","modified_gmt":"2025-01-03T04:12:53","slug":"leitbild","status":"publish","type":"page","link":"https:\/\/wordpress.nibis.de\/gswaldschulebb\/?page_id=33","title":{"rendered":"Leitbild"},"content":{"rendered":"<p><strong>1. In unserer Grundschule ist jeder willkommen.<\/strong><\/p>\n<p>Wir sind eine inklusive Lerngemeinschaft, deren Vielfalt wir als Bereicherung sch\u00e4tzen. Jeder f\u00fchlt sich wohl und der Schulgemeinschaft zugeh\u00f6rig.<\/p>\n<p><strong>2. Unsere Schule ist ein Ort der Freude, Vielfalt und Sicherheit.<\/strong><\/p>\n<p>Verschiedenste Aktivit\u00e4ten innerhalb des Schullebens machen unsere Schule zu einem Ort, den jeder gerne besucht. Durch Transparenz, klare Regeln und Strukturen schaffen wir eine Umgebung, in der sich alle an Schule Beteiligten gut aufgehoben f\u00fchlen.<\/p>\n<p><strong>3. Wir gehen freundlich, respektvoll und wertsch\u00e4tzend miteinander um.<\/strong><\/p>\n<p>Die Bed\u00fcrfnisse und Meinungen des Einzelnen werden ernst genommen. Wir f\u00f6rdern eine respektvolle Gespr\u00e4chskultur und sehen uns Erwachsene als Vorbilder im wertsch\u00e4tzenden Umgang miteinander.<\/p>\n<p><strong>4. Wir st\u00e4rken das Selbstwertgef\u00fchl und geben der individuellen Entwicklung Raum.<\/strong><\/p>\n<p>Wir erm\u00f6glichen jedem Kind individuelle Erfolge im Rahmen seiner Entwicklung. Wir gestalten eine Lernumgebung, in der Kinder an Herausforderungen wachsen und Motivation sowie Neugier erhalten bleiben.<\/p>\n<p><strong>5. Wir nutzen unseren naturnahen Standort f\u00fcr vielf\u00e4ltige Erfahrungen. <\/strong><\/p>\n<p>Das Schulgel\u00e4nde verbindet uns mit der Natur und bietet die M\u00f6glichkeit, die Umwelt als kreativen Spielraum, Lern- und Erholungsort zu erleben. Wir erleben die Natur als sch\u00fctzenswert.<\/p>\n","protected":false},"excerpt":{"rendered":"<p>1. In unserer Grundschule ist jeder willkommen. Wir sind eine inklusive Lerngemeinschaft, deren Vielfalt wir als Bereicherung sch\u00e4tzen. Jeder f\u00fchlt sich wohl und der Schulgemeinschaft zugeh\u00f6rig. 2. Unsere Schule ist ein Ort der Freude, Vielfalt und Sicherheit. Verschiedenste Aktivit\u00e4ten innerhalb des Schullebens machen unsere Schule zu einem Ort, den jeder gerne besucht. Durch Transparenz, klare&hellip;<\/p>\n","protected":false},"author":1363,"featured_media":0,"parent":0,"menu_order":0,"comment_status":"closed","ping_status":"closed","template":"","meta":{"footnotes":""},"class_list":["post-33","page","type-page","status-publish","hentry"],"_links":{"self":[{"href":"https:\/\/wordpress.nibis.de\/gswaldschulebb\/index.php?rest_route=\/wp\/v2\/pages\/33","targetHints":{"allow":["GET"]}}],"collection":[{"href":"https:\/\/wordpress.nibis.de\/gswaldschulebb\/index.php?rest_route=\/wp\/v2\/pages"}],"about":[{"href":"https:\/\/wordpress.nibis.de\/gswaldschulebb\/index.php?rest_route=\/wp\/v2\/types\/page"}],"author":[{"embeddable":true,"href":"https:\/\/wordpress.nibis.de\/gswaldschulebb\/index.php?rest_route=\/wp\/v2\/users\/1363"}],"replies":[{"embeddable":true,"href":"https:\/\/wordpress.nibis.de\/gswaldschulebb\/index.php?rest_route=%2Fwp%2Fv2%2Fcomments&post=33"}],"version-history":[{"count":8,"href":"https:\/\/wordpress.nibis.de\/gswaldschulebb\/index.php?rest_route=\/wp\/v2\/pages\/33\/revisions"}],"predecessor-version":[{"id":1234,"href":"https:\/\/wordpress.nibis.de\/gswaldschulebb\/index.php?rest_route=\/wp\/v2\/pages\/33\/revisions\/1234"}],"wp:attachment":[{"href":"https:\/\/wordpress.nibis.de\/gswaldschulebb\/index.php?rest_route=%2Fwp%2Fv2%2Fmedia&parent=33"}],"curies":[{"name":"wp","href":"https:\/\/api.w.org\/{rel}","templated":true}]}}