{"id":360,"date":"2018-10-30T13:45:09","date_gmt":"2018-10-30T12:45:09","guid":{"rendered":"http:\/\/wordpress.nibis.de\/gswaldschulebb\/?page_id=360"},"modified":"2025-03-23T15:45:56","modified_gmt":"2025-03-23T14:45:56","slug":"vorlesewettbewerb","status":"publish","type":"page","link":"https:\/\/wordpress.nibis.de\/gswaldschulebb\/?page_id=360","title":{"rendered":"Vorlesewettbewerb 2025"},"content":{"rendered":"\n<p>Endlich war es wieder soweit: alle Sch\u00fclerinnen und Sch\u00fcler des dritten und vierten Jahrganges der Waldschule Bad Bevensen sa\u00dfen gespannt in der Pausenhalle und fieberten dem allj\u00e4hrlichen Vorlesewettbewerb entgegen. Jeweils acht Vorleserinnen und Vorleser aus jedem Jahrgang &#8211; im Vorwege in klasseninternen Wettbewerben ermittelt \u2013 wurden ins Rennen geschickt.<\/p>\n\n\n\n<p>Die Kandidatinnen und Kandidaten warteten aufgeregt auf ihren Einsatz. Alle hatten sich intensiv vorbereitet und viel ge\u00fcbt. Alle Kinder lasen jeweils einen Abschnitt aus einem selbstausgew\u00e4hlten Buch, den sie ge\u00fcbt hatten vor; die Viertkl\u00e4sslerinnen und Viertkl\u00e4ssler zus\u00e4tzlich einen, den sie zuvor noch nicht kannten.<\/p>\n\n\n\n<p>Das Publikum wurde u.a. in magische Welten entf\u00fchrt, unternahm eine Reise nach Gro\u00df Britannien, schipperte auf einem Flussboot mit, verfolgte eine Abenteuergeschichte \u00fcber einen Fuchs, lachte \u00fcber das komische Benehmen eines Ponys und lauschte gebannt dem Detektivfall der drei !!!.<\/p>\n\n\n\n<p>Die Jury \u2013 bestehend aus I. Schneider (Lesepatin), K. Warnecke (Bibliothekarin an der Schule), D. Uhde (P\u00e4dagogische Mitarbeiterin f\u00fcr Inklusion an der Schule), T. Sethmann (Praktikantin) und Herrn Patz jun. (Vertreter von der Buchhandlung Patz) \u2013 machte sich flei\u00dfig Notizen und vergab Punkte f\u00fcr das Lesetempo, Lautst\u00e4rke, Betonung etc. Die Ermittlung des Siegers fiel der Jury auch dieses Jahr wieder sehr schwer, da die Unterschiede nur sehr minimal waren.<\/p>\n\n\n\n<p>Im dritten Jahrgang gewann Marvin mit dem Buch: \u201eAgent Mac ; Klunker gesucht\u201c. Der zweite Platz ging mit \u201eDer Zaubersch\u00fcler,&#8220; an Maja. Au\u00dferdem gab es zwei dritte Pl\u00e4tze: Meike las: \u201eDie Olchis fliegen zum Mond&#8220; vor und punktete gleichviel mit Marlene, die \u201eHarry Potter und der Stein der Weisen&#8220; vortrug. Aber auch die anderen Vorleser und Vorleserinnen: Mattis, Leonie, Jonas u.a. wurden durch Beifall belohnt.<\/p>\n\n\n\n<p>Im vierten Jahrgang gab es eine Doppelspitze: Clara mit \u201eFlusskind\u201c und Marianne (\u201eMitternachts-Katzen: Die Schule der Felidix\u201c) gewannen beide den ersten Platz. Der zweite Platz ging mit dem Buch: \u201eDie drei !!!: die Handyfalle\u201c an Solina, dicht gefolgt von Ida mit: \u201eMein Lotta-Leben: Wer den Wal hat\u201c. Weitere Kandidaten und Kandidatinnen f\u00fcr den vierten Jahrgang waren: Laura, Laura, Salma und Adrian.<\/p>\n\n\n\n<p>Dank der gro\u00dfz\u00fcgigen Spende der zwei Buchhandlungen Patz und Zimmermann erhielten alle Teilnehmerinnen und Teilnehmer eine Urkunde und ein Buch.<\/p>\n\n\n\n<p>Die Waldschule dr\u00fccken Clara und Marianne alle Daumen, wenn sie die Waldschule beim Kreisvorlesewettbewerb in Uelzen vertreten!<\/p>\n\n\n\n<figure class=\"wp-block-gallery has-nested-images columns-default is-cropped wp-block-gallery-1 is-layout-flex wp-block-gallery-is-layout-flex\">\n<figure class=\"wp-block-image size-large\"><img loading=\"lazy\" decoding=\"async\" width=\"2560\" height=\"1630\" data-id=\"1312\" src=\"https:\/\/wordpress.nibis.de\/gswaldschulebb\/files\/2025\/03\/Vorlesew4_2025-scaled.jpg\" alt=\"\" class=\"wp-image-1312\" srcset=\"https:\/\/wordpress.nibis.de\/gswaldschulebb\/files\/2025\/03\/Vorlesew4_2025-scaled.jpg 2560w, https:\/\/wordpress.nibis.de\/gswaldschulebb\/files\/2025\/03\/Vorlesew4_2025-768x489.jpg 768w, https:\/\/wordpress.nibis.de\/gswaldschulebb\/files\/2025\/03\/Vorlesew4_2025-1536x978.jpg 1536w, https:\/\/wordpress.nibis.de\/gswaldschulebb\/files\/2025\/03\/Vorlesew4_2025-2048x1304.jpg 2048w, https:\/\/wordpress.nibis.de\/gswaldschulebb\/files\/2025\/03\/Vorlesew4_2025-1200x764.jpg 1200w, https:\/\/wordpress.nibis.de\/gswaldschulebb\/files\/2025\/03\/Vorlesew4_2025-1980x1260.jpg 1980w\" sizes=\"auto, (max-width: 2560px) 100vw, 2560px\" \/><figcaption>Teilnehmer Jahrgang 4<\/figcaption><\/figure>\n\n\n\n<figure class=\"wp-block-image size-large\"><img loading=\"lazy\" decoding=\"async\" width=\"2560\" height=\"1920\" data-id=\"1334\" src=\"https:\/\/wordpress.nibis.de\/gswaldschulebb\/files\/2025\/03\/Vorlese3_2025_2-scaled.jpg\" alt=\"\" class=\"wp-image-1334\" srcset=\"https:\/\/wordpress.nibis.de\/gswaldschulebb\/files\/2025\/03\/Vorlese3_2025_2-scaled.jpg 2560w, https:\/\/wordpress.nibis.de\/gswaldschulebb\/files\/2025\/03\/Vorlese3_2025_2-768x576.jpg 768w, https:\/\/wordpress.nibis.de\/gswaldschulebb\/files\/2025\/03\/Vorlese3_2025_2-1536x1152.jpg 1536w, https:\/\/wordpress.nibis.de\/gswaldschulebb\/files\/2025\/03\/Vorlese3_2025_2-2048x1536.jpg 2048w, https:\/\/wordpress.nibis.de\/gswaldschulebb\/files\/2025\/03\/Vorlese3_2025_2-1200x900.jpg 1200w, https:\/\/wordpress.nibis.de\/gswaldschulebb\/files\/2025\/03\/Vorlese3_2025_2-1980x1485.jpg 1980w\" sizes=\"auto, (max-width: 2560px) 100vw, 2560px\" \/><figcaption>Teilnehmer Jahrgang 3<\/figcaption><\/figure>\n\n\n\n<figure class=\"wp-block-image size-large\"><img loading=\"lazy\" decoding=\"async\" width=\"2560\" height=\"1928\" data-id=\"1335\" src=\"https:\/\/wordpress.nibis.de\/gswaldschulebb\/files\/2025\/03\/Vorlese4_2025-scaled.jpg\" alt=\"\" class=\"wp-image-1335\" srcset=\"https:\/\/wordpress.nibis.de\/gswaldschulebb\/files\/2025\/03\/Vorlese4_2025-scaled.jpg 2560w, https:\/\/wordpress.nibis.de\/gswaldschulebb\/files\/2025\/03\/Vorlese4_2025-768x578.jpg 768w, https:\/\/wordpress.nibis.de\/gswaldschulebb\/files\/2025\/03\/Vorlese4_2025-1536x1157.jpg 1536w, https:\/\/wordpress.nibis.de\/gswaldschulebb\/files\/2025\/03\/Vorlese4_2025-2048x1542.jpg 2048w, https:\/\/wordpress.nibis.de\/gswaldschulebb\/files\/2025\/03\/Vorlese4_2025-1200x904.jpg 1200w, https:\/\/wordpress.nibis.de\/gswaldschulebb\/files\/2025\/03\/Vorlese4_2025-1980x1491.jpg 1980w\" sizes=\"auto, (max-width: 2560px) 100vw, 2560px\" \/><figcaption>Sigerehrung Jahrgang 4<\/figcaption><\/figure>\n\n\n\n<figure class=\"wp-block-image size-large\"><img loading=\"lazy\" decoding=\"async\" width=\"2142\" height=\"2149\" data-id=\"1328\" src=\"https:\/\/wordpress.nibis.de\/gswaldschulebb\/files\/2025\/03\/Vorlese-2025.jpg\" alt=\"\" class=\"wp-image-1328\" srcset=\"https:\/\/wordpress.nibis.de\/gswaldschulebb\/files\/2025\/03\/Vorlese-2025.jpg 2142w, https:\/\/wordpress.nibis.de\/gswaldschulebb\/files\/2025\/03\/Vorlese-2025-768x771.jpg 768w, https:\/\/wordpress.nibis.de\/gswaldschulebb\/files\/2025\/03\/Vorlese-2025-1531x1536.jpg 1531w, https:\/\/wordpress.nibis.de\/gswaldschulebb\/files\/2025\/03\/Vorlese-2025-2041x2048.jpg 2041w, https:\/\/wordpress.nibis.de\/gswaldschulebb\/files\/2025\/03\/Vorlese-2025-1200x1204.jpg 1200w, https:\/\/wordpress.nibis.de\/gswaldschulebb\/files\/2025\/03\/Vorlese-2025-1980x1986.jpg 1980w\" sizes=\"auto, (max-width: 2142px) 100vw, 2142px\" \/><figcaption>B\u00fccherpreise Jahrgang 4<\/figcaption><\/figure>\n<\/figure>\n","protected":false},"excerpt":{"rendered":"<p>Endlich war es wieder soweit: alle Sch\u00fclerinnen und Sch\u00fcler des dritten und vierten Jahrganges der Waldschule Bad Bevensen sa\u00dfen gespannt in der Pausenhalle und fieberten dem allj\u00e4hrlichen Vorlesewettbewerb entgegen. Jeweils acht Vorleserinnen und Vorleser aus jedem Jahrgang &#8211; im Vorwege in klasseninternen Wettbewerben ermittelt \u2013 wurden ins Rennen geschickt. Die Kandidatinnen und Kandidaten warteten aufgeregt&hellip;<\/p>\n","protected":false},"author":1363,"featured_media":0,"parent":0,"menu_order":0,"comment_status":"closed","ping_status":"closed","template":"","meta":{"footnotes":""},"class_list":["post-360","page","type-page","status-publish","hentry"],"_links":{"self":[{"href":"https:\/\/wordpress.nibis.de\/gswaldschulebb\/index.php?rest_route=\/wp\/v2\/pages\/360","targetHints":{"allow":["GET"]}}],"collection":[{"href":"https:\/\/wordpress.nibis.de\/gswaldschulebb\/index.php?rest_route=\/wp\/v2\/pages"}],"about":[{"href":"https:\/\/wordpress.nibis.de\/gswaldschulebb\/index.php?rest_route=\/wp\/v2\/types\/page"}],"author":[{"embeddable":true,"href":"https:\/\/wordpress.nibis.de\/gswaldschulebb\/index.php?rest_route=\/wp\/v2\/users\/1363"}],"replies":[{"embeddable":true,"href":"https:\/\/wordpress.nibis.de\/gswaldschulebb\/index.php?rest_route=%2Fwp%2Fv2%2Fcomments&post=360"}],"version-history":[{"count":7,"href":"https:\/\/wordpress.nibis.de\/gswaldschulebb\/index.php?rest_route=\/wp\/v2\/pages\/360\/revisions"}],"predecessor-version":[{"id":1336,"href":"https:\/\/wordpress.nibis.de\/gswaldschulebb\/index.php?rest_route=\/wp\/v2\/pages\/360\/revisions\/1336"}],"wp:attachment":[{"href":"https:\/\/wordpress.nibis.de\/gswaldschulebb\/index.php?rest_route=%2Fwp%2Fv2%2Fmedia&parent=360"}],"curies":[{"name":"wp","href":"https:\/\/api.w.org\/{rel}","templated":true}]}}