{"id":55,"date":"2017-05-02T12:54:03","date_gmt":"2017-05-02T10:54:03","guid":{"rendered":"http:\/\/wordpress.nibis.de\/gswaldschulebb\/?page_id=55"},"modified":"2023-09-26T21:48:29","modified_gmt":"2023-09-26T19:48:29","slug":"arbeitsgemeinschaften","status":"publish","type":"page","link":"https:\/\/wordpress.nibis.de\/gswaldschulebb\/?page_id=55","title":{"rendered":"Arbeitsgemeinschaften"},"content":{"rendered":"<p>Kinder im 3. und 4. Schuljahr k\u00f6nnen einmal pro Woche an einem AG-Angebot teilnehmen. Dazu versuchen wir die Interessen der Kinder anzusprechen. Zum Beispiel gibt es:<\/p>\n<ul>\n<li>Fu\u00dfball (f\u00fcr M\u00e4dchen)<\/li>\n<li>Sport und Spiele<\/li>\n<li>Gesellschaftsspiele<\/li>\n<li>Lego-Technik<\/li>\n<li>Textiles Gestalten<\/li>\n<li>Kunst<\/li>\n<li>Leseclub<\/li>\n<li>Programmieren<\/li>\n<li>Aktive Pause<\/li>\n<li>Detektiv-AG<\/li>\n<\/ul>\n","protected":false},"excerpt":{"rendered":"<p>Kinder im 3. und 4. Schuljahr k\u00f6nnen einmal pro Woche an einem AG-Angebot teilnehmen. Dazu versuchen wir die Interessen der Kinder anzusprechen. Zum Beispiel gibt es: Fu\u00dfball (f\u00fcr M\u00e4dchen) Sport und Spiele Gesellschaftsspiele Lego-Technik Textiles Gestalten Kunst Leseclub Programmieren Aktive Pause Detektiv-AG<\/p>\n","protected":false},"author":1363,"featured_media":0,"parent":0,"menu_order":0,"comment_status":"closed","ping_status":"closed","template":"","meta":{"footnotes":""},"class_list":["post-55","page","type-page","status-publish","hentry"],"_links":{"self":[{"href":"https:\/\/wordpress.nibis.de\/gswaldschulebb\/index.php?rest_route=\/wp\/v2\/pages\/55","targetHints":{"allow":["GET"]}}],"collection":[{"href":"https:\/\/wordpress.nibis.de\/gswaldschulebb\/index.php?rest_route=\/wp\/v2\/pages"}],"about":[{"href":"https:\/\/wordpress.nibis.de\/gswaldschulebb\/index.php?rest_route=\/wp\/v2\/types\/page"}],"author":[{"embeddable":true,"href":"https:\/\/wordpress.nibis.de\/gswaldschulebb\/index.php?rest_route=\/wp\/v2\/users\/1363"}],"replies":[{"embeddable":true,"href":"https:\/\/wordpress.nibis.de\/gswaldschulebb\/index.php?rest_route=%2Fwp%2Fv2%2Fcomments&post=55"}],"version-history":[{"count":10,"href":"https:\/\/wordpress.nibis.de\/gswaldschulebb\/index.php?rest_route=\/wp\/v2\/pages\/55\/revisions"}],"predecessor-version":[{"id":1033,"href":"https:\/\/wordpress.nibis.de\/gswaldschulebb\/index.php?rest_route=\/wp\/v2\/pages\/55\/revisions\/1033"}],"wp:attachment":[{"href":"https:\/\/wordpress.nibis.de\/gswaldschulebb\/index.php?rest_route=%2Fwp%2Fv2%2Fmedia&parent=55"}],"curies":[{"name":"wp","href":"https:\/\/api.w.org\/{rel}","templated":true}]}}