{"id":585,"date":"2020-05-26T13:12:32","date_gmt":"2020-05-26T11:12:32","guid":{"rendered":"https:\/\/wordpress.nibis.de\/gswaldschulebb\/?page_id=585"},"modified":"2025-01-02T19:24:29","modified_gmt":"2025-01-02T18:24:29","slug":"schulbuchausleihe","status":"publish","type":"page","link":"https:\/\/wordpress.nibis.de\/gswaldschulebb\/?page_id=585","title":{"rendered":"Schulbuchausleihe"},"content":{"rendered":"\n<p>Wir haben die Schulbuchausleihe umgestellt auf Online-Anmeldung.<\/p>\n\n\n\n<p><br>Sie k\u00f6nnen sich \u00fcber den IServ-Account Ihres Kindes f\u00fcr Ausleihe anmelden. Dort finden Sie dies im Modul Schulb\u00fccher.<\/p>\n\n\n\n<p><br>Auch ohne einen IServ-Zugang ist die Anmeldung m\u00f6glich. Rufen Sie dazu im Browser die Seite <a href=\"http:\/\/www.gs-waldschule.de\/buecher\">http:\/\/www.gs-waldschule.de\/buecher<\/a> auf.<\/p>\n\n\n\n<div class=\"wp-block-file\"><a id=\"wp-block-file--media-cc3e9b49-b85a-4ac0-85a8-f14dccd476a8\" href=\"https:\/\/wordpress.nibis.de\/gswaldschulebb\/files\/2021\/05\/Anleitung-zur-Schulbuchausleihe.pdf\">Hier finden Sie eine Anleitung zur Schulbuchausleihe<\/a><a href=\"https:\/\/wordpress.nibis.de\/gswaldschulebb\/files\/2021\/05\/Anleitung-zur-Schulbuchausleihe.pdf\" class=\"wp-block-file__button\" download aria-describedby=\"wp-block-file--media-cc3e9b49-b85a-4ac0-85a8-f14dccd476a8\">Herunterladen<\/a><\/div>\n\n\n\n<p><\/p>\n","protected":false},"excerpt":{"rendered":"<p>Wir haben die Schulbuchausleihe umgestellt auf Online-Anmeldung. Sie k\u00f6nnen sich \u00fcber den IServ-Account Ihres Kindes f\u00fcr Ausleihe anmelden. Dort finden Sie dies im Modul Schulb\u00fccher. Auch ohne einen IServ-Zugang ist die Anmeldung m\u00f6glich. Rufen Sie dazu im Browser die Seite http:\/\/www.gs-waldschule.de\/buecher auf.<\/p>\n","protected":false},"author":1363,"featured_media":0,"parent":0,"menu_order":0,"comment_status":"closed","ping_status":"closed","template":"","meta":{"footnotes":""},"class_list":["post-585","page","type-page","status-publish","hentry"],"_links":{"self":[{"href":"https:\/\/wordpress.nibis.de\/gswaldschulebb\/index.php?rest_route=\/wp\/v2\/pages\/585","targetHints":{"allow":["GET"]}}],"collection":[{"href":"https:\/\/wordpress.nibis.de\/gswaldschulebb\/index.php?rest_route=\/wp\/v2\/pages"}],"about":[{"href":"https:\/\/wordpress.nibis.de\/gswaldschulebb\/index.php?rest_route=\/wp\/v2\/types\/page"}],"author":[{"embeddable":true,"href":"https:\/\/wordpress.nibis.de\/gswaldschulebb\/index.php?rest_route=\/wp\/v2\/users\/1363"}],"replies":[{"embeddable":true,"href":"https:\/\/wordpress.nibis.de\/gswaldschulebb\/index.php?rest_route=%2Fwp%2Fv2%2Fcomments&post=585"}],"version-history":[{"count":9,"href":"https:\/\/wordpress.nibis.de\/gswaldschulebb\/index.php?rest_route=\/wp\/v2\/pages\/585\/revisions"}],"predecessor-version":[{"id":1215,"href":"https:\/\/wordpress.nibis.de\/gswaldschulebb\/index.php?rest_route=\/wp\/v2\/pages\/585\/revisions\/1215"}],"wp:attachment":[{"href":"https:\/\/wordpress.nibis.de\/gswaldschulebb\/index.php?rest_route=%2Fwp%2Fv2%2Fmedia&parent=585"}],"curies":[{"name":"wp","href":"https:\/\/api.w.org\/{rel}","templated":true}]}}