{"id":196,"date":"2019-02-21T17:40:51","date_gmt":"2019-02-21T16:40:51","guid":{"rendered":"http:\/\/wordpress.nibis.de\/gswarmsen\/?page_id=196"},"modified":"2023-02-27T20:47:20","modified_gmt":"2023-02-27T19:47:20","slug":"termine","status":"publish","type":"page","link":"https:\/\/wordpress.nibis.de\/gswarmsen\/termine\/","title":{"rendered":"Termine"},"content":{"rendered":"\n<p style=\"text-align: center\">Bitte das aktuelle Halbjahr w\u00e4hlen<\/p>\n<p style=\"text-align: center\"><a href=\"https:\/\/wordpress.nibis.de\/gswarmsen\/1-halbjahr\/\">Zur \u00dcbersicht 1. Halbjahr<\/a><\/p>\n<p style=\"text-align: center\"><a href=\"https:\/\/wordpress.nibis.de\/gswarmsen\/2-halbjahr\/\">Zur \u00dcbersicht 2. Halbjahr<\/a><\/p>\n<p>\u00a0<\/p>\n<p>\u00a0<\/p>\n","protected":false},"excerpt":{"rendered":"<p>Bitte das aktuelle Halbjahr w\u00e4hlen Zur \u00dcbersicht 1. Halbjahr Zur \u00dcbersicht 2. Halbjahr \u00a0 \u00a0<\/p>\n","protected":false},"author":9192574,"featured_media":0,"parent":0,"menu_order":0,"comment_status":"closed","ping_status":"closed","template":"","meta":{"footnotes":""},"class_list":["post-196","page","type-page","status-publish","hentry"],"_links":{"self":[{"href":"https:\/\/wordpress.nibis.de\/gswarmsen\/wp-json\/wp\/v2\/pages\/196","targetHints":{"allow":["GET"]}}],"collection":[{"href":"https:\/\/wordpress.nibis.de\/gswarmsen\/wp-json\/wp\/v2\/pages"}],"about":[{"href":"https:\/\/wordpress.nibis.de\/gswarmsen\/wp-json\/wp\/v2\/types\/page"}],"author":[{"embeddable":true,"href":"https:\/\/wordpress.nibis.de\/gswarmsen\/wp-json\/wp\/v2\/users\/9192574"}],"replies":[{"embeddable":true,"href":"https:\/\/wordpress.nibis.de\/gswarmsen\/wp-json\/wp\/v2\/comments?post=196"}],"version-history":[{"count":14,"href":"https:\/\/wordpress.nibis.de\/gswarmsen\/wp-json\/wp\/v2\/pages\/196\/revisions"}],"predecessor-version":[{"id":2143,"href":"https:\/\/wordpress.nibis.de\/gswarmsen\/wp-json\/wp\/v2\/pages\/196\/revisions\/2143"}],"wp:attachment":[{"href":"https:\/\/wordpress.nibis.de\/gswarmsen\/wp-json\/wp\/v2\/media?parent=196"}],"curies":[{"name":"wp","href":"https:\/\/api.w.org\/{rel}","templated":true}]}}