{"id":200,"date":"2024-02-15T23:34:00","date_gmt":"2024-02-15T22:34:00","guid":{"rendered":"http:\/\/wordpress.nibis.de\/gswarmsen\/?page_id=200"},"modified":"2026-04-10T13:10:46","modified_gmt":"2026-04-10T11:10:46","slug":"2-halbjahr","status":"publish","type":"page","link":"https:\/\/wordpress.nibis.de\/gswarmsen\/2-halbjahr\/","title":{"rendered":"2. Halbjahr"},"content":{"rendered":"\n<p class=\"has-text-align-center\">Termine 2. Halbjahr 2025\/26<\/p>\n\n\n\n<table style=\"width: 100%;height: 3323px\" width=\"407\">\n<tbody>\n<tr style=\"height: 97px\">\n<td style=\"height: 97px;width: 100%\" width=\"407\">04.02.<br \/><br \/>Erster Schultag nach den Zeugnisferien<br \/>Alle Klassen nach Stundenplan<\/td>\n<\/tr>\n<tr style=\"height: 27px\">\n<td style=\"height: 27px;width: 100%\">\u00a0<\/td>\n<\/tr>\n<tr style=\"height: 74px\">\n<td style=\"height: 74px;width: 100%\" width=\"407\">11.02. vormittags<br \/><br \/>Matheolympiade 2. Runde<\/td>\n<\/tr>\n<tr style=\"height: 19px\">\n<td style=\"width: 100%;height: 19px\">\u00a0<\/td>\n<\/tr>\n<tr style=\"height: 58px\">\n<td style=\"width: 100%;height: 58px\">16.02. vormittags<br \/><br \/>Rosenmontag in der GS Warmsen<\/td>\n<\/tr>\n<tr style=\"height: 19px\">\n<td style=\"width: 100%;height: 19px\">\u00a0<\/td>\n<\/tr>\n<tr style=\"height: 58px\">\n<td style=\"width: 100%;height: 58px\" width=\"407\">17.02. vormittags<br \/><br \/>Zahn\u00e4rztliche Prophylaxe f\u00fcr alle Klassen<\/td>\n<\/tr>\n<tr style=\"height: 19px\">\n<td style=\"width: 100%;height: 19px\">\u00a0<\/td>\n<\/tr>\n<tr style=\"height: 58px\">\n<td style=\"width: 100%;height: 58px\">18.02. vormittags<br \/><br \/>Zahn\u00e4rztliche Prophylaxe f\u00fcr alle Klassen<\/td>\n<\/tr>\n<tr style=\"height: 19px\">\n<td style=\"width: 100%;height: 19px\">\u00a0<\/td>\n<\/tr>\n<tr style=\"height: 58px\">\n<td style=\"width: 100%;height: 58px\">25.02. vormittags<br \/><br \/>Klasse 3 &#8211; Mein K\u00f6rper geh\u00f6rt mir \/ Sozialprojekt<\/td>\n<\/tr>\n<tr style=\"height: 19px\">\n<td style=\"width: 100%;height: 19px\">\u00a0<\/td>\n<\/tr>\n<tr style=\"height: 19px\">\n<td style=\"width: 100%;height: 19px\">27.02. vormittags<br \/><br \/>Klassen 2 bis 4 &#8211; Klasse2000 \/ Sozialprojekt<\/td>\n<\/tr>\n<tr style=\"height: 27px\">\n<td style=\"height: 27px;width: 100%\">\u00a0<\/td>\n<\/tr>\n<tr style=\"height: 74px\">\n<td style=\"height: 74px;width: 100%\" width=\"407\">22.03.\u00a0<br \/><br \/>letzter Schultag vor den Osterferien<br \/>Alle Klassen nach Stundenplan mit Betreuung und Ganztag<\/td>\n<\/tr>\n<tr style=\"height: 19px\">\n<td style=\"width: 100%;height: 19px\">\u00a0<\/td>\n<\/tr>\n<tr style=\"height: 58px\">\n<td style=\"width: 100%;height: 58px\">23.03. bis 07.04.<br \/><br \/>Osterferien<\/td>\n<\/tr>\n<tr style=\"height: 19px\">\n<td style=\"width: 100%;height: 19px\">\u00a0<\/td>\n<\/tr>\n<tr style=\"height: 58px\">\n<td style=\"width: 100%;height: 58px\">08.04.<br \/><br \/>erster Schultag nach Osterferien mit neuem Stundenplan<\/td>\n<\/tr>\n<tr style=\"height: 19px\">\n<td style=\"width: 100%;height: 19px\">\u00a0<\/td>\n<\/tr>\n<tr style=\"height: 39px\">\n<td style=\"width: 100%;height: 39px\">08.04. 18:30 Uhr<br \/>Klassen 4a und 4b &#8211; Elterninformationsabend zur Klassenfahrt<\/td>\n<\/tr>\n<tr style=\"height: 27px\">\n<td style=\"height: 27px;width: 100%\">\u00a0<\/td>\n<\/tr>\n<tr style=\"height: 74px\">\n<td style=\"height: 74px;width: 100%\" width=\"407\">13.04. nachmittags<br \/><br \/>Schuleingangsuntersuchung Schulanf\u00e4nger 2026\/27<\/td>\n<\/tr>\n<tr style=\"height: 27px\">\n<td style=\"height: 27px;width: 100%\">\u00a0<\/td>\n<\/tr>\n<tr style=\"height: 74px\">\n<td style=\"height: 74px;width: 100%\" width=\"407\">14.04. nachmittags<br \/><br \/>Schuleingangsuntersuchung Schulanf\u00e4nger 2026\/27<\/td>\n<\/tr>\n<tr style=\"height: 27px\">\n<td style=\"height: 27px;width: 100%\">\u00a0<\/td>\n<\/tr>\n<tr style=\"height: 74px\">\n<td style=\"height: 74px;width: 100%\" width=\"407\">15.04. vormittags<br \/><br \/>Matheolympiade &#8211; 3. Runde<\/td>\n<\/tr>\n<tr style=\"height: 27px\">\n<td style=\"height: 27px;width: 100%\">\u00a0<\/td>\n<\/tr>\n<tr style=\"height: 58px\">\n<td style=\"width: 100%;height: 58px\">20.04. bis 24.04.<br \/><br \/>Klassen 4a und 4b &#8211; Klassenfahrt<\/td>\n<\/tr>\n<tr style=\"height: 19px\">\n<td style=\"width: 100%;height: 19px\">\u00a0<\/td>\n<\/tr>\n<tr style=\"height: 74px\">\n<td style=\"height: 74px;width: 100%\" width=\"407\">27.04. nachmittags<br \/><br \/>Blutspenden<\/td>\n<\/tr>\n<tr>\n<td style=\"width: 100%\">\u00a0<\/td>\n<\/tr>\n<tr>\n<td style=\"width: 100%\">01.05.<br \/><br \/>Feiertag &#8211; kein Unterricht<\/td>\n<\/tr>\n<tr style=\"height: 27px\">\n<td style=\"height: 27px;width: 100%\">\u00a0<\/td>\n<\/tr>\n<tr style=\"height: 74px\">\n<td style=\"height: 74px;width: 100%\" width=\"407\">07.05.<br \/><br \/>Klassen 4a und 4b &#8211; Projekt Busschule<\/td>\n<\/tr>\n<tr style=\"height: 27px\">\n<td style=\"height: 27px;width: 100%\">\u00a0<\/td>\n<\/tr>\n<tr style=\"height: 74px\">\n<td style=\"height: 74px;width: 100%\" width=\"407\">14.05 und 15.05.<br \/><br \/>Christi Himmelfahrt und Br\u00fcckentag &#8211; schulfrei<\/td>\n<\/tr>\n<tr style=\"height: 27px\">\n<td style=\"height: 27px;width: 100%\">\u00a0<\/td>\n<\/tr>\n<tr style=\"height: 74px\">\n<td style=\"height: 74px;width: 100%\" width=\"407\">20.05. vormittags<br \/><br \/>Klassen 1a, 1b, 2a &#8211; Klasse2000 \/ Sozialprojekt<\/td>\n<\/tr>\n<tr style=\"height: 27px\">\n<td style=\"height: 27px;width: 100%\">\u00a0<\/td>\n<\/tr>\n<tr>\n<td style=\"width: 100%\">21.05. 9:00 Uhr bis 11:00 Uhr in Diepenau<br \/><br \/>Klassen 4a, 4b &#8211; Die Pr\u00e4ventionspuppenb\u00fchne der Polizeidirektion G\u00f6ttingen vermittelt Kindern polizeiliche Pr\u00e4ventionsbotschaften zum Schwerpunktthema Mediensicherheit mit der Methode Puppenspiel.<\/td>\n<\/tr>\n<tr>\n<td style=\"width: 100%\">\u00a0<\/td>\n<\/tr>\n<tr style=\"height: 74px\">\n<td style=\"height: 74px;width: 100%\" width=\"407\">25.05. bis 26.05. <br \/><br \/>Pfingsten und Br\u00fcckentag &#8211; schulfrei<\/td>\n<\/tr>\n<tr style=\"height: 27px\">\n<td style=\"height: 27px;width: 100%\">\u00a0<\/td>\n<\/tr>\n<tr style=\"height: 74px\">\n<td style=\"height: 74px;width: 100%\" width=\"407\">27.05. vormittags<br \/><br \/>Klassen 3a, 4a, 4b &#8211; Klasse2000 \/ Sozialprojekt<\/td>\n<\/tr>\n<tr>\n<td style=\"width: 100%\">\u00a0<\/td>\n<\/tr>\n<tr>\n<td style=\"width: 100%\">29.05. vormittags<br \/><br \/>Klassen 4a und 4b: Besuch der Biogasanlage<\/td>\n<\/tr>\n<tr style=\"height: 27px\">\n<td style=\"height: 27px;width: 100%\">\u00a0<\/td>\n<\/tr>\n<tr style=\"height: 74px\">\n<td style=\"height: 74px;width: 100%\" width=\"407\">02.06. vormittags<br \/><br \/>Klassen 4a und 4b: Radfahrpr\u00fcfung<\/td>\n<\/tr>\n<tr style=\"height: 19px\">\n<td style=\"width: 100%;height: 19px\">\u00a0<\/td>\n<\/tr>\n<tr style=\"height: 58px\">\n<td style=\"width: 100%;height: 58px\">09.06. 17:00 Uhr<br \/><br \/>Fachkonferenzen, Gesamtkonferenz und Schulvorstand<\/td>\n<\/tr>\n<tr style=\"height: 19px\">\n<td style=\"width: 100%;height: 19px\">\u00a0<\/td>\n<\/tr>\n<tr style=\"height: 58px\">\n<td style=\"width: 100%;height: 58px\">11.06.\u00a0vormittags<br \/><br \/>Klassen 3a, 4a, 4b &#8211; Klasse2000 \/ Sozialprojekt<\/td>\n<\/tr>\n<tr style=\"height: 27px\">\n<td style=\"height: 27px;width: 100%\">\u00a0<\/td>\n<\/tr>\n<tr style=\"height: 74px\">\n<td style=\"height: 74px;width: 100%\" width=\"407\">12.06. vormittags bis 12.30 Uhr<br \/><br \/>Bundesjugendspiele<\/td>\n<\/tr>\n<tr style=\"height: 19px\">\n<td style=\"width: 100%;height: 19px\">\u00a0<\/td>\n<\/tr>\n<tr style=\"height: 19px\">\n<td style=\"width: 100%;height: 19px\">18.06. vormittags<br \/><br \/>Klassen 1a, 1b, 2a &#8211; Klasse2000 \/ Sozialprojekt<\/td>\n<\/tr>\n<tr style=\"height: 19px\">\n<td style=\"width: 100%;height: 19px\">\u00a0<\/td>\n<\/tr>\n<tr style=\"height: 58px\">\n<td style=\"width: 100%;height: 58px\">18.06. von 08:50 Uhr bis 10:45 Uhr<br \/><br \/>Schnuppertag der Schulanf\u00e4ngerkinder 2026\/27<\/td>\n<\/tr>\n<tr style=\"height: 27px\">\n<td style=\"height: 27px;width: 100%\">\u00a0<\/td>\n<\/tr>\n<tr style=\"height: 74px\">\n<td style=\"height: 74px;width: 100%\" width=\"407\">19.06. vormittags bis 12.30 Uhr<br \/><br \/>Bundesjugendspiele &#8211; Ausweichtermin<\/td>\n<\/tr>\n<tr style=\"height: 27px\">\n<td style=\"height: 27px;width: 100%\">\u00a0<\/td>\n<\/tr>\n<tr>\n<td style=\"width: 100%\">22.06. nachmittags<br \/><br \/>Zeugniskonferenzen &#8211; alle Klassen<\/td>\n<\/tr>\n<tr>\n<td style=\"width: 100%\">\u00a0<\/td>\n<\/tr>\n<tr style=\"height: 74px\">\n<td style=\"height: 74px;width: 100%\" width=\"407\">22.06. bis 26.06.<br \/><br \/>Lesewoche &#8211; alle Klassen<\/td>\n<\/tr>\n<tr style=\"height: 27px\">\n<td style=\"height: 27px;width: 100%\">\u00a0<\/td>\n<\/tr>\n<tr style=\"height: 74px\">\n<td style=\"height: 74px;width: 100%\" width=\"407\">30.06. ab 10:00 Uhr<br \/><br \/>Abschlussfeier mit den Schulkindern<\/td>\n<\/tr>\n<tr style=\"height: 27px\">\n<td style=\"height: 27px;width: 100%\">\u00a0<\/td>\n<\/tr>\n<tr style=\"height: 74px\">\n<td style=\"height: 74px;width: 100%\" width=\"407\">30.06. ab 18:00 Uhr<br \/><br \/>Abschlussfeier mit Eltern\/Familie<\/td>\n<\/tr>\n<tr style=\"height: 27px\">\n<td style=\"height: 27px;width: 100%\">\u00a0<\/td>\n<\/tr>\n<tr style=\"height: 97px\">\n<td style=\"height: 97px;width: 100%\" width=\"407\">31.06. &#8211; 10:35 Uhr<br \/><br \/>Zeugnisausgabe und letzter Schultag<br \/>keine Betreuung und kein Ganztag<\/td>\n<\/tr>\n<tr style=\"height: 27px\">\n<td style=\"height: 27px;width: 100%\" width=\"407\">\u00a0<\/td>\n<\/tr>\n<tr style=\"height: 74px\">\n<td style=\"height: 74px;width: 100%\" width=\"407\">01.07. bis 12.08.<br \/><br \/>Sommerferien<\/td>\n<\/tr>\n<tr style=\"height: 27px\">\n<td style=\"height: 27px;width: 100%\">\u00a0<\/td>\n<\/tr>\n<tr style=\"height: 97px\">\n<td style=\"height: 97px;width: 100%\" width=\"407\">13.08.<br \/><br \/>erster Schultag f\u00fcr Klassen 2 bis 4<br \/>die Schulanf\u00e4ngerkinder 2026\/27 haben noch keinen Unterricht<\/td>\n<\/tr>\n<tr style=\"height: 27px\">\n<td style=\"height: 27px;width: 100%\" width=\"407\">\u00a0<\/td>\n<\/tr>\n<tr style=\"height: 74px\">\n<td style=\"height: 74px;width: 100%\" width=\"407\">15.08.<br \/><br \/>Einschulungsfeier f\u00fcr Schulanf\u00e4ngerkinder 2026\/27<\/td>\n<\/tr>\n<tr style=\"height: 27px\">\n<td style=\"height: 27px;width: 100%\">\u00a0<\/td>\n<\/tr>\n<\/tbody>\n<\/table>\n","protected":false},"excerpt":{"rendered":"<p>Termine 2. Halbjahr 2025\/26 04.02. Erster Schultag nach den ZeugnisferienAlle Klassen nach Stundenplan \u00a0 11.02. vormittags Matheolympiade 2. Runde \u00a0 16.02. vormittags Rosenmontag in der GS Warmsen \u00a0 17.02. vormittags Zahn\u00e4rztliche Prophylaxe f\u00fcr alle Klassen \u00a0 18.02. vormittags Zahn\u00e4rztliche Prophylaxe &hellip; <a href=\"https:\/\/wordpress.nibis.de\/gswarmsen\/2-halbjahr\/\">Weiterlesen <span class=\"meta-nav\">&rarr;<\/span><\/a><\/p>\n","protected":false},"author":9192574,"featured_media":0,"parent":0,"menu_order":0,"comment_status":"closed","ping_status":"closed","template":"","meta":{"footnotes":""},"class_list":["post-200","page","type-page","status-publish","hentry"],"_links":{"self":[{"href":"https:\/\/wordpress.nibis.de\/gswarmsen\/wp-json\/wp\/v2\/pages\/200","targetHints":{"allow":["GET"]}}],"collection":[{"href":"https:\/\/wordpress.nibis.de\/gswarmsen\/wp-json\/wp\/v2\/pages"}],"about":[{"href":"https:\/\/wordpress.nibis.de\/gswarmsen\/wp-json\/wp\/v2\/types\/page"}],"author":[{"embeddable":true,"href":"https:\/\/wordpress.nibis.de\/gswarmsen\/wp-json\/wp\/v2\/users\/9192574"}],"replies":[{"embeddable":true,"href":"https:\/\/wordpress.nibis.de\/gswarmsen\/wp-json\/wp\/v2\/comments?post=200"}],"version-history":[{"count":120,"href":"https:\/\/wordpress.nibis.de\/gswarmsen\/wp-json\/wp\/v2\/pages\/200\/revisions"}],"predecessor-version":[{"id":2656,"href":"https:\/\/wordpress.nibis.de\/gswarmsen\/wp-json\/wp\/v2\/pages\/200\/revisions\/2656"}],"wp:attachment":[{"href":"https:\/\/wordpress.nibis.de\/gswarmsen\/wp-json\/wp\/v2\/media?parent=200"}],"curies":[{"name":"wp","href":"https:\/\/api.w.org\/{rel}","templated":true}]}}