{"id":24,"date":"2018-10-09T13:31:00","date_gmt":"2018-10-09T11:31:00","guid":{"rendered":"http:\/\/wordpress.nibis.de\/gswarmsen\/?page_id=24"},"modified":"2023-05-19T13:42:11","modified_gmt":"2023-05-19T11:42:11","slug":"grundschule-allgemein","status":"publish","type":"page","link":"https:\/\/wordpress.nibis.de\/gswarmsen\/grundschule-allgemein\/","title":{"rendered":"Grundschule allgemein"},"content":{"rendered":"<p><strong>Grundschule allgemein<\/strong><\/p>\n<p>Die Grundschule in Niedersachsen (auch Primarbereich) ist eine eigenst\u00e4ndige Schulart. In ihr sind die ersten vier Schuljahre zu zwei gr\u00f6\u00dferen Einheiten zusammengefasst:<\/p>\n<p>&#8211; 1. und 2. Schuljahr sowie<br \/>\n&#8211; 3. und 4. Schuljahr.<\/p>\n<p>Der Unterricht in den Klassen 1 und 2 kn\u00fcpft unmittelbar an die kindliche Lebenswelt an und ber\u00fccksichtigt M\u00f6glichkeiten kindgem\u00e4\u00dfer Auseinandersetzung mit der Welt. In den Klassen 3 und 4 wird versucht, die Sch\u00fclerinnen und Sch\u00fcler zunehmend an systematisches Arbeiten heranzuf\u00fchren. Mehr und mehr sollen dabei die Anforderungen ber\u00fccksichtigt werden, auf die die Kinder im Sekundarbereich I (Klassen 5 bis 10) treffen. Damit ein m\u00f6glichst problemloser \u00dcbergang f\u00fcr alle Sch\u00fclerinnen und Sch\u00fcler geschaffen werden kann, findet regelm\u00e4\u00dfig ein Austausch zwischen den Lehrkr\u00e4ften unserer Schule mit den Erzieherinnen der Kinderg\u00e4rten (Elementarbereich) und den Lehrkr\u00e4ften der weiterf\u00fchrenden Schulen (Sekundarbereich I) statt.<\/p>\n","protected":false},"excerpt":{"rendered":"<p>Grundschule allgemein Die Grundschule in Niedersachsen (auch Primarbereich) ist eine eigenst\u00e4ndige Schulart. In ihr sind die ersten vier Schuljahre zu zwei gr\u00f6\u00dferen Einheiten zusammengefasst: &#8211; 1. und 2. Schuljahr sowie &#8211; 3. und 4. Schuljahr. Der Unterricht in den Klassen &hellip; <a href=\"https:\/\/wordpress.nibis.de\/gswarmsen\/grundschule-allgemein\/\">Weiterlesen <span class=\"meta-nav\">&rarr;<\/span><\/a><\/p>\n","protected":false},"author":9192574,"featured_media":0,"parent":0,"menu_order":0,"comment_status":"closed","ping_status":"closed","template":"","meta":{"footnotes":""},"class_list":["post-24","page","type-page","status-publish","hentry"],"_links":{"self":[{"href":"https:\/\/wordpress.nibis.de\/gswarmsen\/wp-json\/wp\/v2\/pages\/24","targetHints":{"allow":["GET"]}}],"collection":[{"href":"https:\/\/wordpress.nibis.de\/gswarmsen\/wp-json\/wp\/v2\/pages"}],"about":[{"href":"https:\/\/wordpress.nibis.de\/gswarmsen\/wp-json\/wp\/v2\/types\/page"}],"author":[{"embeddable":true,"href":"https:\/\/wordpress.nibis.de\/gswarmsen\/wp-json\/wp\/v2\/users\/9192574"}],"replies":[{"embeddable":true,"href":"https:\/\/wordpress.nibis.de\/gswarmsen\/wp-json\/wp\/v2\/comments?post=24"}],"version-history":[{"count":2,"href":"https:\/\/wordpress.nibis.de\/gswarmsen\/wp-json\/wp\/v2\/pages\/24\/revisions"}],"predecessor-version":[{"id":2202,"href":"https:\/\/wordpress.nibis.de\/gswarmsen\/wp-json\/wp\/v2\/pages\/24\/revisions\/2202"}],"wp:attachment":[{"href":"https:\/\/wordpress.nibis.de\/gswarmsen\/wp-json\/wp\/v2\/media?parent=24"}],"curies":[{"name":"wp","href":"https:\/\/api.w.org\/{rel}","templated":true}]}}