{"id":2668,"date":"2026-04-19T11:54:54","date_gmt":"2026-04-19T09:54:54","guid":{"rendered":"https:\/\/wordpress.nibis.de\/gswarmsen\/?page_id=2668"},"modified":"2026-04-19T18:32:25","modified_gmt":"2026-04-19T16:32:25","slug":"000_moin","status":"publish","type":"page","link":"https:\/\/wordpress.nibis.de\/gswarmsen\/","title":{"rendered":"Moin"},"content":{"rendered":"\n<p>Sch\u00f6n, dass ihr uns gefunden habt.<\/p>\n<p>Unter den \u00dcberschriften haben wir alle wichtigen Informationen gesammelt.<br \/>Viel Spa\u00df beim St\u00f6bern.\u00a0<\/p>\n\n\n","protected":false},"excerpt":{"rendered":"<p>Sch\u00f6n, dass ihr uns gefunden habt. Unter den \u00dcberschriften haben wir alle wichtigen Informationen gesammelt.Viel Spa\u00df beim St\u00f6bern.\u00a0<\/p>\n","protected":false},"author":9192574,"featured_media":0,"parent":0,"menu_order":0,"comment_status":"closed","ping_status":"closed","template":"","meta":{"footnotes":""},"class_list":["post-2668","page","type-page","status-publish","hentry"],"_links":{"self":[{"href":"https:\/\/wordpress.nibis.de\/gswarmsen\/wp-json\/wp\/v2\/pages\/2668","targetHints":{"allow":["GET"]}}],"collection":[{"href":"https:\/\/wordpress.nibis.de\/gswarmsen\/wp-json\/wp\/v2\/pages"}],"about":[{"href":"https:\/\/wordpress.nibis.de\/gswarmsen\/wp-json\/wp\/v2\/types\/page"}],"author":[{"embeddable":true,"href":"https:\/\/wordpress.nibis.de\/gswarmsen\/wp-json\/wp\/v2\/users\/9192574"}],"replies":[{"embeddable":true,"href":"https:\/\/wordpress.nibis.de\/gswarmsen\/wp-json\/wp\/v2\/comments?post=2668"}],"version-history":[{"count":3,"href":"https:\/\/wordpress.nibis.de\/gswarmsen\/wp-json\/wp\/v2\/pages\/2668\/revisions"}],"predecessor-version":[{"id":2784,"href":"https:\/\/wordpress.nibis.de\/gswarmsen\/wp-json\/wp\/v2\/pages\/2668\/revisions\/2784"}],"wp:attachment":[{"href":"https:\/\/wordpress.nibis.de\/gswarmsen\/wp-json\/wp\/v2\/media?parent=2668"}],"curies":[{"name":"wp","href":"https:\/\/api.w.org\/{rel}","templated":true}]}}