{"id":269,"date":"2019-03-07T20:05:30","date_gmt":"2019-03-07T19:05:30","guid":{"rendered":"https:\/\/wordpress.nibis.de\/gswarmsen\/?page_id=269"},"modified":"2019-03-07T20:05:30","modified_gmt":"2019-03-07T19:05:30","slug":"schulordnung","status":"publish","type":"page","link":"https:\/\/wordpress.nibis.de\/gswarmsen\/schulordnung\/","title":{"rendered":"Schulordnung"},"content":{"rendered":"\n<p><strong>Schulordnung der Grundschule Warmsen<\/strong><\/p>\n\n\n\n<p>Wir achten einander und wollen miteinander arbeiten und lernen. Daf\u00fcr\n gibt es an unserer Schule einige Regeln, die jeder einhalten soll.<\/p>\n\n\n\n<ul class=\"wp-block-list\"><li>Streitigkeiten kl\u00e4ren wir gewaltfrei in Gespr\u00e4chen.<\/li><li>Wir behandeln die Einrichtungsgegenst\u00e4nde, M\u00f6bel, B\u00fccher, Spiele, &#8230; schonend.<\/li><li>In den Klassen und auf den Fluren rennen und toben wir nicht.<\/li><li>Alle Kinder tragen in den Klassenr\u00e4umen grunds\u00e4tzlich Hausschuhe.<\/li><li>Nach dem Klingeln gehen wir alle z\u00fcgig in die Pause und nach Pausenende zur\u00fcck in die Klasse.<\/li><li>In Regenpausen besch\u00e4ftigen sich alle Kinder leise in ihren Klassenraum.<\/li><li>Wir verlassen das Schulgel\u00e4nde w\u00e4hrend der Unterrichtszeit nicht Aufsicht.<\/li><\/ul>\n\n\n\n<p>Alle Sch\u00fclerinnen und Sch\u00fcler und Lehrkr\u00e4fte achten gemeinsam auf die Einhaltung der Schulordnung.<\/p>\n\n\n\n<p>Es kann immer einmal zu Streit, \u00c4rger oder Problem kommen.<\/p>\n\n\n\n<p>Nat\u00fcrlich kann man diese nur durch Gespr\u00e4che kl\u00e4ren und gemeinsam \neine L\u00f6sung finden. Deshalb werden wir grunds\u00e4tzlich mit dir \/ euch \nsprechen.<\/p>\n\n\n\n<ul class=\"wp-block-list\"><li>Du hast dich mit einem anderen Kind gestritten. Wenn du dich so \nstreitest, dass ein anderer gest\u00f6rt wurde oder sich erschreckt oder \nsogar Angst vor dir bekommen hat, solltest du erst mal \u00fcberlegen, ob das\n sein musste!<\/li><\/ul>\n\n\n\n<p>Dazu musst du einen Streitbericht ausf\u00fcllen.<\/p>\n\n\n\n<ul class=\"wp-block-list\"><li>Hast du jemanden verletzt, musst du auch einen Entschuldigungsbrief schreiben oder ein Entschuldigungsbild malen.<\/li><li>Hast du groben Unfug gemacht, indem du etwas zerst\u00f6rt oder stark \nverschmutzt hast, musst du es ersetzen oder reinigen und zur Strafe dem \nHausmeister helfen.<\/li><li>Hast du gegen die Schulordnung versto\u00dfen, wirst du die betreffende Regel sauber und fehlerfrei abschreiben.<\/li><\/ul>\n\n\n\n<p>Wenn du \u00f6fter ermahnt werden musst und dich nicht besserst, wird es ernst: <br>Dann entscheidet die Klassenkonferenz \u00fcber Erziehungs- und Ordnungsma\u00dfnahmen! <\/p>\n\n\n\n<p><\/p>\n\n\n\n<p><br><\/p>\n","protected":false},"excerpt":{"rendered":"<p>Schulordnung der Grundschule Warmsen Wir achten einander und wollen miteinander arbeiten und lernen. Daf\u00fcr gibt es an unserer Schule einige Regeln, die jeder einhalten soll. Streitigkeiten kl\u00e4ren wir gewaltfrei in Gespr\u00e4chen. Wir behandeln die Einrichtungsgegenst\u00e4nde, M\u00f6bel, B\u00fccher, Spiele, &#8230; schonend. &hellip; <a href=\"https:\/\/wordpress.nibis.de\/gswarmsen\/schulordnung\/\">Weiterlesen <span class=\"meta-nav\">&rarr;<\/span><\/a><\/p>\n","protected":false},"author":9192574,"featured_media":0,"parent":0,"menu_order":0,"comment_status":"closed","ping_status":"closed","template":"","meta":{"footnotes":""},"class_list":["post-269","page","type-page","status-publish","hentry"],"_links":{"self":[{"href":"https:\/\/wordpress.nibis.de\/gswarmsen\/wp-json\/wp\/v2\/pages\/269","targetHints":{"allow":["GET"]}}],"collection":[{"href":"https:\/\/wordpress.nibis.de\/gswarmsen\/wp-json\/wp\/v2\/pages"}],"about":[{"href":"https:\/\/wordpress.nibis.de\/gswarmsen\/wp-json\/wp\/v2\/types\/page"}],"author":[{"embeddable":true,"href":"https:\/\/wordpress.nibis.de\/gswarmsen\/wp-json\/wp\/v2\/users\/9192574"}],"replies":[{"embeddable":true,"href":"https:\/\/wordpress.nibis.de\/gswarmsen\/wp-json\/wp\/v2\/comments?post=269"}],"version-history":[{"count":1,"href":"https:\/\/wordpress.nibis.de\/gswarmsen\/wp-json\/wp\/v2\/pages\/269\/revisions"}],"predecessor-version":[{"id":270,"href":"https:\/\/wordpress.nibis.de\/gswarmsen\/wp-json\/wp\/v2\/pages\/269\/revisions\/270"}],"wp:attachment":[{"href":"https:\/\/wordpress.nibis.de\/gswarmsen\/wp-json\/wp\/v2\/media?parent=269"}],"curies":[{"name":"wp","href":"https:\/\/api.w.org\/{rel}","templated":true}]}}