{"id":272,"date":"2019-03-07T20:35:39","date_gmt":"2019-03-07T19:35:39","guid":{"rendered":"https:\/\/wordpress.nibis.de\/gswarmsen\/?page_id=272"},"modified":"2026-04-08T19:07:59","modified_gmt":"2026-04-08T17:07:59","slug":"stundentafel-an-unserer-schule","status":"publish","type":"page","link":"https:\/\/wordpress.nibis.de\/gswarmsen\/stundentafel-an-unserer-schule\/","title":{"rendered":"Stundentafel an unserer Schule"},"content":{"rendered":"\n<p><\/p>\n\n\n\n<p>Der Unterricht in der Klasse 1 und 2 wird mit \u201eErstunterricht&#8220; (EU)  bezeichnet. Die Anzahl der Stunden in der Stundentafel gibt an, welche  Zeitanteile f\u00fcr das einzelne Fach eingehalten werden sollen.<\/p>\n\n\n\n<p>Ab dem Schuljahr 2024\/25 wurde zus\u00e4tzliche Lernzeit eingef\u00fchrt. Diese zus\u00e4tzliche Lernzeit ist nicht an ein konkretes Unterrichtsfach wie Mathematik oder Deutsch gekn\u00fcpft, sondern soll als \u201eSichere Basis\u201c daf\u00fcr sorgen, mathematische und sprachliche Basiskompetenzen sowie auch sozial-emotionale Kompetenzen zu st\u00e4rken.<\/p>\n\n\n\n<figure class=\"wp-block-table\"><table><tbody><tr><td>Fach \/ Fachbereich<\/td><td>Klasse 1<\/td><td>Klasse 2<\/td><td>Klasse 3<\/td><td>Klasse 4<\/td><\/tr><tr><td>Sichere Basis<\/td><td> 2<\/td><td> 1<\/td><td> &#8211;<\/td><td>&#8211;<\/td><\/tr><tr><td>Deutsch\n<\/td><td>\n6\n<\/td><td>\n6\n<\/td><td> 6 <\/td><td> 6 <\/td><\/tr><tr><td>\nMathematik\n<\/td><td> 5 <\/td><td>\n6\n<\/td><td>\n5\n<\/td><td>\n5\n<\/td><\/tr><tr><td>\nSachunterricht\n<\/td><td>\n2\n<\/td><td>\n3\n<\/td><td>\n4\n<\/td><td>\n4\n<\/td><\/tr><tr><td>\nEnglisch\n<\/td><td>\n&#8211;\n<\/td><td>\n&#8211;\n<\/td><td>\n2\n<\/td><td>\n2\n<\/td><\/tr><tr><td>\nSport   (Schwimmen)\n<\/td><td>\n2\n<\/td><td>\n2\n<\/td><td>\n2\n<\/td><td>\n2\n<\/td><\/tr><tr><td>\nReligion\n<\/td><td>\n2\n<\/td><td>\n2\n<\/td><td>\n2\n<\/td><td>\n2\n<\/td><\/tr><tr><td>\nMusik\/Kunst\/<br> Textiles Gestalten\/<br> Gestalt. Werken\n<\/td><td>\n3\n<\/td><td>\n3\n<\/td><td>\n4\n<\/td><td>\n4\n<\/td><\/tr><tr><td>\nAG\n<\/td><td>\n&#8211;\n<\/td><td>\n&#8211;\n<\/td><td>\n1\n<\/td><td>1<\/td><\/tr><\/tbody><\/table><\/figure>\n\n\n\n<p>Wir finden es wichtig, neben Lesen, Schreiben und Rechnen auch die  k\u00f6rperliche und seelische Gesundheit der Sch\u00fclerinnen und Sch\u00fcler zu  f\u00f6rdern. Deshalb hat die Gesamtkonferenz der Schule beschlossen,  weitgehend K\u00fcrzungen in den Bereichen Sport und Religion zu vermeiden.<br>Mobilit\u00e4t ist kein eigenes Schulfach, sondern wird im Rahmen aller F\u00e4cher ber\u00fccksichtigt. <br>Hinzu kommt als freiwilliges Angebot der Schule nach Verf\u00fcgbarkeit noch  der F\u00f6rderunterricht in den F\u00e4chern Deutsch, Mathematik und Sport.<\/p>\n\n\n\n<p>In der 1. Stunde und der 5. Stunde wird im Zuge der Verl\u00e4sslichen Grundschule eine <a href=\"https:\/\/wordpress.nibis.de\/gswarmsen\/das-betreuungskonzept-der-gs-warmsen\/\">Betreuung<\/a> angeboten. Die Kinder k\u00f6nnen zus\u00e4tzlich in der 6. Stunde die Lernzeit besuchen, w\u00e4hrenddessen die Kinder ihre Hausaufgaben und \u00dcbungen machen k\u00f6nnen. Oft k\u00f6nnen Fragen und Probleme gekl\u00e4rt werden. Die Aufsichten haken nach M\u00f6glichkeit die gemachten Aufgaben ab bzw. geben Hinweise zur weiteren Bearbeitung. Eltern und Kinder haben somit t\u00e4glich einen schnellen \u00dcberblick \u00fcber die erledigten Hausaufgaben und \u00dcbungen. Das grunds\u00e4tzliche \u00dcben und Lernen wie das wiederholte Lesen und die notwendigen \u00dcbungen zum Rechnen k\u00f6nnen nat\u00fcrlich in dieser Zeit nicht gemacht bzw. begleitet und gepr\u00fcft werden und bleiben weiterhin Aufgabe f\u00fcr das Elternhaus.<\/p>\n\n\n\n<p>Von 13:25 Uhr bis 15:40 Uhr l\u00e4uft das Angebot der <a href=\"https:\/\/wordpress.nibis.de\/gswarmsen\/ganztag\/\">Ganztagsbetreuung<\/a>, zu der die Kinder verbindlich wochentagsweise bis 15:40 Uhr bzw. &#8211; neu ab 2024\/25 &#8211; bis 14:55 Uhr angemeldet werden k\u00f6nnen.<\/p>\n\n\n\n<p>Im Ganztagsbereich werden nach M\u00f6glichkeit regelm\u00e4\u00dfige Kurse wie Fl\u00f6ten und Trommeln angeboten und weitere Projekte (Brennbilder, sportliche und musische Aktivit\u00e4ten) durchgef\u00fchrt.<br><\/p>\n\n\n\n<p>Eine Unterrichtsstunde dauert 45 Minuten. Zu besonderen Anl\u00e4ssen k\u00f6nnen die Kinder zur 0. Stunde um 7:35 Uhr zum Unterricht bestellt werden. Die 1. Stunde beginnt um 8:00 Uhr. Die letzte Stunde endet um  13:25 Uhr. Dann folgt die Ganztagsbetreuung bis 15:40 Uhr.<br><\/p>\n\n\n\n<p>Zu diesen Zeiten kommen alle Busse:<br>0. Stunde, 1. Stunde, 4. Stunde, 5. Stunde, 6. Stunde und nach dem Ganztag um 15:40 Uhr<br>Besonderes:<br>Einige Busse fahren auch zur 2. Stunde. So k\u00f6nnen manche Klassen auch zur 2. Stunde kommen. Zum Ende des Ganztages fahren alle Busse, um 14:55 Uhr ist das nicht zwingend der Fall und muss von den Eltern entsprechend ber\u00fccksichtigt werden.<\/p>\n\n\n","protected":false},"excerpt":{"rendered":"<p>Der Unterricht in der Klasse 1 und 2 wird mit \u201eErstunterricht&#8220; (EU) bezeichnet. Die Anzahl der Stunden in der Stundentafel gibt an, welche Zeitanteile f\u00fcr das einzelne Fach eingehalten werden sollen. Ab dem Schuljahr 2024\/25 wurde zus\u00e4tzliche Lernzeit eingef\u00fchrt. Diese zus\u00e4tzliche Lernzeit ist nicht an ein konkretes Unterrichtsfach wie Mathematik oder Deutsch gekn\u00fcpft, sondern soll [&hellip;]<\/p>\n","protected":false},"author":9192574,"featured_media":0,"parent":0,"menu_order":0,"comment_status":"closed","ping_status":"closed","template":"","meta":{"footnotes":""},"class_list":["post-272","page","type-page","status-publish","hentry"],"_links":{"self":[{"href":"https:\/\/wordpress.nibis.de\/gswarmsen\/wp-json\/wp\/v2\/pages\/272","targetHints":{"allow":["GET"]}}],"collection":[{"href":"https:\/\/wordpress.nibis.de\/gswarmsen\/wp-json\/wp\/v2\/pages"}],"about":[{"href":"https:\/\/wordpress.nibis.de\/gswarmsen\/wp-json\/wp\/v2\/types\/page"}],"author":[{"embeddable":true,"href":"https:\/\/wordpress.nibis.de\/gswarmsen\/wp-json\/wp\/v2\/users\/9192574"}],"replies":[{"embeddable":true,"href":"https:\/\/wordpress.nibis.de\/gswarmsen\/wp-json\/wp\/v2\/comments?post=272"}],"version-history":[{"count":15,"href":"https:\/\/wordpress.nibis.de\/gswarmsen\/wp-json\/wp\/v2\/pages\/272\/revisions"}],"predecessor-version":[{"id":2629,"href":"https:\/\/wordpress.nibis.de\/gswarmsen\/wp-json\/wp\/v2\/pages\/272\/revisions\/2629"}],"wp:attachment":[{"href":"https:\/\/wordpress.nibis.de\/gswarmsen\/wp-json\/wp\/v2\/media?parent=272"}],"curies":[{"name":"wp","href":"https:\/\/api.w.org\/{rel}","templated":true}]}}