{"id":284,"date":"2019-03-07T20:48:20","date_gmt":"2019-03-07T19:48:20","guid":{"rendered":"https:\/\/wordpress.nibis.de\/gswarmsen\/?page_id=284"},"modified":"2022-11-06T14:01:33","modified_gmt":"2022-11-06T13:01:33","slug":"zusaetzliche-angebote","status":"publish","type":"page","link":"https:\/\/wordpress.nibis.de\/gswarmsen\/zusaetzliche-angebote\/","title":{"rendered":"Zus\u00e4tzliche Angebote"},"content":{"rendered":"\n<p>Zum Unterricht geh\u00f6rt auch eine AG-Stunde, die f\u00fcr die Klassen 3 und 4\n verbindlich vorgesehen ist. Diese AGs finden freitags in der 5. Stunde \nstatt.<\/p>\n\n\n\n<p>Wir freuen uns, dass wir f\u00fcr die AGs, aber auch f\u00fcr Aktionen im Ganztag Unterst\u00fctzung durch &#8222;Leute im Dorf&#8220; erhalten. <br>Und auch an dieser Stelle m\u00f6chten wir daf\u00fcr werben, dass auch SIE \u00fcber ein Angebot nachdenken, mit dem Sie sich und den Kindern eine freudvolle Zeit g\u00f6nnen k\u00f6nnen. <br>Egal, ob Sie regelm\u00e4\u00dfig mit Kindern &#8222;arbeiten&#8220; m\u00f6chten, oder f\u00fcr einen abgeschlossenen Zeitrahmen; sprechen Sie mit Ihnen bekannten Menschen unserer Schulgemeinschaft. Wir freuen uns \u00fcber jedes Projekt!<\/p>\n\n\n\n<p>M\u00f6gliche Inhalte der AGs sind:<br>Doppelkopf<br>Kindergarten<br>Nadel und Faden<br>Schach<br>Sch\u00fclerzeitung<br>Schmuckbasteln<br>Sport allgemein<br>Tischtennis<br>Theater<br>Wettkampfspiele<br>&#8230;<br><br>Die Kinder unserer Schule haben weiterhin die M\u00f6glichkeit, neben den Unterrichtsstunden freiwillig zus\u00e4tzliche Aktivit\u00e4ten zu w\u00e4hlen, die immer wieder nach M\u00f6glichkeit angeboten werden.<\/p>\n\n\n\n<p>Ein immer wechselndes Angebot wird durch unsere &#8222;Bufdis&#8220; organisiert. Auch Praktikantinnen und Praktikanten k\u00f6nnen besondere Aktionen anbieten, genau so wie die &#8222;Menschen im Dorf&#8220;, die schon jetzt am Schulleben und damit an der Entwicklung der Kinder teilnehmen und regelm\u00e4\u00dfig oder zeitlich begrenzt ein Angebot im Nachmittagsbereich anbieten. <br>So fanden z.B. schon AGs und KOOP-Angebote wie Tischtennis, das Erstellen von Brennbildern mit L\u00f6tkolben, Seile drehen oder Back- und Kochaktionen statt.<\/p>\n\n\n\n<p>Wenn <strong>Sie<\/strong> gerne mit Kindern arbeiten und eine sch\u00f6ne Idee haben, sprechen Sie uns an &#8211; wir finden bestimmt eine passende M\u00f6glichkeit, den Kindern ein weiteres tolles Projekt zu erm\u00f6glichen.<\/p>\n","protected":false},"excerpt":{"rendered":"<p>Zum Unterricht geh\u00f6rt auch eine AG-Stunde, die f\u00fcr die Klassen 3 und 4 verbindlich vorgesehen ist. Diese AGs finden freitags in der 5. Stunde statt. Wir freuen uns, dass wir f\u00fcr die AGs, aber auch f\u00fcr Aktionen im Ganztag Unterst\u00fctzung &hellip; <a href=\"https:\/\/wordpress.nibis.de\/gswarmsen\/zusaetzliche-angebote\/\">Weiterlesen <span class=\"meta-nav\">&rarr;<\/span><\/a><\/p>\n","protected":false},"author":9192574,"featured_media":0,"parent":0,"menu_order":0,"comment_status":"closed","ping_status":"closed","template":"","meta":{"footnotes":""},"class_list":["post-284","page","type-page","status-publish","hentry"],"_links":{"self":[{"href":"https:\/\/wordpress.nibis.de\/gswarmsen\/wp-json\/wp\/v2\/pages\/284","targetHints":{"allow":["GET"]}}],"collection":[{"href":"https:\/\/wordpress.nibis.de\/gswarmsen\/wp-json\/wp\/v2\/pages"}],"about":[{"href":"https:\/\/wordpress.nibis.de\/gswarmsen\/wp-json\/wp\/v2\/types\/page"}],"author":[{"embeddable":true,"href":"https:\/\/wordpress.nibis.de\/gswarmsen\/wp-json\/wp\/v2\/users\/9192574"}],"replies":[{"embeddable":true,"href":"https:\/\/wordpress.nibis.de\/gswarmsen\/wp-json\/wp\/v2\/comments?post=284"}],"version-history":[{"count":2,"href":"https:\/\/wordpress.nibis.de\/gswarmsen\/wp-json\/wp\/v2\/pages\/284\/revisions"}],"predecessor-version":[{"id":2112,"href":"https:\/\/wordpress.nibis.de\/gswarmsen\/wp-json\/wp\/v2\/pages\/284\/revisions\/2112"}],"wp:attachment":[{"href":"https:\/\/wordpress.nibis.de\/gswarmsen\/wp-json\/wp\/v2\/media?parent=284"}],"curies":[{"name":"wp","href":"https:\/\/api.w.org\/{rel}","templated":true}]}}