{"id":29,"date":"2018-10-10T18:25:31","date_gmt":"2018-10-10T16:25:31","guid":{"rendered":"http:\/\/wordpress.nibis.de\/gswarmsen\/?page_id=29"},"modified":"2023-09-25T10:34:21","modified_gmt":"2023-09-25T08:34:21","slug":"grundschule-warmsen","status":"publish","type":"page","link":"https:\/\/wordpress.nibis.de\/gswarmsen\/grundschule-warmsen\/","title":{"rendered":"Grundschule Warmsen"},"content":{"rendered":"<div id=\"nolis_content_heading\">\n<h2>Grundschule Warmsen<\/h2>\n<div id=\"nolis_content_site\">\n<p>Die Grundschule Warmsen liegt im Landkreis Nienburg in Niedersachsen.<br \/>\nDas Dorf Warmsen geh\u00f6rt zur Samtgemeinde Uchte im S\u00fcdosten des Oldenburgischen M\u00fcnsterlandes, ca. 8 km von der Grenze Nordrhein-Westfalens entfernt.<\/p>\n<p>Der Schultr\u00e4ger ist die Samtgemeinde Uchte (<a title=\"Samtgemeinde Uchte (http:\/\/www.sg-uchte.de)\" href=\"http:\/\/www.gs-warmsen.de\/internet\/page.php?naviID=2698&amp;site=989&amp;brotID=2698&amp;typ=2&amp;rubrik=421#\">www.sg-uchte.de<\/a>).<\/p>\n<p>Wir sind eine offene Ganztagsgrundschule, d.h. die Kinder k\u00f6nnen grunds\u00e4tzlich t\u00e4glich in der Regel von 8.00 Uhr bis 13.25 Uhr gem\u00e4\u00df den Regularien der \u201eVerl\u00e4sslichen Grundschule\u201c betreut werden. Eine Ganztagsbetreuung findet mit einem warmen Mittagessen und verschiedenen Angeboten bis 15:40 Uhr bzw. freitags bis 14:00 Uhr statt, an dem die Kinder halbj\u00e4hrlich wochentagweise oder an allen f\u00fcnf Schultagen freiwillig angemeldet werden k\u00f6nnen.<\/p>\n<p>Aktuell und wohl auch in den n\u00e4chsten Jahren werden etwa 120 Sch\u00fclerinnen und Sch\u00fcler in 6 bzw. 7 Klassen von 6 Lehrerinnen und 2 Lehrern unterrichtet. Au\u00dferdem gibt es vier p\u00e4dagogische Mitarbeiterinnen, eine Sekret\u00e4rin und einen Schulhausmeister. In Notsituationen werden wir von anderen Schulen durch Abordnungen unterst\u00fctzt. Ebenso kann es geboten sein, dass unsere Lehrkr\u00e4fte andere Schulen mit Abordnungen unterst\u00fctzen<\/p>\n<p>Ziel der Schule &#8211; neben gutem Unterricht und F\u00f6rderung der\/des Einzelnen &#8211; ist es, Lebensraum f\u00fcr alle zu sein und eine ganzheitliche und damit auch gesunde Erziehung f\u00fcr alle anzustreben.<\/p>\n<p>In diesem Bem\u00fchen werden wir au\u00dferdem noch von ehrenamtlichen Mitarbeitern und Mitarbeiterinnen unterst\u00fctzt, die als Lernpaten, AG-Leitungen und Betreuungsunterst\u00fctzer arbeiten.<\/p>\n<\/div>\n<\/div>\n","protected":false},"excerpt":{"rendered":"<p>Grundschule Warmsen Die Grundschule Warmsen liegt im Landkreis Nienburg in Niedersachsen. Das Dorf Warmsen geh\u00f6rt zur Samtgemeinde Uchte im S\u00fcdosten des Oldenburgischen M\u00fcnsterlandes, ca. 8 km von der Grenze Nordrhein-Westfalens entfernt. Der Schultr\u00e4ger ist die Samtgemeinde Uchte (www.sg-uchte.de). Wir sind &hellip; <a href=\"https:\/\/wordpress.nibis.de\/gswarmsen\/grundschule-warmsen\/\">Weiterlesen <span class=\"meta-nav\">&rarr;<\/span><\/a><\/p>\n","protected":false},"author":9192574,"featured_media":0,"parent":0,"menu_order":0,"comment_status":"closed","ping_status":"closed","template":"","meta":{"footnotes":""},"class_list":["post-29","page","type-page","status-publish","hentry"],"_links":{"self":[{"href":"https:\/\/wordpress.nibis.de\/gswarmsen\/wp-json\/wp\/v2\/pages\/29","targetHints":{"allow":["GET"]}}],"collection":[{"href":"https:\/\/wordpress.nibis.de\/gswarmsen\/wp-json\/wp\/v2\/pages"}],"about":[{"href":"https:\/\/wordpress.nibis.de\/gswarmsen\/wp-json\/wp\/v2\/types\/page"}],"author":[{"embeddable":true,"href":"https:\/\/wordpress.nibis.de\/gswarmsen\/wp-json\/wp\/v2\/users\/9192574"}],"replies":[{"embeddable":true,"href":"https:\/\/wordpress.nibis.de\/gswarmsen\/wp-json\/wp\/v2\/comments?post=29"}],"version-history":[{"count":2,"href":"https:\/\/wordpress.nibis.de\/gswarmsen\/wp-json\/wp\/v2\/pages\/29\/revisions"}],"predecessor-version":[{"id":2341,"href":"https:\/\/wordpress.nibis.de\/gswarmsen\/wp-json\/wp\/v2\/pages\/29\/revisions\/2341"}],"wp:attachment":[{"href":"https:\/\/wordpress.nibis.de\/gswarmsen\/wp-json\/wp\/v2\/media?parent=29"}],"curies":[{"name":"wp","href":"https:\/\/api.w.org\/{rel}","templated":true}]}}