{"id":31,"date":"2018-10-09T13:52:34","date_gmt":"2018-10-09T11:52:34","guid":{"rendered":"http:\/\/wordpress.nibis.de\/gswarmsen\/?page_id=31"},"modified":"2018-10-11T20:09:44","modified_gmt":"2018-10-11T18:09:44","slug":"geschichte-der-grundschule-warmsen","status":"publish","type":"page","link":"https:\/\/wordpress.nibis.de\/gswarmsen\/geschichte-der-grundschule-warmsen\/","title":{"rendered":"Geschichte der Grundschule Warmsen"},"content":{"rendered":"<h2>Geschichte der Grundschule Warmsen<\/h2>\n<div id=\"nolis_content_site\">\n<p>Die Geschichte der Warmser Schule Die erste Schule in Warmsen wurde nachweislich 1651 gegr\u00fcndet.<br \/>\nDie Warmser Kinder konnten also drei Jahre nach dem Drei\u00dfigj\u00e4hrigen Krieg zur Schule gehen, wo sie haupts\u00e4chlich Gebete, Psalmen und Ges\u00e4nge lernten und au\u00dferdem \u201eetwas&#8220; Lesen und Schreiben. Unterrichtet wurde damals nur im Winter, wahrscheinlich war der K\u00fcster der Lehrer.<\/p>\n<p>Erst 1677 wurde ein Kantor angestellt, der gleichzeitig auch Schulmeister war. Die Schule war nicht in einem eigenen Schulhaus untergebracht sondern in einem angemieteten Raum. Die hohe Kinderzahl veranlasste die Gemeinde im Jahre 1806 eine zweite Schulstube im K\u00fcsterhaus anzulegen.<\/p>\n<p>1903 wurde dann die dritte Schule in Warmsen gebaut.<\/p>\n<p>Im Jahre 1908 besuchten bereits 214 Kinder die Warmser Schule, aufgeteilt in vier Klassen mit 37 bis 70 Sch\u00fclern.<\/p>\n<p>1953 wurde dann ein neues Schulhaus mit vier Klassenr\u00e4umen und ein Lehrerhaus mit zwei Wohnungen gebaut. Alle Familien in der Gemeinde leisteten Hand- und Spanndienste beim Abriss der alten Schule und beim Neubau. Es wurde entweder ein Gespann (Pferd und Wagen) gestellt, oder ein bis zwei Mann halfen auf der Baustelle. Schon 20 Jahre sp\u00e4ter war die Schule wieder zu klein.<\/p>\n<p>1961 begann man damit, die Schule um drei auf sieben Klassenzimmer zu erweitern. Die Warmser Schule wurde 1963 zur Mittelpunktschule ausgebaut. Zun\u00e4chst kamen die Sch\u00fcler ab Klasse 5 aus den Orten Gro\u00dfenv\u00f6rde, Schamerloh, Haselhorn, Hausk\u00e4mpen und Br\u00fcninghorstedt nach Warmsen.<\/p>\n<p>1974 wurde die Orientierungsstufe in Uchte gegr\u00fcndet und die Schule in Warmsen wurde zur Grundschule f\u00fcr die Jahrg\u00e4nge 1 bis 4.<\/p>\n<p>2002 wurde die &#8222;Verl\u00e4ssliche Grundschule&#8220; eingef\u00fchrt. Die Kinder erhalten ein Unterrichts- und Betreuungsangebot von mindestens 5 Zeitstunden.<\/p>\n<p>2013 begann mit der Jahrgangsstufe &#8222;1&#8220; die Umsetzung zur inklusiven Schule. Gleichzeitig konnte zum Oktober 2013 nach zweij\u00e4hriger Planungs- und Bauphase die Grundschule Warmsen als offene Ganztagsgrundschule ihr Unterrichts- und Betreuungskonzept umsetzen.<\/p>\n<p>Interessantes aus der Historie:<\/p>\n<p>Um 1800 zog der Lehrer noch das Schulgeld ein und erhielt au\u00dferdem Naturalien f\u00fcr seine geleisteten Dienste in der Schule oder Kirche. Erst im Jahre 1888 \u00fcbernahm die Regierung die Besoldung der Lehrer.<br \/>\nSeit 1895 gab es Turnunterricht in Warmsen. Es sollten w\u00f6chentlich ein oder zwei Stunden Frei\u00fcbungen veranstaltet werden<br \/>\n1899 wurde in der Schule erstmals eine Sch\u00fclerbibliothek mit 53 B\u00e4nden eingerichtet<br \/>\nAb dem Jahre 1900 musste jede Schule ein Strafverzeichnis f\u00fchren, in das jede k\u00f6rperliche Z\u00fcchtigung eingetragen werden sollte.<br \/>\nErst 1963 wurden Jahrgangsklassen gebildet. Vorher waren stets die Sch\u00fcler mehrerer Jahrg\u00e4nge zu einer Klasse zusammengefasst.<\/p>\n<\/div>\n","protected":false},"excerpt":{"rendered":"<p>Geschichte der Grundschule Warmsen Die Geschichte der Warmser Schule Die erste Schule in Warmsen wurde nachweislich 1651 gegr\u00fcndet. Die Warmser Kinder konnten also drei Jahre nach dem Drei\u00dfigj\u00e4hrigen Krieg zur Schule gehen, wo sie haupts\u00e4chlich Gebete, Psalmen und Ges\u00e4nge lernten &hellip; <a href=\"https:\/\/wordpress.nibis.de\/gswarmsen\/geschichte-der-grundschule-warmsen\/\">Weiterlesen <span class=\"meta-nav\">&rarr;<\/span><\/a><\/p>\n","protected":false},"author":9192574,"featured_media":0,"parent":0,"menu_order":0,"comment_status":"closed","ping_status":"closed","template":"","meta":{"footnotes":""},"class_list":["post-31","page","type-page","status-publish","hentry"],"_links":{"self":[{"href":"https:\/\/wordpress.nibis.de\/gswarmsen\/wp-json\/wp\/v2\/pages\/31","targetHints":{"allow":["GET"]}}],"collection":[{"href":"https:\/\/wordpress.nibis.de\/gswarmsen\/wp-json\/wp\/v2\/pages"}],"about":[{"href":"https:\/\/wordpress.nibis.de\/gswarmsen\/wp-json\/wp\/v2\/types\/page"}],"author":[{"embeddable":true,"href":"https:\/\/wordpress.nibis.de\/gswarmsen\/wp-json\/wp\/v2\/users\/9192574"}],"replies":[{"embeddable":true,"href":"https:\/\/wordpress.nibis.de\/gswarmsen\/wp-json\/wp\/v2\/comments?post=31"}],"version-history":[{"count":1,"href":"https:\/\/wordpress.nibis.de\/gswarmsen\/wp-json\/wp\/v2\/pages\/31\/revisions"}],"predecessor-version":[{"id":32,"href":"https:\/\/wordpress.nibis.de\/gswarmsen\/wp-json\/wp\/v2\/pages\/31\/revisions\/32"}],"wp:attachment":[{"href":"https:\/\/wordpress.nibis.de\/gswarmsen\/wp-json\/wp\/v2\/media?parent=31"}],"curies":[{"name":"wp","href":"https:\/\/api.w.org\/{rel}","templated":true}]}}