{"id":33,"date":"2022-08-01T13:54:26","date_gmt":"2022-08-01T11:54:26","guid":{"rendered":"http:\/\/wordpress.nibis.de\/gswarmsen\/?page_id=33"},"modified":"2026-04-09T10:41:40","modified_gmt":"2026-04-09T08:41:40","slug":"das-team-der-grundschule-warmsen","status":"publish","type":"page","link":"https:\/\/wordpress.nibis.de\/gswarmsen\/das-team-der-grundschule-warmsen\/","title":{"rendered":"Das Team der Grundschule Warmsen"},"content":{"rendered":"<p>In unserer Schule k\u00f6nnen sie viele Erwachsene treffen.<\/p>\n<p>Unsere Lehrkr\u00e4fte:<br \/>J\u00f6rn Oltmanns (Rektor)<br \/>Jessika Heile<br \/>Mara Kadach<br \/>Claudia Krause<br \/>Andrea Kruse<br \/>Christoph Schlifke<br \/>Tanja Wohl<br \/>Maria Dreyer (Sonderp\u00e4dagogische Grundversorgung)<\/p>\n<p>P\u00e4dagogische Mitarbeiterinnen:<br \/>Anja B\u00f6deker<br \/>Marion Lampe<br \/>Sibylle Roders-Krause<br \/>Michaela Sievers<\/p>\n<p>Anne Meier ist f\u00fcr dieses Schuljahr im Zuge des Bundesfreiwilligendienstes an unserer Schule und unterst\u00fctzt uns w\u00e4hrend des gesamten Ganztags.<br \/>Nat\u00fcrlich sind noch unsere Sekret\u00e4rin Frau B\u00f6deker und unser Hausmeister Herr Reinert im Haus.<br \/>Im Ganztag helfen uns bei der Essensausgabe und in der K\u00fcche Frau K\u00f6nemann und Frau Tiemann.<br \/>Nachmittags sorgt f\u00fcr Frau Zurheide f\u00fcr Ordnung und Sauberkeit.<\/p>\n<p>Zus\u00e4tzlich haben wir f\u00fcr die AGs noch:<br \/>Frau Heineking Frau Kauls leiten die AG &#8222;Doppelkopf&#8220;.<br \/>Herr Kruse k\u00fcmmert sich um die AG &#8222;Schach&#8220;.<br \/>F\u00fcr die Kindergarten-AG arbeiten wir mit wechselnden Kolleginnen zusammen.<\/p>\n<p>Beim Lesen und Lernen werden die Kinder von Frau Schnitker und Frau Obensiek begleitet.<\/p>\n<p>Im Ganztagsbereich ist Frau Schmidt Bollhorst (Verein Sport und Gesundheit und Musikverein Warmsen) dabei.<\/p>\n<p>Und immer wieder werden wir als Schule im Dorf von Privatpersonen und Vereinen unterst\u00fctzt.<\/p>\n<p>Daf\u00fcr ein DICKES DANKESCH\u00d6N<\/p>\n\n","protected":false},"excerpt":{"rendered":"<p>In unserer Schule k\u00f6nnen sie viele Erwachsene treffen. Unsere Lehrkr\u00e4fte:J\u00f6rn Oltmanns (Rektor)Jessika HeileMara KadachClaudia KrauseAndrea KruseChristoph SchlifkeTanja WohlMaria Dreyer (Sonderp\u00e4dagogische Grundversorgung) P\u00e4dagogische Mitarbeiterinnen:Anja B\u00f6dekerMarion LampeSibylle Roders-KrauseMichaela Sievers Anne Meier ist f\u00fcr dieses Schuljahr im Zuge des Bundesfreiwilligendienstes an unserer Schule &hellip; <a href=\"https:\/\/wordpress.nibis.de\/gswarmsen\/das-team-der-grundschule-warmsen\/\">Weiterlesen <span class=\"meta-nav\">&rarr;<\/span><\/a><\/p>\n","protected":false},"author":9192574,"featured_media":0,"parent":0,"menu_order":0,"comment_status":"closed","ping_status":"closed","template":"","meta":{"footnotes":""},"class_list":["post-33","page","type-page","status-publish","hentry"],"_links":{"self":[{"href":"https:\/\/wordpress.nibis.de\/gswarmsen\/wp-json\/wp\/v2\/pages\/33","targetHints":{"allow":["GET"]}}],"collection":[{"href":"https:\/\/wordpress.nibis.de\/gswarmsen\/wp-json\/wp\/v2\/pages"}],"about":[{"href":"https:\/\/wordpress.nibis.de\/gswarmsen\/wp-json\/wp\/v2\/types\/page"}],"author":[{"embeddable":true,"href":"https:\/\/wordpress.nibis.de\/gswarmsen\/wp-json\/wp\/v2\/users\/9192574"}],"replies":[{"embeddable":true,"href":"https:\/\/wordpress.nibis.de\/gswarmsen\/wp-json\/wp\/v2\/comments?post=33"}],"version-history":[{"count":27,"href":"https:\/\/wordpress.nibis.de\/gswarmsen\/wp-json\/wp\/v2\/pages\/33\/revisions"}],"predecessor-version":[{"id":2650,"href":"https:\/\/wordpress.nibis.de\/gswarmsen\/wp-json\/wp\/v2\/pages\/33\/revisions\/2650"}],"wp:attachment":[{"href":"https:\/\/wordpress.nibis.de\/gswarmsen\/wp-json\/wp\/v2\/media?parent=33"}],"curies":[{"name":"wp","href":"https:\/\/api.w.org\/{rel}","templated":true}]}}