{"id":347,"date":"2019-03-10T11:44:36","date_gmt":"2019-03-10T10:44:36","guid":{"rendered":"https:\/\/wordpress.nibis.de\/gswarmsen\/?page_id=347"},"modified":"2019-03-10T11:44:36","modified_gmt":"2019-03-10T10:44:36","slug":"fuer-kinder","status":"publish","type":"page","link":"https:\/\/wordpress.nibis.de\/gswarmsen\/fuer-kinder\/","title":{"rendered":"F\u00fcr Kinder"},"content":{"rendered":"\n<p>Hallo liebe Kinder,<\/p>\n\n\n\n<p>ihr seid im Internet auf der Suche nach unserer Homepage auf diese Seite gesto\u00dfen.<\/p>\n\n\n\n<p>Wir m\u00f6chten hier alles sammeln, was unsere Schule betrifft und f\u00fcr euch interessant sein k\u00f6nnte.<\/p>\n\n\n\n<p>Schaut euch die Internetseiten an und sagt uns, welche f\u00fcr euch \nbesonders sch\u00f6n sind oder auch, welche ihr doof findet. Bestimmt habt \nihr auch noch andere Seiten, die wir hier einstellen k\u00f6nnten?<br>Sagt uns Bescheid!<\/p>\n\n\n\n<p>Eure Lehrerinnen und Lehrer<\/p>\n","protected":false},"excerpt":{"rendered":"<p>Hallo liebe Kinder, ihr seid im Internet auf der Suche nach unserer Homepage auf diese Seite gesto\u00dfen. Wir m\u00f6chten hier alles sammeln, was unsere Schule betrifft und f\u00fcr euch interessant sein k\u00f6nnte. Schaut euch die Internetseiten an und sagt uns, &hellip; <a href=\"https:\/\/wordpress.nibis.de\/gswarmsen\/fuer-kinder\/\">Weiterlesen <span class=\"meta-nav\">&rarr;<\/span><\/a><\/p>\n","protected":false},"author":9192574,"featured_media":0,"parent":0,"menu_order":0,"comment_status":"closed","ping_status":"closed","template":"","meta":{"footnotes":""},"class_list":["post-347","page","type-page","status-publish","hentry"],"_links":{"self":[{"href":"https:\/\/wordpress.nibis.de\/gswarmsen\/wp-json\/wp\/v2\/pages\/347","targetHints":{"allow":["GET"]}}],"collection":[{"href":"https:\/\/wordpress.nibis.de\/gswarmsen\/wp-json\/wp\/v2\/pages"}],"about":[{"href":"https:\/\/wordpress.nibis.de\/gswarmsen\/wp-json\/wp\/v2\/types\/page"}],"author":[{"embeddable":true,"href":"https:\/\/wordpress.nibis.de\/gswarmsen\/wp-json\/wp\/v2\/users\/9192574"}],"replies":[{"embeddable":true,"href":"https:\/\/wordpress.nibis.de\/gswarmsen\/wp-json\/wp\/v2\/comments?post=347"}],"version-history":[{"count":1,"href":"https:\/\/wordpress.nibis.de\/gswarmsen\/wp-json\/wp\/v2\/pages\/347\/revisions"}],"predecessor-version":[{"id":348,"href":"https:\/\/wordpress.nibis.de\/gswarmsen\/wp-json\/wp\/v2\/pages\/347\/revisions\/348"}],"wp:attachment":[{"href":"https:\/\/wordpress.nibis.de\/gswarmsen\/wp-json\/wp\/v2\/media?parent=347"}],"curies":[{"name":"wp","href":"https:\/\/api.w.org\/{rel}","templated":true}]}}