{"id":37,"date":"2022-10-01T14:08:51","date_gmt":"2022-10-01T12:08:51","guid":{"rendered":"http:\/\/wordpress.nibis.de\/gswarmsen\/?page_id=37"},"modified":"2026-04-08T18:54:47","modified_gmt":"2026-04-08T16:54:47","slug":"gesamtkonferenz","status":"publish","type":"page","link":"https:\/\/wordpress.nibis.de\/gswarmsen\/gesamtkonferenz\/","title":{"rendered":"Gesamtkonferenz"},"content":{"rendered":"<p><strong>Mitglieder der Gesamtkonferenz (und deren Vertretung):<\/strong><\/p>\n<p>Lehrkr\u00e4fte, P\u00e4dagogische Mitarbeiterinnen, Sekret\u00e4rin und Hausmeister.<\/p>\n<p><strong>Als Elternvertrerer\/innen (und deren Vertreter\/innen) f\u00fcr das aktuelle Schuljahr:<\/strong><\/p>\n<p>1) Yvonne Hormann (Claudia Schulenburg)<br \/>\n2) Nina Segelhorst (Cord Siebert)<br \/>\n3) Annika Reckweg (Nadine Stollberg)<br \/>\n4) Carolin T\u00f6lle (Mona Borgmann)<\/p>\n","protected":false},"excerpt":{"rendered":"<p>Mitglieder der Gesamtkonferenz (und deren Vertretung): Lehrkr\u00e4fte, P\u00e4dagogische Mitarbeiterinnen, Sekret\u00e4rin und Hausmeister. Als Elternvertrerer\/innen (und deren Vertreter\/innen) f\u00fcr das aktuelle Schuljahr: 1) Yvonne Hormann (Claudia Schulenburg) 2) Nina Segelhorst (Cord Siebert) 3) Annika Reckweg (Nadine Stollberg) 4) Carolin T\u00f6lle (Mona &hellip; <a href=\"https:\/\/wordpress.nibis.de\/gswarmsen\/gesamtkonferenz\/\">Weiterlesen <span class=\"meta-nav\">&rarr;<\/span><\/a><\/p>\n","protected":false},"author":9192574,"featured_media":0,"parent":0,"menu_order":0,"comment_status":"closed","ping_status":"closed","template":"","meta":{"footnotes":""},"class_list":["post-37","page","type-page","status-publish","hentry"],"_links":{"self":[{"href":"https:\/\/wordpress.nibis.de\/gswarmsen\/wp-json\/wp\/v2\/pages\/37","targetHints":{"allow":["GET"]}}],"collection":[{"href":"https:\/\/wordpress.nibis.de\/gswarmsen\/wp-json\/wp\/v2\/pages"}],"about":[{"href":"https:\/\/wordpress.nibis.de\/gswarmsen\/wp-json\/wp\/v2\/types\/page"}],"author":[{"embeddable":true,"href":"https:\/\/wordpress.nibis.de\/gswarmsen\/wp-json\/wp\/v2\/users\/9192574"}],"replies":[{"embeddable":true,"href":"https:\/\/wordpress.nibis.de\/gswarmsen\/wp-json\/wp\/v2\/comments?post=37"}],"version-history":[{"count":8,"href":"https:\/\/wordpress.nibis.de\/gswarmsen\/wp-json\/wp\/v2\/pages\/37\/revisions"}],"predecessor-version":[{"id":2625,"href":"https:\/\/wordpress.nibis.de\/gswarmsen\/wp-json\/wp\/v2\/pages\/37\/revisions\/2625"}],"wp:attachment":[{"href":"https:\/\/wordpress.nibis.de\/gswarmsen\/wp-json\/wp\/v2\/media?parent=37"}],"curies":[{"name":"wp","href":"https:\/\/api.w.org\/{rel}","templated":true}]}}